{"id":337429,"date":"2024-04-30T15:38:06","date_gmt":"2024-04-30T14:41:07","guid":{"rendered":"https:\/\/www.moskito.cz\/produkt\/couteau-de-tir-microtech-combat-troodon-1142-1t\/"},"modified":"2025-05-07T11:13:43","modified_gmt":"2025-05-07T10:13:43","slug":"couteau-de-tir-microtech-combat-troodon-1142-1t","status":"publish","type":"product","link":"https:\/\/www.moskito.cz\/fr\/produkt\/couteau-de-tir-microtech-combat-troodon-1142-1t\/","title":{"rendered":"Couteau de tir Microtech Combat Troodon 1142-1T"},"content":{"rendered":"<p>Couteau de tir <strong>Microtech<\/strong> Combat Troodon 1142-1T.<\/p>\n<p><strong>Le Combat Troodon<\/strong> D\/E Gen 3 Tactical Black Aluminum, Black est le plus grand couteau automatique OTF (Out The Front) de la s\u00e9rie Troodon, con\u00e7u pour une large gamme d&rsquo;applications utilitaires. Il est con\u00e7u avec pr\u00e9cision et dispose d&rsquo;un m\u00e9canisme sophistiqu\u00e9 et incroyablement rapide qui \u00e9tend la lame tranchante comme un rasoir. 100 % fabriqu\u00e9 et assembl\u00e9 aux \u00c9tats-Unis. Con\u00e7u par Anthony Marfione, coutelier et propri\u00e9taire de Microtech Knives.<\/p>\n<p><strong>Combat Troodon<\/strong> OTF Line &#8211; Troodon signifie \u00ab dent bless\u00e9e \u00bb en grec. Bien que le nom ait \u00e9t\u00e9 donn\u00e9 pour la premi\u00e8re fois au dinosaure ressemblant \u00e0 un Raptor, il convient \u00e9galement au grand couteau OTF de Microtech, con\u00e7u pour une vari\u00e9t\u00e9 d&rsquo;utilisations et le combat rapproch\u00e9. Le couteau automatique \u00e0 double action (D\/A) est un OTF populaire parmi les forces de l&rsquo;ordre, l&rsquo;arm\u00e9e am\u00e9ricaine et le personnel d&rsquo;urgence. Sa construction robuste rend le Combat Troodon\u00ae adapt\u00e9 \u00e0 un usage intensif, et les avantages de l&rsquo;automatique Out The Front en font \u00e9galement un excellent couteau \u00e0 transporter au quotidien.<\/p>\n<p>M390MK &#8211; une collaboration entre les ing\u00e9nieurs de Microtech et B\u00f6hler a abouti \u00e0 une version exclusive de l&rsquo;acier M390 con\u00e7ue sp\u00e9cialement pour Microtech. La teneur en carbone a \u00e9t\u00e9 augment\u00e9e et soumise \u00e0 une \u00e9tude plus d\u00e9taill\u00e9e, am\u00e9liorant les propri\u00e9t\u00e9s de l&rsquo;acier M390 pour offrir une meilleure r\u00e9tention des bords, une meilleure r\u00e9sistance \u00e0 la corrosion et une meilleure aptitude au polissage. Acier chrom\u00e9 martensitique \u00e0 hautes performances obtenu par m\u00e9tallurgie des poudres. Gr\u00e2ce \u00e0 son concept d&rsquo;alliage, il pr\u00e9sente une r\u00e9sistance \u00e0 l&rsquo;usure extr\u00eamement \u00e9lev\u00e9e et une r\u00e9sistance \u00e9lev\u00e9e \u00e0 la corrosion. En raison de sa haute r\u00e9sistance \u00e0 l&rsquo;usure, il maintient ad\u00e9quatement la forme de la lame, de sorte que la lame reste tranchante tr\u00e8s longtemps (n\u00e9cessite un entretien minimal). Un autre avantage est la r\u00e9sistance \u00e0 la formation de \u00ab fil \u00bb lors de l\u2019aff\u00fbtage. L&rsquo;acier a une teneur \u00e9lev\u00e9e en chrome 19,0 % (Cr) dop\u00e9 avec 1,95 % de carbone (C), vanadium 4,0 % (V) et est durci \u00e0 59-61 HRC. Ce super acier est comparable aux aciers CPM 20CV ou CTS-204P de Carpenter. Fabricant B\u00f6hler Edelstahl \u00e0 Kapfenberg, Autriche.<\/p>\n<p>Lame &#8211; aff\u00fbt\u00e9e \u00e0 la machine, \u00e0 double tranchant de type D\/E (Double Edge Dagger), rev\u00eatement noir. La lame a \u00e9t\u00e9 fabriqu\u00e9e avec une \u00e9mouture plate \u00e9lev\u00e9e (Flat Grind), qui offre d&rsquo;excellentes propri\u00e9t\u00e9s de coupe. Gr\u00e2ce \u00e0 cela, le couteau poss\u00e8de d&rsquo;excellentes propri\u00e9t\u00e9s de p\u00e9n\u00e9tration tout en conservant sa r\u00e9sistance. Le grain situ\u00e9 au centre renforce encore la lame. Le solide m\u00e9canisme d&rsquo;extension\/r\u00e9traction de la lame avec le Thumb Slide moul\u00e9, un coulisseau de pouce \u00e9tag\u00e9, n\u00e9cessite l&rsquo;utilisation d&rsquo;une force sp\u00e9cifique pour vaincre la r\u00e9sistance du ressort pour des raisons de s\u00e9curit\u00e9. La m\u00e9thode d&rsquo;ouverture garantit une ouverture sans probl\u00e8me pour les droitiers comme pour les gauchers.<\/p>\n<p>Poign\u00e9e &#8211; fabriqu\u00e9e avec une excellente pr\u00e9cision en technologie 3D sur des fraiseuses CNC, en aluminium 6061-T6 anodis\u00e9 noir avec rev\u00eatement Mil-Spec. La texture de la surface du manche et les encoches profondes (jimping) garantissent que le couteau ne glisse pas dans la main pendant l&rsquo;utilisation. Le profil fin et le clip de transport profond fixe frais\u00e9 \u00e0 deux positions (droite\/gauche) permettent de transporter discr\u00e8tement le couteau dans une poche, en position pointe vers le bas (lame pointe vers le bas). Le clip porte le logo Microtech, le num\u00e9ro de s\u00e9rie et la date de fabrication. Le manche est termin\u00e9 par un brise-verre, un triangle en acier massif dans lequel est enfonc\u00e9e une bille en carbure de tungst\u00e8ne. Il poss\u00e8de \u00e9galement une ouverture pour tisser un cordon d\u00e9coratif.<\/p>\n<p>Donn\u00e9es techniques:<br \/>\nNum\u00e9ro de produit : 1142-1T<br \/>\nNom du produit : Combat Troodon D\/E Gen 3 Tactique Noir Aluminium, Noir<\/p>\n<p>Longueur totale : 24,13 cm<br \/>\nLongueur de la lame : 9,65 cm<br \/>\n\u00c9paisseur de la lame : 0,33 cm<br \/>\nLongueur du manche : 14,6 cm<br \/>\n\u00c9paisseur du manche : 1,50 cm<br \/>\nPoids&nbsp;: 150,0 g \/ 5,3 oz<\/p>\n<p>Mat\u00e9riau de la lame : B\u00f6hler M390MK<br \/>\nDuret\u00e9 de la lame&nbsp;: n.d<br \/>\nMeulage de la lame&nbsp;:&nbsp;Plat<br \/>\nFinition de la lame&nbsp;: Rev\u00eatement noir<\/p>\n<p>Mat\u00e9riau du manche : aluminium 6061-T6<br \/>\nCouleur finition poign\u00e9e : Noir<br \/>\nMat\u00e9riau de l&rsquo;espaceur arri\u00e8re&nbsp;: aluminium 6061-T6<br \/>\nCouleur de l&rsquo;espaceur arri\u00e8re&nbsp;: noir<\/p>\n<p>Clip&nbsp;: droite\/gauche, inclinaison vers le bas<br \/>\nMat\u00e9riau du clip : Acier inoxydable<\/p>\n<p>M\u00e9canisme de rotation&nbsp;: n.d<br \/>\nM\u00e9canisme de verrouillage&nbsp;: Slide Lock<br \/>\nM\u00e9thode d&rsquo;ouverture : automatique, pousser\/tirer le pouce coulissant.<br \/>\nAutres accessoires : aucun<\/p>\n<p>Cr\u00e9ateur : Tony Marfione<br \/>\nMarque : Microtech Knives<br \/>\nFabricant : Couteaux Microtech<br \/>\nPays d&rsquo;origine : \u00c9tats-Unis<\/p>\n<p><iframe title=\"Microtech Combat Troodon Torture Test\" width=\"800\" height=\"450\" src=\"https:\/\/www.youtube.com\/embed\/xE9TeOFYEjg?feature=oembed\" frameborder=\"0\" allow=\"accelerometer; autoplay; clipboard-write; encrypted-media; gyroscope; picture-in-picture; web-share\" referrerpolicy=\"strict-origin-when-cross-origin\" allowfullscreen><\/iframe><\/p>\n<p>&nbsp;<\/p>\n<p>&nbsp;<\/p>\n","protected":false},"excerpt":{"rendered":"<div class=\"elementor-element elementor-element-bbb542b elementor-widget elementor-widget-woocommerce-product-short-description\" data-id=\"bbb542b\" data-element_type=\"widget\" data-widget_type=\"woocommerce-product-short-description.default\">\n<div class=\"elementor-widget-container\">\n<div class=\"woocommerce-product-details__short-description\">\n<p>Au fil des ann\u00e9es, Microtech\u00ae Knives a rempli les couteaux de passion et de savoir-faire pour cr\u00e9er presque des \u0153uvres d&rsquo;art qui sont le summum de la fonctionnalit\u00e9. Toutes les pi\u00e8ces sont fabriqu\u00e9es aux \u00c9tats-Unis.<br \/>\n<strong>Tous les couteaux Microtech sont garantis \u00e0 vie.<\/strong><\/p>\n<p><strong>Transports gratuits.<\/strong><\/p>\n<\/div>\n<\/div>\n<\/div>\n","protected":false},"featured_media":337383,"comment_status":"open","ping_status":"closed","template":"","meta":[],"pwb-brand":[3751],"product_brand":[],"product_cat":[3699,3696],"product_tag":[3754],"class_list":{"0":"post-337429","1":"product","2":"type-product","3":"status-publish","4":"has-post-thumbnail","6":"pwb-brand-microtechnologie","7":"product_cat-couteaux-de-tir","8":"product_cat-des-couteaux","9":"product_tag-b2b-fr","11":"first","12":"outofstock","13":"taxable","14":"shipping-taxable","15":"purchasable","16":"product-type-simple"},"brands":[{"id":3751,"name":"Microtechnologie","slug":"microtechnologie"}],"_links":{"self":[{"href":"https:\/\/www.moskito.cz\/fr\/wp-json\/wp\/v2\/product\/337429","targetHints":{"allow":["GET"]}}],"collection":[{"href":"https:\/\/www.moskito.cz\/fr\/wp-json\/wp\/v2\/product"}],"about":[{"href":"https:\/\/www.moskito.cz\/fr\/wp-json\/wp\/v2\/types\/product"}],"replies":[{"embeddable":true,"href":"https:\/\/www.moskito.cz\/fr\/wp-json\/wp\/v2\/comments?post=337429"}],"wp:featuredmedia":[{"embeddable":true,"href":"https:\/\/www.moskito.cz\/fr\/wp-json\/wp\/v2\/media\/337383"}],"wp:attachment":[{"href":"https:\/\/www.moskito.cz\/fr\/wp-json\/wp\/v2\/media?parent=337429"}],"wp:term":[{"taxonomy":"pwb-brand","embeddable":true,"href":"https:\/\/www.moskito.cz\/fr\/wp-json\/wp\/v2\/pwb-brand?post=337429"},{"taxonomy":"product_brand","embeddable":true,"href":"https:\/\/www.moskito.cz\/fr\/wp-json\/wp\/v2\/product_brand?post=337429"},{"taxonomy":"product_cat","embeddable":true,"href":"https:\/\/www.moskito.cz\/fr\/wp-json\/wp\/v2\/product_cat?post=337429"},{"taxonomy":"product_tag","embeddable":true,"href":"https:\/\/www.moskito.cz\/fr\/wp-json\/wp\/v2\/product_tag?post=337429"}],"curies":[{"name":"wp","href":"https:\/\/api.w.org\/{rel}","templated":true}]}}