{"id":337537,"date":"2024-04-30T19:04:25","date_gmt":"2024-04-30T18:06:18","guid":{"rendered":"https:\/\/www.moskito.cz\/produkt\/couteau-fixe-crkt-bear-claw-2511\/"},"modified":"2025-05-07T11:13:49","modified_gmt":"2025-05-07T10:13:49","slug":"couteau-fixe-crkt-bear-claw-2511","status":"publish","type":"product","link":"https:\/\/www.moskito.cz\/fr\/produkt\/couteau-fixe-crkt-bear-claw-2511\/","title":{"rendered":"Couteau Fixe CRKT Bear Claw 2511"},"content":{"rendered":"<p>Couteau fixe <strong>CRKT<\/strong> Bear Claw 2511.<\/p>\n<p>Populaire aupr\u00e8s des rafteurs en eau vive, des amateurs de sports nautiques et du personnel de secours, <strong>le Bear Claw\u2122<\/strong> est un couteau compact \u00e0 lame fixe et \u00e0 pointe \u00e9mouss\u00e9e qui emp\u00eache la p\u00e9n\u00e9tration de la pointe et le rend plus s\u00fbr, en particulier autour des radeaux et des structures gonflables. La lame hawkbill est en acier inoxydable et recouverte de Veff Serrations\u2122 qui permettent des coupes sans effort et permettent un travail rapide des cordes et des sangles. La poign\u00e9e textur\u00e9e est dot\u00e9e d&rsquo;un trou pour les doigts qui rend le Bear Claw\u2122 facile \u00e0 tenir dans des conditions humides, tandis que l&rsquo;\u00e9tui est dot\u00e9 de plusieurs options de fixation pour un acc\u00e8s rapide en cas d&rsquo;urgence, afin que vous puissiez vous concentrer sur la t\u00e2che \u00e0 accomplir.<br \/>\nDur\u00e9e de vie maximale : AUS 8 r\u00e9siste \u00e0 la corrosion<br \/>\nExtr\u00eamement tranchant&nbsp;: les Veff Serrations\u2122 offrent une excellente puissance de coupe pour les cordes et les sangles<br \/>\nSolide et l\u00e9ger&nbsp;: la poign\u00e9e en nylon renforc\u00e9 de verre est durable et l\u00e9g\u00e8re<br \/>\nAdh\u00e9rence exceptionnelle : L&rsquo;adh\u00e9rence textur\u00e9e offre une adh\u00e9rence dans des conditions humides<br \/>\n\u00c9quipement compatible&nbsp;:&nbsp;Bo\u00eetier en nylon durable renforc\u00e9 de verre avec options de montage<\/p>\n<p>Lame en acier AUS 8<br \/>\nBord de lame Veff Serrations\u2122<br \/>\nFinition de la lame Stonewash<br \/>\nLongueur de la lame : 6,05 cm<br \/>\n\u00c9paisseur de la lame : 0,34 cm<br \/>\nLongueur totale : 14,44 cm<br \/>\nPoids 3,20 onces. (90,72g)<br \/>\nMat\u00e9riau du manche Nylon renforc\u00e9 de verre<br \/>\nCouteau \u00e0 lame fixe \u00e9l\u00e9gant avec \u00e9tui<br \/>\nMat\u00e9riau de la coque Thermoplastique<\/p>\n<p><iframe title=\"CRKT Bear Claw\u2122 Fixed | Russ Kommer Design\" width=\"800\" height=\"450\" src=\"https:\/\/www.youtube.com\/embed\/Q3iE4MyZKyM?feature=oembed\" frameborder=\"0\" allow=\"accelerometer; autoplay; clipboard-write; encrypted-media; gyroscope; picture-in-picture; web-share\" referrerpolicy=\"strict-origin-when-cross-origin\" allowfullscreen><\/iframe><\/p>\n<p>&nbsp;<\/p>\n","protected":false},"excerpt":{"rendered":"<p>DESIGNER:<br \/>\nRuss Kommer<br \/>\nFargo, Dakota du Nord<br \/>\nDire que Russ est un amateur de plein air est un euph\u00e9misme. Le guide professionnel de p\u00eache et de chasse a commenc\u00e9 \u00e0 fabriquer des couteaux lorsqu&rsquo;un de ses clients lui a apport\u00e9 son propre couteau et a habill\u00e9 un wapiti entier, sans l&rsquo;aiguiser. Depuis, il s&rsquo;est fait un devoir de fabriquer des outils que lui seul utiliserait. His Bear Claw&rsquo;s\u2122 et Hoist&rsquo;N Lok\u00ae sont des types que d&rsquo;autres chasseurs utilisent \u00e9galement.<\/p>\n","protected":false},"featured_media":337496,"comment_status":"open","ping_status":"closed","template":"","meta":[],"pwb-brand":[3762],"product_brand":[],"product_cat":[3697,3696],"product_tag":[3754],"class_list":{"0":"post-337537","1":"product","2":"type-product","3":"status-publish","4":"has-post-thumbnail","6":"pwb-brand-crkt-fr","7":"product_cat-couteaux-solides","8":"product_cat-des-couteaux","9":"product_tag-b2b-fr","11":"first","12":"outofstock","13":"taxable","14":"shipping-taxable","15":"purchasable","16":"product-type-simple"},"brands":[{"id":3762,"name":"CRKT","slug":"crkt-fr"}],"_links":{"self":[{"href":"https:\/\/www.moskito.cz\/fr\/wp-json\/wp\/v2\/product\/337537","targetHints":{"allow":["GET"]}}],"collection":[{"href":"https:\/\/www.moskito.cz\/fr\/wp-json\/wp\/v2\/product"}],"about":[{"href":"https:\/\/www.moskito.cz\/fr\/wp-json\/wp\/v2\/types\/product"}],"replies":[{"embeddable":true,"href":"https:\/\/www.moskito.cz\/fr\/wp-json\/wp\/v2\/comments?post=337537"}],"wp:featuredmedia":[{"embeddable":true,"href":"https:\/\/www.moskito.cz\/fr\/wp-json\/wp\/v2\/media\/337496"}],"wp:attachment":[{"href":"https:\/\/www.moskito.cz\/fr\/wp-json\/wp\/v2\/media?parent=337537"}],"wp:term":[{"taxonomy":"pwb-brand","embeddable":true,"href":"https:\/\/www.moskito.cz\/fr\/wp-json\/wp\/v2\/pwb-brand?post=337537"},{"taxonomy":"product_brand","embeddable":true,"href":"https:\/\/www.moskito.cz\/fr\/wp-json\/wp\/v2\/product_brand?post=337537"},{"taxonomy":"product_cat","embeddable":true,"href":"https:\/\/www.moskito.cz\/fr\/wp-json\/wp\/v2\/product_cat?post=337537"},{"taxonomy":"product_tag","embeddable":true,"href":"https:\/\/www.moskito.cz\/fr\/wp-json\/wp\/v2\/product_tag?post=337537"}],"curies":[{"name":"wp","href":"https:\/\/api.w.org\/{rel}","templated":true}]}}