{"id":337602,"date":"2024-04-30T19:23:30","date_gmt":"2024-04-30T18:25:25","guid":{"rendered":"https:\/\/www.moskito.cz\/produkt\/couteau-de-fermeture-crkt-walker-monument-4000\/"},"modified":"2025-05-07T11:13:49","modified_gmt":"2025-05-07T10:13:49","slug":"couteau-de-fermeture-crkt-walker-monument-4000","status":"publish","type":"product","link":"https:\/\/www.moskito.cz\/fr\/produkt\/couteau-de-fermeture-crkt-walker-monument-4000\/","title":{"rendered":"Couteau de fermeture CRKT Walker Monument 4000"},"content":{"rendered":"<p>Couteau de fermeture <strong>CRKT<\/strong> Walker Monument 4000.<\/p>\n<p>D&rsquo;apr\u00e8s l&rsquo;un des designs pr\u00e9f\u00e9r\u00e9s de Michael Walker.<\/p>\n<p>Peu de noms dans l\u2019industrie du couteau suscitent autant de respect que Michael Walker. Le bijoutier devenu tailleur est un v\u00e9ritable ma\u00eetre de son m\u00e9tier, connu pour ses cr\u00e9ations artistiques et orn\u00e9es qui transcendent la d\u00e9finition habituelle d&rsquo;un couteau. C&rsquo;est pourquoi nous sommes extr\u00eamement fiers de vous pr\u00e9senter Monument\u2122, l&rsquo;un des deux mod\u00e8les de Michael Walker disponibles en nombre limit\u00e9.<br \/>\nBien construit : Fabriqu\u00e9 en Italie<br \/>\nMat\u00e9riaux haut de gamme : lame en acier B\u00f6hler M390 pour d&rsquo;excellentes performances de coupe<br \/>\nOuverture en douceur : L&rsquo;axe \u00e0 roulement \u00e0 billes IKBS\u2122 d\u00e9ploie la lame en douceur<br \/>\nSolide et l\u00e9ger : le manche en titane allie r\u00e9sistance et poids minimal<br \/>\nFacile \u00e0 fermer : Le verrou d&rsquo;insertion peut \u00eatre facilement ferm\u00e9 d&rsquo;une seule main<br \/>\nProfil bas&nbsp;: le clip de transport profond se glisse profond\u00e9ment dans votre poche<\/p>\n<p>Lame en acier M390<br \/>\nBord de lame uni<br \/>\nTraitement de surface de la lame satin\u00e9e<br \/>\nLongueur de la lame : 7,80 cm<br \/>\n\u00c9paisseur de la lame : 0,36 cm<br \/>\nLongueur totale : 18,25 cm<br \/>\nLongueur ferm\u00e9 : 10,58 cm<br \/>\nPoids : 3,90 onces. (110,56g)<br \/>\nMat\u00e9riau du manche Titane<br \/>\nCouteau pliant \u00e9l\u00e9gant avec Liner Lock<\/p>\n<p><iframe title=\"CRKT Monument\u2122 | Michael Walker Design\" width=\"800\" height=\"450\" src=\"https:\/\/www.youtube.com\/embed\/tmeUFfRyXQM?feature=oembed\" frameborder=\"0\" allow=\"accelerometer; autoplay; clipboard-write; encrypted-media; gyroscope; picture-in-picture; web-share\" referrerpolicy=\"strict-origin-when-cross-origin\" allowfullscreen><\/iframe><\/p>\n<p>&nbsp;<\/p>\n","protected":false},"excerpt":{"rendered":"<p>DESIGNER:<br \/>\nMichael Walker<br \/>\nTaos, Nouveau Mexique<br \/>\nIntronis\u00e9 au Temple de la renomm\u00e9e du magazine Blade en 2004 et reconnu pour avoir invent\u00e9 plus de 20 m\u00e9canismes de couteaux, dont le liner lock moderne, Michael Walker est une force dans le monde des couteaux personnalis\u00e9s ultra haut de gamme. D&rsquo;abord bijoutier, il s&rsquo;est ensuite d\u00e9couvert une profonde passion pour les couteaux pliants, attir\u00e9 par la combinaison de l&rsquo;ing\u00e9nierie, du design industriel et de l&rsquo;expression artistique. Ses formes frappantes et ses designs \u00e9labor\u00e9s sont imm\u00e9diatement reconnaissables, et apr\u00e8s des d\u00e9cennies d&rsquo;activit\u00e9, il reste l&rsquo;un des noms les plus reconnus en mati\u00e8re de coutellerie.<\/p>\n<p>Transports gratuits.<\/p>\n","protected":false},"featured_media":337554,"comment_status":"open","ping_status":"closed","template":"","meta":[],"pwb-brand":[3762],"product_brand":[],"product_cat":[3700,3696],"product_tag":[3754],"class_list":{"0":"post-337602","1":"product","2":"type-product","3":"status-publish","4":"has-post-thumbnail","6":"pwb-brand-crkt-fr","7":"product_cat-couteaux-de-fermeture","8":"product_cat-des-couteaux","9":"product_tag-b2b-fr","11":"first","12":"outofstock","13":"taxable","14":"shipping-taxable","15":"purchasable","16":"product-type-simple"},"brands":[{"id":3762,"name":"CRKT","slug":"crkt-fr"}],"_links":{"self":[{"href":"https:\/\/www.moskito.cz\/fr\/wp-json\/wp\/v2\/product\/337602","targetHints":{"allow":["GET"]}}],"collection":[{"href":"https:\/\/www.moskito.cz\/fr\/wp-json\/wp\/v2\/product"}],"about":[{"href":"https:\/\/www.moskito.cz\/fr\/wp-json\/wp\/v2\/types\/product"}],"replies":[{"embeddable":true,"href":"https:\/\/www.moskito.cz\/fr\/wp-json\/wp\/v2\/comments?post=337602"}],"wp:featuredmedia":[{"embeddable":true,"href":"https:\/\/www.moskito.cz\/fr\/wp-json\/wp\/v2\/media\/337554"}],"wp:attachment":[{"href":"https:\/\/www.moskito.cz\/fr\/wp-json\/wp\/v2\/media?parent=337602"}],"wp:term":[{"taxonomy":"pwb-brand","embeddable":true,"href":"https:\/\/www.moskito.cz\/fr\/wp-json\/wp\/v2\/pwb-brand?post=337602"},{"taxonomy":"product_brand","embeddable":true,"href":"https:\/\/www.moskito.cz\/fr\/wp-json\/wp\/v2\/product_brand?post=337602"},{"taxonomy":"product_cat","embeddable":true,"href":"https:\/\/www.moskito.cz\/fr\/wp-json\/wp\/v2\/product_cat?post=337602"},{"taxonomy":"product_tag","embeddable":true,"href":"https:\/\/www.moskito.cz\/fr\/wp-json\/wp\/v2\/product_tag?post=337602"}],"curies":[{"name":"wp","href":"https:\/\/api.w.org\/{rel}","templated":true}]}}