{"id":337664,"date":"2024-04-30T19:43:08","date_gmt":"2024-04-30T18:46:34","guid":{"rendered":"https:\/\/www.moskito.cz\/produkt\/couteau-de-fermeture-crkt-folts-avers-7482\/"},"modified":"2025-05-07T11:13:51","modified_gmt":"2025-05-07T10:13:51","slug":"couteau-de-fermeture-crkt-folts-avers-7482","status":"publish","type":"product","link":"https:\/\/www.moskito.cz\/fr\/produkt\/couteau-de-fermeture-crkt-folts-avers-7482\/","title":{"rendered":"Couteau de fermeture CRKT Folts Avers 7482"},"content":{"rendered":"<p>Couteau de fermeture <strong>CRKT<\/strong> Folts Avers 7482.<\/p>\n<p>Inspir\u00e9 de son homonyme, <strong>l&rsquo;Obverse<\/strong> est un couteau pliant distinctif con\u00e7u pour montrer son visage. La lame satin\u00e9e en acier M390 de qualit\u00e9 sup\u00e9rieure est \u00e9l\u00e9gante et durable, tandis que le manche en fibre de carbone avec titane anodis\u00e9 bleu allie r\u00e9sistance et style. La fonction n&rsquo;est pas oubli\u00e9e, avec un verrou s\u00e9curis\u00e9 pour une fermeture facile d&rsquo;une seule main. Quelle que soit la fa\u00e7on dont vous le regardez, ce v\u00eatement de tous les jours est un \u00e9quilibre d\u00e9licat entre beaut\u00e9 et puissance.<br \/>\nMat\u00e9riaux haut de gamme : lame en acier B\u00f6hler M390 pour d&rsquo;excellentes performances de coupe<br \/>\nOuverture en douceur : La lame avec axe \u00e0 roulement \u00e0 billes IKBS\u2122 d\u00e9ploie la lame en douceur<br \/>\nSolide et visuel&nbsp;: le manche en fibre de carbone renforc\u00e9 de titane allie r\u00e9sistance et attrait visuel<br \/>\nFacile \u00e0 fermer : Le verrou en titane peut \u00eatre ferm\u00e9 facilement d&rsquo;une seule main<br \/>\nAttrait visuel&nbsp;: espaceur arri\u00e8re et clips en titane anodis\u00e9 bleu.<\/p>\n<p>Lame en acier M390<br \/>\nBord de lame uni<br \/>\nTraitement de surface de la lame satin\u00e9e<br \/>\nLongueur de la lame : 8,52 cm<br \/>\n\u00c9paisseur de la lame : 0,32 cm<br \/>\nLongueur totale : 18,97 cm<br \/>\nPoids 3,40 onces. (96,39g)<br \/>\nMat\u00e9riau du manche en fibre de carbone avec traversin en titane<br \/>\nCouteau pliant \u00e9l\u00e9gant avec Liner Lock<\/p>\n<p><iframe title=\"CRKT Obverse | Alan Folts Design\" width=\"800\" height=\"450\" src=\"https:\/\/www.youtube.com\/embed\/pvzdk01nYWo?feature=oembed\" frameborder=\"0\" allow=\"accelerometer; autoplay; clipboard-write; encrypted-media; gyroscope; picture-in-picture; web-share\" referrerpolicy=\"strict-origin-when-cross-origin\" allowfullscreen><\/iframe><\/p>\n<p>&nbsp;<\/p>\n<p>&nbsp;<\/p>\n","protected":false},"excerpt":{"rendered":"<p>DESIGNER<br \/>\nAlan Foltz<br \/>\nMelbourne, Floride<br \/>\nLorsqu&rsquo;il s&rsquo;agit de couteaux, Alan sait tout ce qu&rsquo;il faut pour redonner aux gens. Il a gravi les \u00e9chelons des coll\u00e8ges en pr\u00e9sentant des couteaux dans des expositions d&rsquo;art. Depuis lors, il s\u2019efforce d\u2019enseigner et de transmettre \u00e0 d\u2019autres les comp\u00e9tences de la fabrication de couteaux sur mesure. Elle se sp\u00e9cialise dans les lames solides uniques dot\u00e9es d&rsquo;une excellente ergonomie et d&rsquo;un design futuriste \u00e9l\u00e9gant, comme la s\u00e9rie \u00e0 succ\u00e8s Folts Minimalist \u00ae.<\/p>\n<p>Transports gratuits.<\/p>\n","protected":false},"featured_media":337612,"comment_status":"open","ping_status":"closed","template":"","meta":[],"pwb-brand":[3762],"product_brand":[],"product_cat":[3700,3696],"product_tag":[3754],"class_list":{"0":"post-337664","1":"product","2":"type-product","3":"status-publish","4":"has-post-thumbnail","6":"pwb-brand-crkt-fr","7":"product_cat-couteaux-de-fermeture","8":"product_cat-des-couteaux","9":"product_tag-b2b-fr","11":"first","12":"instock","13":"taxable","14":"shipping-taxable","15":"purchasable","16":"product-type-simple"},"brands":[{"id":3762,"name":"CRKT","slug":"crkt-fr"}],"_links":{"self":[{"href":"https:\/\/www.moskito.cz\/fr\/wp-json\/wp\/v2\/product\/337664","targetHints":{"allow":["GET"]}}],"collection":[{"href":"https:\/\/www.moskito.cz\/fr\/wp-json\/wp\/v2\/product"}],"about":[{"href":"https:\/\/www.moskito.cz\/fr\/wp-json\/wp\/v2\/types\/product"}],"replies":[{"embeddable":true,"href":"https:\/\/www.moskito.cz\/fr\/wp-json\/wp\/v2\/comments?post=337664"}],"wp:featuredmedia":[{"embeddable":true,"href":"https:\/\/www.moskito.cz\/fr\/wp-json\/wp\/v2\/media\/337612"}],"wp:attachment":[{"href":"https:\/\/www.moskito.cz\/fr\/wp-json\/wp\/v2\/media?parent=337664"}],"wp:term":[{"taxonomy":"pwb-brand","embeddable":true,"href":"https:\/\/www.moskito.cz\/fr\/wp-json\/wp\/v2\/pwb-brand?post=337664"},{"taxonomy":"product_brand","embeddable":true,"href":"https:\/\/www.moskito.cz\/fr\/wp-json\/wp\/v2\/product_brand?post=337664"},{"taxonomy":"product_cat","embeddable":true,"href":"https:\/\/www.moskito.cz\/fr\/wp-json\/wp\/v2\/product_cat?post=337664"},{"taxonomy":"product_tag","embeddable":true,"href":"https:\/\/www.moskito.cz\/fr\/wp-json\/wp\/v2\/product_tag?post=337664"}],"curies":[{"name":"wp","href":"https:\/\/api.w.org\/{rel}","templated":true}]}}