{"id":337779,"date":"2024-04-30T20:21:29","date_gmt":"2024-04-30T19:25:27","guid":{"rendered":"https:\/\/www.moskito.cz\/produkt\/couteau-fixe-crkt-bear-claw-2516k\/"},"modified":"2025-05-07T11:13:54","modified_gmt":"2025-05-07T10:13:54","slug":"couteau-fixe-crkt-bear-claw-2516k","status":"publish","type":"product","link":"https:\/\/www.moskito.cz\/fr\/produkt\/couteau-fixe-crkt-bear-claw-2516k\/","title":{"rendered":"Couteau Fixe CRKT Bear Claw 2516K"},"content":{"rendered":"<p>Couteau fixe <strong>CRKT<\/strong> Bear Claw 2516K.<\/p>\n<p>Cette it\u00e9ration du couteau Bear Claw\u2122 pr\u00e9sente le m\u00eame profil que l&rsquo;original avec une nouvelle pointe pointue sp\u00e9cialement con\u00e7ue pour le per\u00e7age corporel, ce qui le rend utile pour les sorties quotidiennes en plein air et comme outil de s\u00e9curit\u00e9 personnelle. La lame hawkbill est en acier inoxydable et poss\u00e8de un bord droit pour un aff\u00fbtage facile. La poign\u00e9e textur\u00e9e est dot\u00e9e d&rsquo;un trou pour les doigts afin qu&rsquo;elle s&rsquo;adapte bien \u00e0 votre paume, et l&rsquo;\u00e9tui est livr\u00e9 avec plusieurs options de montage pour un acc\u00e8s facile en cas d&rsquo;urgence \u2013 afin que vous puissiez vous concentrer sur la t\u00e2che \u00e0 accomplir.<br \/>\nDur\u00e9e de vie maximale : AUS 8 r\u00e9siste \u00e0 la corrosion<br \/>\nPointe de Pr\u00e9cision : La pointe de la lame avec une aiguille pointue pour percer<br \/>\nSolide et l\u00e9ger&nbsp;: la poign\u00e9e en nylon renforc\u00e9 de verre est durable et l\u00e9g\u00e8re<br \/>\nAdh\u00e9rence exceptionnelle : L&rsquo;adh\u00e9rence textur\u00e9e offre une adh\u00e9rence dans des conditions humides<br \/>\n\u00c9quipement compatible&nbsp;:&nbsp;Bo\u00eetier en nylon durable renforc\u00e9 de verre avec options de montage.<\/p>\n<p>Lame en acier AUS 8<br \/>\nBord de lame uni<br \/>\nTraitement de surface du rev\u00eatement en poudre de la lame<br \/>\nLongueur de la lame : 6,07 cm<br \/>\n\u00c9paisseur de la lame : 0,35 cm<br \/>\nLongueur totale : 14,44 cm<br \/>\nPoids 3,10 onces. (87,88g)<br \/>\nMat\u00e9riau du manche Nylon renforc\u00e9 de verre<br \/>\nCouteau \u00e0 lame fixe \u00e9l\u00e9gant avec \u00e9tui<br \/>\nMat\u00e9riau de la coque Thermoplastique<\/p>\n<p><iframe title=\"CRKT Bear Claw\u2122 Fixed | Russ Kommer Design\" width=\"800\" height=\"450\" src=\"https:\/\/www.youtube.com\/embed\/fZmikWYr6KI?feature=oembed\" frameborder=\"0\" allow=\"accelerometer; autoplay; clipboard-write; encrypted-media; gyroscope; picture-in-picture; web-share\" referrerpolicy=\"strict-origin-when-cross-origin\" allowfullscreen><\/iframe><\/p>\n<p>&nbsp;<\/p>\n<p>&nbsp;<\/p>\n","protected":false},"excerpt":{"rendered":"<p>DESIGNER<br \/>\nRuss Kommer<br \/>\nFargo, Dakota du Nord<br \/>\nDire que Russ est un amateur de plein air est un euph\u00e9misme. Le guide professionnel de p\u00eache et de chasse a commenc\u00e9 \u00e0 fabriquer des couteaux lorsqu&rsquo;un de ses clients lui a apport\u00e9 son propre couteau et a habill\u00e9 un wapiti entier, sans l&rsquo;aiguiser. Depuis, il s&rsquo;est fait un devoir de fabriquer des outils que lui seul utiliserait. His Bear Claw&rsquo;s\u2122 et Hoist&rsquo;N Lok\u00ae sont des types que d&rsquo;autres chasseurs utilisent \u00e9galement.<\/p>\n","protected":false},"featured_media":337734,"comment_status":"open","ping_status":"closed","template":"","meta":[],"pwb-brand":[3762],"product_brand":[],"product_cat":[3697,3696],"product_tag":[3754],"class_list":{"0":"post-337779","1":"product","2":"type-product","3":"status-publish","4":"has-post-thumbnail","6":"pwb-brand-crkt-fr","7":"product_cat-couteaux-solides","8":"product_cat-des-couteaux","9":"product_tag-b2b-fr","11":"first","12":"outofstock","13":"sale","14":"taxable","15":"shipping-taxable","16":"purchasable","17":"product-type-simple"},"brands":[{"id":3762,"name":"CRKT","slug":"crkt-fr"}],"_links":{"self":[{"href":"https:\/\/www.moskito.cz\/fr\/wp-json\/wp\/v2\/product\/337779","targetHints":{"allow":["GET"]}}],"collection":[{"href":"https:\/\/www.moskito.cz\/fr\/wp-json\/wp\/v2\/product"}],"about":[{"href":"https:\/\/www.moskito.cz\/fr\/wp-json\/wp\/v2\/types\/product"}],"replies":[{"embeddable":true,"href":"https:\/\/www.moskito.cz\/fr\/wp-json\/wp\/v2\/comments?post=337779"}],"wp:featuredmedia":[{"embeddable":true,"href":"https:\/\/www.moskito.cz\/fr\/wp-json\/wp\/v2\/media\/337734"}],"wp:attachment":[{"href":"https:\/\/www.moskito.cz\/fr\/wp-json\/wp\/v2\/media?parent=337779"}],"wp:term":[{"taxonomy":"pwb-brand","embeddable":true,"href":"https:\/\/www.moskito.cz\/fr\/wp-json\/wp\/v2\/pwb-brand?post=337779"},{"taxonomy":"product_brand","embeddable":true,"href":"https:\/\/www.moskito.cz\/fr\/wp-json\/wp\/v2\/product_brand?post=337779"},{"taxonomy":"product_cat","embeddable":true,"href":"https:\/\/www.moskito.cz\/fr\/wp-json\/wp\/v2\/product_cat?post=337779"},{"taxonomy":"product_tag","embeddable":true,"href":"https:\/\/www.moskito.cz\/fr\/wp-json\/wp\/v2\/product_tag?post=337779"}],"curies":[{"name":"wp","href":"https:\/\/api.w.org\/{rel}","templated":true}]}}