{"id":337814,"date":"2024-04-30T20:46:05","date_gmt":"2024-04-30T19:47:25","guid":{"rendered":"https:\/\/www.moskito.cz\/produkt\/couteau-fixe-crkt-razel-4037\/"},"modified":"2025-05-07T11:13:55","modified_gmt":"2025-05-07T10:13:55","slug":"couteau-fixe-crkt-razel-4037","status":"publish","type":"product","link":"https:\/\/www.moskito.cz\/fr\/produkt\/couteau-fixe-crkt-razel-4037\/","title":{"rendered":"Couteau Fixe CRKT Razel 4037"},"content":{"rendered":"<p>Couteau fixe <strong>CRKT<\/strong> Razel 4037.<\/p>\n<p>Le Razel\u2122 est un puissant couteau de poche \u00e0 lame fixe, bas\u00e9 sur la conception originale de Jon Graham, un coupeur m\u00e9canique capable de g\u00e9rer les rigueurs de la vie quotidienne en atelier.<\/p>\n<p>Sa lame de burin carr\u00e9e lui conf\u00e8re des propri\u00e9t\u00e9s multi-outils et lui permet d&rsquo;exceller dans diverses conditions, notamment la coupe sous pression, le grattage et le tranchage.<br \/>\nExcellentes performances : lame en acier D2 pour une excellente r\u00e9tention de la lame<br \/>\nOutil polyvalent&nbsp;: Lame de burin adapt\u00e9e pour couper ou gratter<br \/>\nSolide et visuel : le manche Micarta allie solidit\u00e9 et attrait visuel<br \/>\nTransport pratique&nbsp;: \u00e9tui de poche pour un d\u00e9ploiement rapide<br \/>\nOptions accessoires : Trou pour cordon pour pendentif<\/p>\n<p>Lame en acier D2<br \/>\nBord de lame uni<br \/>\nTraitement de surface de la lame satin\u00e9e<br \/>\nLongueur de la lame : 7,55 cm<br \/>\n\u00c9paisseur de la lame : 0,43 cm<br \/>\nLongueur totale : 17,14 cm<br \/>\nPoids 4,20 onces. (119,07g)<br \/>\nMat\u00e9riau du manche en Micarta<br \/>\nCouteau \u00e0 lame fixe \u00e9l\u00e9gant avec \u00e9tui<br \/>\nMat\u00e9riau de la coque Thermoplastique<\/p>\n","protected":false},"excerpt":{"rendered":"<p>DESIGNER<br \/>\nJon Graham<br \/>\nCleveland, Tennessee<br \/>\nN\u00e9 d&rsquo;un p\u00e8re qui appr\u00e9ciait les couteaux, Jon Graham de Cleveland, Tennessee, a appris d\u00e8s son plus jeune \u00e2ge l&rsquo;importance d&rsquo;un bon couteau. \u00ab\u00a0J&rsquo;ai eu mon premier couteau quand j&rsquo;avais sept ans et je ne m&rsquo;en suis plus pass\u00e9 depuis.\u00a0\u00bb A la fin des ann\u00e9es 80 ans, lorsque Jon \u00e9tait en poste chez Aviaono AB Italie, il a d\u00e9couvert les couteaux faits \u00e0 la main dans un magazine et savait que c&rsquo;\u00e9tait quelque chose qu&rsquo;il voulait faire. Apr\u00e8s avoir quitt\u00e9 l&rsquo;Air Force et trouv\u00e9 un emploi, Jon a commenc\u00e9 \u00e0 fabriquer des couteaux de table avec des outils de base en 1994. Fatigu\u00e9 de cr\u00e9er les cr\u00e9ations des autres, Jon a demand\u00e9 \u00e0 son fr\u00e8re Josh en 1999 de se procurer du mat\u00e9riel et d&rsquo;apprendre \u00e0 fabriquer des couteaux en les mettant au rebut. Depuis, il est devenu accro, s&rsquo;effor\u00e7ant constamment d&rsquo;am\u00e9liorer ses conceptions et ses comp\u00e9tences, en s&rsquo;appuyant sur son exp\u00e9rience en tant que technicien de moteurs diesel. Graham Knives se sp\u00e9cialise dans les conceptions tactiques utilitaires en mettant l&rsquo;accent sur les couteaux de poche EDC \u00e0 lame fixe, mais sa gamme de couteaux pr\u00e9f\u00e9r\u00e9e est le Razel personnalis\u00e9 \u00e0 double tranchant, que la soci\u00e9t\u00e9 fabrique dans de nombreuses tailles et styles. Il est le concepteur du CRKT Razel et du Folding Razel.<\/p>\n","protected":false},"featured_media":337783,"comment_status":"open","ping_status":"closed","template":"","meta":[],"pwb-brand":[3762],"product_brand":[],"product_cat":[3697,3696],"product_tag":[3754],"class_list":{"0":"post-337814","1":"product","2":"type-product","3":"status-publish","4":"has-post-thumbnail","6":"pwb-brand-crkt-fr","7":"product_cat-couteaux-solides","8":"product_cat-des-couteaux","9":"product_tag-b2b-fr","11":"first","12":"outofstock","13":"sale","14":"taxable","15":"shipping-taxable","16":"purchasable","17":"product-type-simple"},"brands":[{"id":3762,"name":"CRKT","slug":"crkt-fr"}],"_links":{"self":[{"href":"https:\/\/www.moskito.cz\/fr\/wp-json\/wp\/v2\/product\/337814","targetHints":{"allow":["GET"]}}],"collection":[{"href":"https:\/\/www.moskito.cz\/fr\/wp-json\/wp\/v2\/product"}],"about":[{"href":"https:\/\/www.moskito.cz\/fr\/wp-json\/wp\/v2\/types\/product"}],"replies":[{"embeddable":true,"href":"https:\/\/www.moskito.cz\/fr\/wp-json\/wp\/v2\/comments?post=337814"}],"wp:featuredmedia":[{"embeddable":true,"href":"https:\/\/www.moskito.cz\/fr\/wp-json\/wp\/v2\/media\/337783"}],"wp:attachment":[{"href":"https:\/\/www.moskito.cz\/fr\/wp-json\/wp\/v2\/media?parent=337814"}],"wp:term":[{"taxonomy":"pwb-brand","embeddable":true,"href":"https:\/\/www.moskito.cz\/fr\/wp-json\/wp\/v2\/pwb-brand?post=337814"},{"taxonomy":"product_brand","embeddable":true,"href":"https:\/\/www.moskito.cz\/fr\/wp-json\/wp\/v2\/product_brand?post=337814"},{"taxonomy":"product_cat","embeddable":true,"href":"https:\/\/www.moskito.cz\/fr\/wp-json\/wp\/v2\/product_cat?post=337814"},{"taxonomy":"product_tag","embeddable":true,"href":"https:\/\/www.moskito.cz\/fr\/wp-json\/wp\/v2\/product_tag?post=337814"}],"curies":[{"name":"wp","href":"https:\/\/api.w.org\/{rel}","templated":true}]}}