{"id":337997,"date":"2024-04-30T22:39:40","date_gmt":"2024-04-30T21:44:10","guid":{"rendered":"https:\/\/www.moskito.cz\/produkt\/couteau-fixe-crkt-razel-chisel-2130\/"},"modified":"2025-05-07T11:13:59","modified_gmt":"2025-05-07T10:13:59","slug":"couteau-fixe-crkt-razel-chisel-2130","status":"publish","type":"product","link":"https:\/\/www.moskito.cz\/fr\/produkt\/couteau-fixe-crkt-razel-chisel-2130\/","title":{"rendered":"Couteau Fixe CRKT Razel Chisel 2130"},"content":{"rendered":"<p>Couteau fixe <strong>CRKT<\/strong> Razel Chisel 2130.<\/p>\n<p>Parfois, le meilleur outil pour le travail est le plus simple. Le ciseau Razel\u2122 est une lame solide pour votre poche qui suit de pr\u00e8s le design original embl\u00e9matique de Jon Graham. La lame est en acier \u00e0 haute teneur en carbone et avec un burin unilat\u00e9ral, la lame est incroyablement facile \u00e0 r\u00e9aff\u00fbter. La poign\u00e9e en m\u00e9tal nu r\u00e9duit le poids au minimum, tandis que le cordon inclus \u00e9tend la poign\u00e9e pour un meilleur contr\u00f4le.<br \/>\nAff\u00fbtage facile : La lame en acier inoxydable \u00e0 haute teneur en carbone maintient bien le tranchant<br \/>\nAff\u00fbtage facile : Le tranchant du burin est facile \u00e0 entretenir<br \/>\nDurabilit\u00e9 maximale : la poign\u00e9e en acier inoxydable peut r\u00e9sister \u00e0 une utilisation intensive<br \/>\nTransport pratique&nbsp;: \u00e9tui de poche pour un d\u00e9ploiement rapide<br \/>\nEn contr\u00f4le&nbsp;: le porte-cl\u00e9s est dot\u00e9 d&rsquo;une poign\u00e9e allong\u00e9e pour un meilleur contr\u00f4le<\/p>\n<p>Lame en acier 8Cr13MoV<br \/>\nBord de lame uni<br \/>\nFinition de la lame Stonewash<br \/>\nLongueur de la lame : 5,08 cm<br \/>\n\u00c9paisseur de la lame : 0,31 cm<br \/>\nLongueur totale : 13,49 cm<br \/>\nPoids 2,00 onces. (56,70g)<br \/>\nMat\u00e9riau du manche Acier inoxydable<br \/>\nCouteau \u00e0 lame fixe \u00e9l\u00e9gant avec \u00e9tui<\/p>\n<p><iframe title=\"CRKT Razel\u2122 Chisel | Jon Graham Design\" width=\"800\" height=\"450\" src=\"https:\/\/www.youtube.com\/embed\/w1E1t5aMm7o?feature=oembed\" frameborder=\"0\" allow=\"accelerometer; autoplay; clipboard-write; encrypted-media; gyroscope; picture-in-picture; web-share\" referrerpolicy=\"strict-origin-when-cross-origin\" allowfullscreen><\/iframe><\/p>\n<p>&nbsp;<\/p>\n","protected":false},"excerpt":{"rendered":"<p>DESIGNER<br \/>\nJon Graham<br \/>\nCleveland, Tennessee<br \/>\nN\u00e9 d&rsquo;un p\u00e8re qui appr\u00e9ciait les couteaux, Jon Graham de Cleveland, Tennessee, a appris d\u00e8s son plus jeune \u00e2ge l&rsquo;importance d&rsquo;un bon couteau. \u00ab\u00a0J&rsquo;ai eu mon premier couteau quand j&rsquo;avais sept ans et je ne m&rsquo;en suis plus pass\u00e9 depuis.\u00a0\u00bb A la fin des ann\u00e9es 80 ans, lorsque Jon \u00e9tait en poste chez Aviaono AB Italie, il a d\u00e9couvert les couteaux faits \u00e0 la main dans un magazine et savait que c&rsquo;\u00e9tait quelque chose qu&rsquo;il voulait faire. Apr\u00e8s avoir quitt\u00e9 l&rsquo;Air Force et trouv\u00e9 un emploi, Jon a commenc\u00e9 \u00e0 fabriquer des couteaux de table avec des outils de base en 1994. Fatigu\u00e9 de cr\u00e9er les cr\u00e9ations des autres, Jon a demand\u00e9 \u00e0 son fr\u00e8re Josh en 1999 de se procurer du mat\u00e9riel et d&rsquo;apprendre \u00e0 fabriquer des couteaux en les mettant au rebut. Depuis, il est devenu accro, s&rsquo;effor\u00e7ant constamment d&rsquo;am\u00e9liorer ses conceptions et ses comp\u00e9tences, en s&rsquo;appuyant sur son exp\u00e9rience en tant que technicien de moteurs diesel. Graham Knives se sp\u00e9cialise dans les conceptions tactiques utilitaires en mettant l&rsquo;accent sur les couteaux de poche EDC \u00e0 lame fixe, mais sa gamme de couteaux pr\u00e9f\u00e9r\u00e9e est le Razel personnalis\u00e9 \u00e0 double tranchant, que la soci\u00e9t\u00e9 fabrique dans de nombreuses tailles et styles. Il est le concepteur du CRKT Razel et du Folding Razel.<\/p>\n","protected":false},"featured_media":337955,"comment_status":"open","ping_status":"closed","template":"","meta":[],"pwb-brand":[3762],"product_brand":[],"product_cat":[3697,3696],"product_tag":[3754],"class_list":{"0":"post-337997","1":"product","2":"type-product","3":"status-publish","4":"has-post-thumbnail","6":"pwb-brand-crkt-fr","7":"product_cat-couteaux-solides","8":"product_cat-des-couteaux","9":"product_tag-b2b-fr","11":"first","12":"instock","13":"taxable","14":"shipping-taxable","15":"purchasable","16":"product-type-simple"},"brands":[{"id":3762,"name":"CRKT","slug":"crkt-fr"}],"_links":{"self":[{"href":"https:\/\/www.moskito.cz\/fr\/wp-json\/wp\/v2\/product\/337997","targetHints":{"allow":["GET"]}}],"collection":[{"href":"https:\/\/www.moskito.cz\/fr\/wp-json\/wp\/v2\/product"}],"about":[{"href":"https:\/\/www.moskito.cz\/fr\/wp-json\/wp\/v2\/types\/product"}],"replies":[{"embeddable":true,"href":"https:\/\/www.moskito.cz\/fr\/wp-json\/wp\/v2\/comments?post=337997"}],"wp:featuredmedia":[{"embeddable":true,"href":"https:\/\/www.moskito.cz\/fr\/wp-json\/wp\/v2\/media\/337955"}],"wp:attachment":[{"href":"https:\/\/www.moskito.cz\/fr\/wp-json\/wp\/v2\/media?parent=337997"}],"wp:term":[{"taxonomy":"pwb-brand","embeddable":true,"href":"https:\/\/www.moskito.cz\/fr\/wp-json\/wp\/v2\/pwb-brand?post=337997"},{"taxonomy":"product_brand","embeddable":true,"href":"https:\/\/www.moskito.cz\/fr\/wp-json\/wp\/v2\/product_brand?post=337997"},{"taxonomy":"product_cat","embeddable":true,"href":"https:\/\/www.moskito.cz\/fr\/wp-json\/wp\/v2\/product_cat?post=337997"},{"taxonomy":"product_tag","embeddable":true,"href":"https:\/\/www.moskito.cz\/fr\/wp-json\/wp\/v2\/product_tag?post=337997"}],"curies":[{"name":"wp","href":"https:\/\/api.w.org\/{rel}","templated":true}]}}