{"id":338041,"date":"2024-05-01T07:48:47","date_gmt":"2024-05-01T06:48:47","guid":{"rendered":"https:\/\/www.moskito.cz\/produkt\/couteau-de-tir-microtech-ludt-gen-iii-apocalyptique-1135-10ap\/"},"modified":"2025-05-07T11:14:02","modified_gmt":"2025-05-07T10:14:02","slug":"couteau-de-tir-microtech-ludt-gen-iii-apocalyptique-1135-10ap","status":"publish","type":"product","link":"https:\/\/www.moskito.cz\/fr\/produkt\/couteau-de-tir-microtech-ludt-gen-iii-apocalyptique-1135-10ap\/","title":{"rendered":"Couteau de tir Microtech LUDT Gen III Apocalyptique 1135-10AP"},"content":{"rendered":"<p>Couteau de tir <strong>Microtech<\/strong> LUDT Gen III Apocalyptique 1135-10AP.<\/p>\n<p><strong>Le LUDT Gen III 2023<\/strong> est le summum de l&rsquo;h\u00e9ritage <strong>de Microtech<\/strong> et une it\u00e9ration raffin\u00e9e du c\u00e9l\u00e8bre couteau Underwater Demolition Team. <strong>LUDT<\/strong> , cr\u00e9\u00e9e au milieu des ann\u00e9es 1990. ann\u00e9es 20 si\u00e8cle, est rapidement devenu l&rsquo;un des couteaux <strong>Microtech<\/strong> les plus vendus de l&rsquo;histoire. Apr\u00e8s une interruption temporaire de la gamme Microtech, nous sommes heureux d&rsquo;annoncer la renaissance de cette lame embl\u00e9matique.<\/p>\n<p><strong>Le LUDT<\/strong> est dot\u00e9 d&rsquo;une lame usin\u00e9e avec pr\u00e9cision avec un dos couronn\u00e9, un pouce, une pointe renforc\u00e9e et maintenant une rainure\/plus pleine sanglante, garantissant une efficacit\u00e9 de p\u00e9n\u00e9tration in\u00e9gal\u00e9e sans compromettre l&rsquo;int\u00e9grit\u00e9 structurelle. Le traitement de surface de la lame augmente non seulement son attrait esth\u00e9tique, mais contribue \u00e9galement \u00e0 sa durabilit\u00e9 exceptionnelle. Une poign\u00e9e avec une bande de traction 3M parfaitement int\u00e9gr\u00e9e \u00e0 la conception \u00e9l\u00e8ve ce couteau au statut de composant id\u00e9al de transport quotidien (EDC).<\/p>\n<p>Chaque d\u00e9tail, du bouton de d\u00e9clenchement au clip de poche, a \u00e9t\u00e9 affin\u00e9 et am\u00e9lior\u00e9, assurant un ensemble harmonieux et sophistiqu\u00e9. Le manche, fabriqu\u00e9 avec pr\u00e9cision en aluminium a\u00e9ronautique, conf\u00e8re non seulement de la robustesse au couteau, mais r\u00e9duit \u00e9galement son poids au minimum. Avec sa conception ergonomique et son d\u00e9ploiement ultra-rapide, <strong>le LUDT<\/strong> incarne la perfection dans une lame globale.<\/p>\n<p>Fort d\u2019une exp\u00e9rience \u00e9prouv\u00e9e qui a r\u00e9sist\u00e9 \u00e0 l\u2019\u00e9preuve du temps, <strong>le LUDT Gen III<\/strong> 2023 fait un retour triomphal dans la gamme. Cet outil exceptionnel comprend d\u00e9sormais des vis Torx et un trou pour lani\u00e8re d\u00e9di\u00e9, ajoutant praticit\u00e9 et une couche de s\u00e9curit\u00e9 suppl\u00e9mentaire \u00e0 son savoir-faire m\u00e9ticuleux.<br \/>\nCaract\u00e9ristiques<\/p>\n<p>Longueur de la lame : 8,62 cm<br \/>\nLongueur ferm\u00e9 : <span id=\"cwos\" class=\"qv3Wpe\">11,37<\/span> cm<br \/>\nLongueur totale : 20 cm<br \/>\nAcier de la lame : acier inoxydable Bohler M390MK<br \/>\n\u00c9paisseur de la lame : 0,33 cm<br \/>\nStyle de lame&nbsp;:&nbsp;pointe de chute<br \/>\nMeulage de la lame&nbsp;:&nbsp;Plat<br \/>\nFinition de la lame : Apocalyptique<br \/>\nMat\u00e9riau de la poign\u00e9e&nbsp;: aluminium noir avec inserts de bande de traction 3M<br \/>\n\u00c9paisseur du manche : <span id=\"cwos\" class=\"qv3Wpe\">1,28<\/span> cm<br \/>\nM\u00e9canisme de verrouillage : Bouton<br \/>\nEnsemble broches&nbsp;: 24 roulements en carbure de silicium<br \/>\nClip de poche&nbsp;: acier inoxydable (d\u00e9pliable, \u00e0 porter \u00e0 droite)<br \/>\nPoids : 3,46 onces.<br \/>\nCr\u00e9ateur : Tony Marfione<br \/>\nConstruction \u00e0 vis Torx<br \/>\nRainure de sang\/Fuller<br \/>\nFabriqu\u00e9 aux \u00c9tats-Unis<\/p>\n<p><iframe title=\"Microtech Combat Troodon Torture Test\" width=\"800\" height=\"450\" src=\"https:\/\/www.youtube.com\/embed\/xE9TeOFYEjg?feature=oembed\" frameborder=\"0\" allow=\"accelerometer; autoplay; clipboard-write; encrypted-media; gyroscope; picture-in-picture; web-share\" referrerpolicy=\"strict-origin-when-cross-origin\" allowfullscreen><\/iframe><\/p>\n<p>&nbsp;<\/p>\n","protected":false},"excerpt":{"rendered":"<p><strong>Au fil des ann\u00e9es, Microtech\u00ae Knives a rempli les couteaux de passion et de savoir-faire pour cr\u00e9er presque des \u0153uvres d&rsquo;art qui sont le summum de la fonctionnalit\u00e9. Toutes les pi\u00e8ces sont fabriqu\u00e9es aux \u00c9tats-Unis.<\/strong><br \/>\n<strong>Tous les couteaux Microtech sont garantis \u00e0 vie.<\/strong><\/p>\n<p><strong>Transports gratuits.<\/strong><\/p>\n","protected":false},"featured_media":437787,"comment_status":"open","ping_status":"closed","template":"","meta":[],"pwb-brand":[3751],"product_brand":[],"product_cat":[3699,3696],"product_tag":[3754],"class_list":{"0":"post-338041","1":"product","2":"type-product","3":"status-publish","4":"has-post-thumbnail","6":"pwb-brand-microtechnologie","7":"product_cat-couteaux-de-tir","8":"product_cat-des-couteaux","9":"product_tag-b2b-fr","11":"first","12":"outofstock","13":"taxable","14":"shipping-taxable","15":"purchasable","16":"product-type-simple"},"brands":[{"id":3751,"name":"Microtechnologie","slug":"microtechnologie"}],"_links":{"self":[{"href":"https:\/\/www.moskito.cz\/fr\/wp-json\/wp\/v2\/product\/338041","targetHints":{"allow":["GET"]}}],"collection":[{"href":"https:\/\/www.moskito.cz\/fr\/wp-json\/wp\/v2\/product"}],"about":[{"href":"https:\/\/www.moskito.cz\/fr\/wp-json\/wp\/v2\/types\/product"}],"replies":[{"embeddable":true,"href":"https:\/\/www.moskito.cz\/fr\/wp-json\/wp\/v2\/comments?post=338041"}],"wp:featuredmedia":[{"embeddable":true,"href":"https:\/\/www.moskito.cz\/fr\/wp-json\/wp\/v2\/media\/437787"}],"wp:attachment":[{"href":"https:\/\/www.moskito.cz\/fr\/wp-json\/wp\/v2\/media?parent=338041"}],"wp:term":[{"taxonomy":"pwb-brand","embeddable":true,"href":"https:\/\/www.moskito.cz\/fr\/wp-json\/wp\/v2\/pwb-brand?post=338041"},{"taxonomy":"product_brand","embeddable":true,"href":"https:\/\/www.moskito.cz\/fr\/wp-json\/wp\/v2\/product_brand?post=338041"},{"taxonomy":"product_cat","embeddable":true,"href":"https:\/\/www.moskito.cz\/fr\/wp-json\/wp\/v2\/product_cat?post=338041"},{"taxonomy":"product_tag","embeddable":true,"href":"https:\/\/www.moskito.cz\/fr\/wp-json\/wp\/v2\/product_tag?post=338041"}],"curies":[{"name":"wp","href":"https:\/\/api.w.org\/{rel}","templated":true}]}}