{"id":338044,"date":"2020-01-28T16:39:34","date_gmt":"2024-05-01T06:51:53","guid":{"rendered":"https:\/\/www.moskito.cz\/produkt\/couteau-de-tir-microtech-utx-85-233-10-od\/"},"modified":"2025-07-11T07:50:37","modified_gmt":"2025-07-11T06:50:37","slug":"couteau-de-tir-microtech-utx-85-233-10-od","status":"publish","type":"product","link":"https:\/\/www.moskito.cz\/fr\/produkt\/couteau-de-tir-microtech-utx-85-233-10-od\/","title":{"rendered":"Couteau de tir Microtech UTX-85 233-10 OD"},"content":{"rendered":"<p>Couteau de tir <strong>Microtech<\/strong> UTX-85 233-10 OD.<\/p>\n<p><span lang=\"cs\">Le couteau Microtech UTX-85 OTF est la combinaison parfaite entre taille compacte et excellentes performances. D&rsquo;une taille Ultratech \u00e0 85 % , le Microtech UTX-85 est fabriqu\u00e9 \u00e0 partir des m\u00eames mat\u00e9riaux, sur les m\u00eames machines et avec la m\u00eame ing\u00e9niosit\u00e9 que son pr\u00e9d\u00e9cesseur. Le Microtech UTX-85 est le couteau parfait pour toutes les situations, quelle que soit la t\u00e2che que vous effectuez ; il s&rsquo;int\u00e9grera parfaitement \u00e0 votre style de vie. Gr\u00e2ce \u00e0 l&rsquo;ouverture et \u00e0 la fermeture rapides d&rsquo;une seule main, il accomplit le travail en quelques secondes. \u00c9quip\u00e9 d&rsquo;un clip de poche double face et d&rsquo;une taille compacte, c&rsquo;est un choix parfait pour un usage et un transport quotidiens.<\/span><\/p>\n<p><span class=\"tlid-translation translation\"><span class=\"\" title=\"\">Longueur totale : 18,75 cm<\/span><br \/>\n<span class=\"\" title=\"\">Longueur de la lame : 7,81 cm<\/span><br \/>\n<span class=\"\" title=\"\">Tranchant : 7,17 cm<\/span><br \/>\n<span class=\"\" title=\"\">\u00c9paisseur de la lame : 0,32 cm<\/span><br \/>\n<span class=\"\" title=\"\">Mat\u00e9riau de la lame : Bohler M390<\/span><br \/>\n<span title=\"\">Style de lame : Tanto<\/span><br \/>\n<span title=\"\">Insertions&nbsp;: plates<\/span><br \/>\n<span title=\"\">Type de bordure&nbsp;:&nbsp;Unie<\/span><br \/>\n<span title=\"\">Longueur du manche : 10,92 cm<\/span><br \/>\n<span class=\"\" title=\"\">\u00c9paisseur du manche : 1,17 cm<\/span><br \/>\n<span title=\"\">Mat\u00e9riau du manche : aluminium<\/span><br \/>\n<span title=\"\">Poids : 3,06 onces.<\/span><br \/>\n<span title=\"\">Utilisateur&nbsp;:&nbsp;Main droite<\/span><br \/>\n<span title=\"\">Clip de poche&nbsp;: rabattable<\/span><br \/>\n<span title=\"\">Type de couteau&nbsp;: OTF automatique \u00e0 double action<\/span><br \/>\n<span title=\"\">Ouvreur&nbsp;:&nbsp;glissi\u00e8re du pouce<\/span><br \/>\n<span title=\"\">Marque : Microtech<\/span><br \/>\n<span title=\"\">Mod\u00e8le&nbsp;: UTX-85<\/span><br \/>\n<span title=\"\">Num\u00e9ro de mod\u00e8le:<\/span> 233-10 OD<br \/>\n<span title=\"\">Pays d&rsquo;origine : \u00c9tats-Unis<\/span><br \/>\n<span title=\"\">Meilleure utilisation&nbsp;: Tactique<\/span><\/span><\/p>\n<p><iframe title=\"Microtech Combat Troodon Torture Test\" width=\"800\" height=\"450\" src=\"https:\/\/www.youtube.com\/embed\/xE9TeOFYEjg?feature=oembed\" frameborder=\"0\" allow=\"accelerometer; autoplay; clipboard-write; encrypted-media; gyroscope; picture-in-picture; web-share\" referrerpolicy=\"strict-origin-when-cross-origin\" allowfullscreen><\/iframe><\/p>\n<div id=\"ProductDetail_ProductDetails_div2\"><\/div>\n","protected":false},"excerpt":{"rendered":"<p>Au fil des ann\u00e9es, <strong>Microtech\u00ae Knives<\/strong> a rempli les couteaux avec passion et comp\u00e9tence pour cr\u00e9er presque des \u0153uvres d&rsquo;art qui sont le summum de la fonctionnalit\u00e9. Toutes les pi\u00e8ces sont fabriqu\u00e9es aux \u00c9tats-Unis.<br \/>\n<strong>Tous les couteaux Microtech sont garantis \u00e0 vie.<\/strong><\/p>\n<p><strong>Transports gratuits.<\/strong><\/p>\n","protected":false},"featured_media":216826,"comment_status":"open","ping_status":"closed","template":"","meta":[],"pwb-brand":[3751],"product_brand":[],"product_cat":[3699,3696],"product_tag":[3754],"class_list":{"0":"post-338044","1":"product","2":"type-product","3":"status-publish","4":"has-post-thumbnail","6":"pwb-brand-microtechnologie","7":"product_cat-couteaux-de-tir","8":"product_cat-des-couteaux","9":"product_tag-b2b-fr","11":"first","12":"instock","13":"taxable","14":"shipping-taxable","15":"purchasable","16":"product-type-simple"},"brands":[{"id":3751,"name":"Microtechnologie","slug":"microtechnologie"}],"_links":{"self":[{"href":"https:\/\/www.moskito.cz\/fr\/wp-json\/wp\/v2\/product\/338044","targetHints":{"allow":["GET"]}}],"collection":[{"href":"https:\/\/www.moskito.cz\/fr\/wp-json\/wp\/v2\/product"}],"about":[{"href":"https:\/\/www.moskito.cz\/fr\/wp-json\/wp\/v2\/types\/product"}],"replies":[{"embeddable":true,"href":"https:\/\/www.moskito.cz\/fr\/wp-json\/wp\/v2\/comments?post=338044"}],"wp:featuredmedia":[{"embeddable":true,"href":"https:\/\/www.moskito.cz\/fr\/wp-json\/wp\/v2\/media\/216826"}],"wp:attachment":[{"href":"https:\/\/www.moskito.cz\/fr\/wp-json\/wp\/v2\/media?parent=338044"}],"wp:term":[{"taxonomy":"pwb-brand","embeddable":true,"href":"https:\/\/www.moskito.cz\/fr\/wp-json\/wp\/v2\/pwb-brand?post=338044"},{"taxonomy":"product_brand","embeddable":true,"href":"https:\/\/www.moskito.cz\/fr\/wp-json\/wp\/v2\/product_brand?post=338044"},{"taxonomy":"product_cat","embeddable":true,"href":"https:\/\/www.moskito.cz\/fr\/wp-json\/wp\/v2\/product_cat?post=338044"},{"taxonomy":"product_tag","embeddable":true,"href":"https:\/\/www.moskito.cz\/fr\/wp-json\/wp\/v2\/product_tag?post=338044"}],"curies":[{"name":"wp","href":"https:\/\/api.w.org\/{rel}","templated":true}]}}