{"id":338053,"date":"2022-07-14T13:32:14","date_gmt":"2024-05-01T06:52:50","guid":{"rendered":"https:\/\/www.moskito.cz\/produkt\/couteau-de-tir-microtech-utx-85-od-vert-apocalyptique-233-10apod\/"},"modified":"2025-05-07T11:14:03","modified_gmt":"2025-05-07T10:14:03","slug":"couteau-de-tir-microtech-utx-85-od-vert-apocalyptique-233-10apod","status":"publish","type":"product","link":"https:\/\/www.moskito.cz\/fr\/produkt\/couteau-de-tir-microtech-utx-85-od-vert-apocalyptique-233-10apod\/","title":{"rendered":"Couteau de tir Microtech UTX-85 OD Vert Apocalyptique 233-10APOD"},"content":{"rendered":"<p>Couteau de tir <strong>Microtech<\/strong> UTX-85 OD Vert Apocalyptique 233-10APOD<\/p>\n<p>Microtech a mis \u00e0 jour et am\u00e9lior\u00e9 le mod\u00e8le UTX-85. Il pr\u00e9sente une ergonomie am\u00e9lior\u00e9e, des surfaces de poign\u00e9e arrondies et des patchs rainur\u00e9s sur les c\u00f4t\u00e9s pour une excellente prise en main. Le bouton de d\u00e9clenchement a \u00e9t\u00e9 repens\u00e9 pour augmenter la surface de contact pour un engagement efficace, et le brise-verre est dot\u00e9 d&rsquo;une pointe sph\u00e9rique ins\u00e9r\u00e9e dans une base \u00e0 motif triangulaire pour am\u00e9liorer ses mod\u00e8les d&rsquo;usure quotidienne. L&rsquo;UTX-85 est bas\u00e9 sur la plateforme Ultratech et est r\u00e9duit \u00e0 85 % de sa longueur. L&rsquo;UTX-85 est un choix attrayant pour ceux qui pr\u00e9f\u00e8rent un couteau EDC plus petit et appr\u00e9cient l&rsquo;action frontale haute performance de Microtech et la qualit\u00e9 de fabrication exceptionnelle.<\/p>\n<p>Ce mod\u00e8le est dot\u00e9 d&rsquo;une poign\u00e9e en aluminium 6061-T6 anodis\u00e9 vert OD avec le logo Claw sur le devant. Lame tanto en acier inoxydable M390 avec finition apocalyptique. Mat\u00e9riel de finition apocalyptique assorti, clip de poche et pointe brise-verre. La lame contient des informations sur le mod\u00e8le. Le clip de poche porte le logo Microtech, le num\u00e9ro de s\u00e9rie et la date de fabrication. Livr\u00e9 neuf dans sa bo\u00eete.<\/p>\n<p>Longueur totale : 18,75 cm<br \/>\nLongueur de la lame : 7,81 cm<br \/>\nTranchant : 7,17 cm<br \/>\n\u00c9paisseur de la lame : 0,32 cm<br \/>\nMat\u00e9riau de la lame : Bohler M390<br \/>\nInsertions&nbsp;: plates<br \/>\nLongueur du manche : 10,92 cm<br \/>\n\u00c9paisseur du manche : 1,17 cm<br \/>\nMat\u00e9riau du manche : aluminium<br \/>\nPoids : 3,06 onces.<br \/>\nUtilisateur&nbsp;:&nbsp;Main droite<br \/>\nClip de poche&nbsp;: rabattable<br \/>\nType de couteau&nbsp;: OTF automatique \u00e0 double action<br \/>\nOuvreur&nbsp;:&nbsp;glissi\u00e8re du pouce<br \/>\nMarque : Microtech<br \/>\nMod\u00e8le&nbsp;: UTX-85<br \/>\nPays d&rsquo;origine : \u00c9tats-Unis<br \/>\nMeilleure utilisation&nbsp;: Tactique<\/p>\n<p><iframe title=\"Microtech Combat Troodon Torture Test\" width=\"800\" height=\"450\" src=\"https:\/\/www.youtube.com\/embed\/xE9TeOFYEjg?feature=oembed\" frameborder=\"0\" allow=\"accelerometer; autoplay; clipboard-write; encrypted-media; gyroscope; picture-in-picture; web-share\" referrerpolicy=\"strict-origin-when-cross-origin\" allowfullscreen><\/iframe><\/p>\n<p>&nbsp;<\/p>\n<p>&nbsp;<\/p>\n","protected":false},"excerpt":{"rendered":"<p>Au fil des ann\u00e9es, Microtech\u00ae Knives a rempli les couteaux de passion et de savoir-faire pour cr\u00e9er presque des \u0153uvres d&rsquo;art qui sont le summum de la fonctionnalit\u00e9. Toutes les pi\u00e8ces sont fabriqu\u00e9es aux \u00c9tats-Unis.<br \/>\n<strong>Tous les couteaux Microtech sont garantis \u00e0 vie.<\/strong><\/p>\n<p><strong>Transports gratuits.<\/strong><\/p>\n","protected":false},"featured_media":338055,"comment_status":"open","ping_status":"closed","template":"","meta":[],"pwb-brand":[3751],"product_brand":[],"product_cat":[3699,3696],"product_tag":[3754],"class_list":{"0":"post-338053","1":"product","2":"type-product","3":"status-publish","4":"has-post-thumbnail","6":"pwb-brand-microtechnologie","7":"product_cat-couteaux-de-tir","8":"product_cat-des-couteaux","9":"product_tag-b2b-fr","11":"first","12":"instock","13":"taxable","14":"shipping-taxable","15":"purchasable","16":"product-type-simple"},"brands":[{"id":3751,"name":"Microtechnologie","slug":"microtechnologie"}],"_links":{"self":[{"href":"https:\/\/www.moskito.cz\/fr\/wp-json\/wp\/v2\/product\/338053","targetHints":{"allow":["GET"]}}],"collection":[{"href":"https:\/\/www.moskito.cz\/fr\/wp-json\/wp\/v2\/product"}],"about":[{"href":"https:\/\/www.moskito.cz\/fr\/wp-json\/wp\/v2\/types\/product"}],"replies":[{"embeddable":true,"href":"https:\/\/www.moskito.cz\/fr\/wp-json\/wp\/v2\/comments?post=338053"}],"wp:featuredmedia":[{"embeddable":true,"href":"https:\/\/www.moskito.cz\/fr\/wp-json\/wp\/v2\/media\/338055"}],"wp:attachment":[{"href":"https:\/\/www.moskito.cz\/fr\/wp-json\/wp\/v2\/media?parent=338053"}],"wp:term":[{"taxonomy":"pwb-brand","embeddable":true,"href":"https:\/\/www.moskito.cz\/fr\/wp-json\/wp\/v2\/pwb-brand?post=338053"},{"taxonomy":"product_brand","embeddable":true,"href":"https:\/\/www.moskito.cz\/fr\/wp-json\/wp\/v2\/product_brand?post=338053"},{"taxonomy":"product_cat","embeddable":true,"href":"https:\/\/www.moskito.cz\/fr\/wp-json\/wp\/v2\/product_cat?post=338053"},{"taxonomy":"product_tag","embeddable":true,"href":"https:\/\/www.moskito.cz\/fr\/wp-json\/wp\/v2\/product_tag?post=338053"}],"curies":[{"name":"wp","href":"https:\/\/api.w.org\/{rel}","templated":true}]}}