{"id":338069,"date":"2020-01-29T11:41:35","date_gmt":"2024-05-01T06:53:06","guid":{"rendered":"https:\/\/www.moskito.cz\/produkt\/couteau-de-tir-microtech-utx-85-233-10\/"},"modified":"2025-07-11T07:50:41","modified_gmt":"2025-07-11T06:50:41","slug":"couteau-de-tir-microtech-utx-85-233-10","status":"publish","type":"product","link":"https:\/\/www.moskito.cz\/fr\/produkt\/couteau-de-tir-microtech-utx-85-233-10\/","title":{"rendered":"Couteau de tir Microtech UTX-85 233-10"},"content":{"rendered":"<p>Couteau de tir <strong>Microtech UTX-85<\/strong> 233-10.<\/p>\n<p><span lang=\"cs\">Au fil des ann\u00e9es, Microtech\u00ae Knives a rempli les couteaux de passion et de savoir-faire pour cr\u00e9er presque des \u0153uvres d&rsquo;art qui sont le summum de la fonctionnalit\u00e9. Il continue de repousser les limites et d&rsquo;am\u00e9liorer<br \/>\nce qu&rsquo;il sait d\u00e9j\u00e0 fonctionne. En 2020, Microtech\u00ae Knives est devenue une marque leader de couteaux<br \/>\nune marque en constante \u00e9volution et qui avance avec les derni\u00e8res technologies,<br \/>\nprincipes anciens de fabrication de lames et tests sur le terrain maximum afin de ne pas compromettre la qualit\u00e9.  <\/span><\/p>\n<p><span class=\"tlid-translation translation\"><span class=\"\" title=\"\">Un couteau qui tire de face.<\/span><\/span><\/p>\n<p><span class=\"tlid-translation translation\"><span class=\"\" title=\"\">Le couteau de tir Microtech UTX-85 233-10 est \u00e9quip\u00e9 d&rsquo;une lame avec un simple tranchant tanto.<\/span> <span class=\"\" title=\"\">Il poss\u00e8de une poign\u00e9e en aluminium noir moul\u00e9 en aluminium anodis\u00e9 6061-T6 avec une pointe \u00e0 bille en acier inoxydable.<\/span><\/span><\/p>\n<p><span title=\"\"><strong>Microtech<\/strong> a \u00e9quip\u00e9 cette version du tr\u00e8s populaire couteau OTF d&rsquo;un manche au contour lisse qui augmente le confort d&rsquo;utilisation.<\/span> <span title=\"\">Ce mod\u00e8le mis \u00e0 jour offre les m\u00eames dimensions, mat\u00e9riel et durabilit\u00e9 offerts par la variante \u00ab\u00a0Tri-Grip\u00a0\u00bb, mais tient plus facilement dans la main et dans la poche.<\/span><\/p>\n<p><span title=\"\">Pour ceux qui ne connaissent pas la technologie, il s\u2019agit d\u2019un couteau enti\u00e8rement automatique dot\u00e9 d\u2019un double m\u00e9canisme sur le devant, ce qui signifie que la lame se plie et se r\u00e9tracte avec le pouce.<\/span> <span title=\"\">Le couteau Ultratech de <strong>Microtech<\/strong> place la barre pour tous les couteaux OTF.<\/span><\/p>\n<p><span class=\"tlid-translation translation\"><span class=\"\" title=\"\">Longueur totale : 18,75 cm<\/span><br \/>\n<span class=\"\" title=\"\">Longueur de la lame : 7,81 cm<\/span><br \/>\n<span class=\"\" title=\"\">Tranchant : 7,17 cm<\/span><br \/>\n<span class=\"\" title=\"\">\u00c9paisseur de la lame : 0,32 cm<\/span><br \/>\n<span class=\"\" title=\"\">Mat\u00e9riau de la lame : Bohler M390<\/span><br \/>\n<span title=\"\">Style de lame : Tanto<\/span><br \/>\n<span title=\"\">Insertions&nbsp;: plates<\/span><br \/>\n<span title=\"\">Type de bordure&nbsp;:&nbsp;Unie<\/span><br \/>\n<span title=\"\">Longueur du manche : 10,92 cm<\/span><br \/>\n<span class=\"\" title=\"\">\u00c9paisseur du manche : 1,17 cm<\/span><br \/>\n<span title=\"\">Mat\u00e9riau du manche : aluminium<\/span><br \/>\n<span title=\"\">Poids : 3,06 onces.<\/span><br \/>\n<span title=\"\">Utilisateur&nbsp;:&nbsp;Main droite<\/span><br \/>\n<span title=\"\">Clip de poche&nbsp;: rabattable<\/span><br \/>\n<span title=\"\">Type de couteau&nbsp;: OTF automatique \u00e0 double action<\/span><br \/>\n<span title=\"\">Ouvreur&nbsp;:&nbsp;glissi\u00e8re du pouce<\/span><br \/>\n<span title=\"\">Marque : Microtech<\/span><br \/>\n<span title=\"\">Mod\u00e8le&nbsp;: UTX-85<\/span><br \/>\n<span title=\"\">Num\u00e9ro de mod\u00e8le :<\/span> 233-10<br \/>\n<span title=\"\">Pays d&rsquo;origine : \u00c9tats-Unis<\/span><br \/>\n<span title=\"\">Meilleure utilisation&nbsp;: Tactique<\/span><\/span><\/p>\n<div class=\"description\">\n<p><iframe title=\"Microtech Combat Troodon Torture Test\" width=\"800\" height=\"450\" src=\"https:\/\/www.youtube.com\/embed\/xE9TeOFYEjg?feature=oembed\" frameborder=\"0\" allow=\"accelerometer; autoplay; clipboard-write; encrypted-media; gyroscope; picture-in-picture; web-share\" referrerpolicy=\"strict-origin-when-cross-origin\" allowfullscreen><\/iframe><\/p>\n<div class=\"clearfix\"><\/div>\n<\/div>\n","protected":false},"excerpt":{"rendered":"<p>Au fil des ann\u00e9es, Microtech\u00ae Knives a rempli les couteaux de passion et de savoir-faire pour cr\u00e9er presque des \u0153uvres d&rsquo;art qui sont le summum de la fonctionnalit\u00e9. Toutes les pi\u00e8ces sont fabriqu\u00e9es aux \u00c9tats-Unis.<br \/>\n<strong>Tous les couteaux Microtech sont garantis \u00e0 vie.<\/strong><\/p>\n","protected":false},"featured_media":178336,"comment_status":"open","ping_status":"closed","template":"","meta":[],"pwb-brand":[3751],"product_brand":[],"product_cat":[3699,3696],"product_tag":[3754],"class_list":{"0":"post-338069","1":"product","2":"type-product","3":"status-publish","4":"has-post-thumbnail","6":"pwb-brand-microtechnologie","7":"product_cat-couteaux-de-tir","8":"product_cat-des-couteaux","9":"product_tag-b2b-fr","11":"first","12":"instock","13":"taxable","14":"shipping-taxable","15":"purchasable","16":"product-type-simple"},"brands":[{"id":3751,"name":"Microtechnologie","slug":"microtechnologie"}],"_links":{"self":[{"href":"https:\/\/www.moskito.cz\/fr\/wp-json\/wp\/v2\/product\/338069","targetHints":{"allow":["GET"]}}],"collection":[{"href":"https:\/\/www.moskito.cz\/fr\/wp-json\/wp\/v2\/product"}],"about":[{"href":"https:\/\/www.moskito.cz\/fr\/wp-json\/wp\/v2\/types\/product"}],"replies":[{"embeddable":true,"href":"https:\/\/www.moskito.cz\/fr\/wp-json\/wp\/v2\/comments?post=338069"}],"wp:featuredmedia":[{"embeddable":true,"href":"https:\/\/www.moskito.cz\/fr\/wp-json\/wp\/v2\/media\/178336"}],"wp:attachment":[{"href":"https:\/\/www.moskito.cz\/fr\/wp-json\/wp\/v2\/media?parent=338069"}],"wp:term":[{"taxonomy":"pwb-brand","embeddable":true,"href":"https:\/\/www.moskito.cz\/fr\/wp-json\/wp\/v2\/pwb-brand?post=338069"},{"taxonomy":"product_brand","embeddable":true,"href":"https:\/\/www.moskito.cz\/fr\/wp-json\/wp\/v2\/product_brand?post=338069"},{"taxonomy":"product_cat","embeddable":true,"href":"https:\/\/www.moskito.cz\/fr\/wp-json\/wp\/v2\/product_cat?post=338069"},{"taxonomy":"product_tag","embeddable":true,"href":"https:\/\/www.moskito.cz\/fr\/wp-json\/wp\/v2\/product_tag?post=338069"}],"curies":[{"name":"wp","href":"https:\/\/api.w.org\/{rel}","templated":true}]}}