{"id":338074,"date":"2022-05-22T20:24:01","date_gmt":"2024-05-01T06:53:08","guid":{"rendered":"https:\/\/www.moskito.cz\/produkt\/couteau-de-tir-microtech-utx-85-stonewash-233-10-rd\/"},"modified":"2025-05-07T11:14:06","modified_gmt":"2025-05-07T10:14:06","slug":"couteau-de-tir-microtech-utx-85-stonewash-233-10-rd","status":"publish","type":"product","link":"https:\/\/www.moskito.cz\/fr\/produkt\/couteau-de-tir-microtech-utx-85-stonewash-233-10-rd\/","title":{"rendered":"Couteau de tir Microtech UTX-85 STONEWASH 233-10 RD"},"content":{"rendered":"<p>Couteau de tir <strong>Microtech<\/strong> UTX-85 STONEWASH 233-10 RD<\/p>\n<p>Red Tanto Edge (T\/E) UTX-85 avec lame Stonewash et mat\u00e9riel standard. Couteau double action Out the Front (OTF). Manche en aluminium 6061-T6 anodis\u00e9 rouge avec lame en acier M390.<\/p>\n<p>Couteau Microtech UTX-85 OTF- Tanto Edge- rouge avec lame Stonewash 233-10 RD<\/p>\n<p>Longueur totale : 18,75 cm<br \/>\nLongueur de la lame : 7,81 cm<br \/>\nTranchant : 7,17 cm<br \/>\n\u00c9paisseur de la lame : 0,32 cm<br \/>\nMat\u00e9riau de la lame : Bohler M390<br \/>\nStyle de lame : Classique<br \/>\nInsertions&nbsp;: plates<br \/>\nLongueur du manche : 10,92 cm<br \/>\n\u00c9paisseur du manche : 1,17 cm<br \/>\nMat\u00e9riau du manche : aluminium<br \/>\nPoids : 3,06 onces.<br \/>\nUtilisateur&nbsp;:&nbsp;Main droite<br \/>\nClip de poche&nbsp;: rabattable<br \/>\nType de couteau&nbsp;: OTF automatique \u00e0 double action<br \/>\nOuvreur&nbsp;:&nbsp;glissi\u00e8re du pouce<br \/>\nMarque : Microtech<br \/>\nMod\u00e8le&nbsp;: UTX-85<br \/>\nPays d&rsquo;origine : \u00c9tats-Unis<\/p>\n<p><iframe title=\"Microtech Combat Troodon Torture Test\" width=\"800\" height=\"450\" src=\"https:\/\/www.youtube.com\/embed\/xE9TeOFYEjg?feature=oembed\" frameborder=\"0\" allow=\"accelerometer; autoplay; clipboard-write; encrypted-media; gyroscope; picture-in-picture; web-share\" referrerpolicy=\"strict-origin-when-cross-origin\" allowfullscreen><\/iframe><\/p>\n<p>&nbsp;<\/p>\n","protected":false},"excerpt":{"rendered":"<p>Au fil des ann\u00e9es <strong>, Microtech\u00ae Knives<\/strong> a rempli les couteaux avec passion et comp\u00e9tence pour cr\u00e9er presque des \u0153uvres d&rsquo;art qui sont le summum de la fonctionnalit\u00e9. Toutes les pi\u00e8ces sont fabriqu\u00e9es aux \u00c9tats-Unis.<br \/>\n<strong>Tous les couteaux Microtech sont garantis \u00e0 vie.<\/strong><\/p>\n<p><strong>Transports gratuits.<\/strong><\/p>\n","protected":false},"featured_media":338076,"comment_status":"open","ping_status":"closed","template":"","meta":[],"pwb-brand":[3751],"product_brand":[],"product_cat":[3699,3696],"product_tag":[3754],"class_list":{"0":"post-338074","1":"product","2":"type-product","3":"status-publish","4":"has-post-thumbnail","6":"pwb-brand-microtechnologie","7":"product_cat-couteaux-de-tir","8":"product_cat-des-couteaux","9":"product_tag-b2b-fr","11":"first","12":"instock","13":"taxable","14":"shipping-taxable","15":"purchasable","16":"product-type-simple"},"brands":[{"id":3751,"name":"Microtechnologie","slug":"microtechnologie"}],"_links":{"self":[{"href":"https:\/\/www.moskito.cz\/fr\/wp-json\/wp\/v2\/product\/338074","targetHints":{"allow":["GET"]}}],"collection":[{"href":"https:\/\/www.moskito.cz\/fr\/wp-json\/wp\/v2\/product"}],"about":[{"href":"https:\/\/www.moskito.cz\/fr\/wp-json\/wp\/v2\/types\/product"}],"replies":[{"embeddable":true,"href":"https:\/\/www.moskito.cz\/fr\/wp-json\/wp\/v2\/comments?post=338074"}],"wp:featuredmedia":[{"embeddable":true,"href":"https:\/\/www.moskito.cz\/fr\/wp-json\/wp\/v2\/media\/338076"}],"wp:attachment":[{"href":"https:\/\/www.moskito.cz\/fr\/wp-json\/wp\/v2\/media?parent=338074"}],"wp:term":[{"taxonomy":"pwb-brand","embeddable":true,"href":"https:\/\/www.moskito.cz\/fr\/wp-json\/wp\/v2\/pwb-brand?post=338074"},{"taxonomy":"product_brand","embeddable":true,"href":"https:\/\/www.moskito.cz\/fr\/wp-json\/wp\/v2\/product_brand?post=338074"},{"taxonomy":"product_cat","embeddable":true,"href":"https:\/\/www.moskito.cz\/fr\/wp-json\/wp\/v2\/product_cat?post=338074"},{"taxonomy":"product_tag","embeddable":true,"href":"https:\/\/www.moskito.cz\/fr\/wp-json\/wp\/v2\/product_tag?post=338074"}],"curies":[{"name":"wp","href":"https:\/\/api.w.org\/{rel}","templated":true}]}}