{"id":338131,"date":"2024-05-01T08:03:16","date_gmt":"2024-05-01T07:06:12","guid":{"rendered":"https:\/\/www.moskito.cz\/produkt\/couteau-de-tir-microtech-bastinelli-brachial-stonewashed-268a-12\/"},"modified":"2025-05-07T11:14:06","modified_gmt":"2025-05-07T10:14:06","slug":"couteau-de-tir-microtech-bastinelli-brachial-stonewashed-268a-12","status":"publish","type":"product","link":"https:\/\/www.moskito.cz\/fr\/produkt\/couteau-de-tir-microtech-bastinelli-brachial-stonewashed-268a-12\/","title":{"rendered":"Couteau de tir Microtech\/Bastinelli Brachial Stonewashed 268A-12"},"content":{"rendered":"<p>Couteau de tir <strong>Microtech\/Bastinelli<\/strong> Brachial Stonewashed 268A-12.<\/p>\n<p>Le Brachial est une collaboration de conception de style persan avec Bastinelli Knives qui apporte une pi\u00e8ce de style unique \u00e0 la gamme Microtech. Nous aimons tout dans ce couteau. De son apparence \u00e0 son ergonomie, en passant par son action et ses mat\u00e9riaux sup\u00e9rieurs&nbsp;; cela vous servira pendant de nombreuses ann\u00e9es. Il convient \u00e9galement \u00e0 une myriade d\u2019applications allant de l\u2019EDC aux tactiques et litt\u00e9ralement \u00e0 tout le reste. Il comprend une finition usin\u00e9e avec un motif de fragments pour une meilleure adh\u00e9rence, un clip de poche magnifiquement con\u00e7u et un trou pour lani\u00e8re cach\u00e9 pouvant contenir 550 paracordes. C&rsquo;est un sacr\u00e9 couteau, prenez-le tant que vous le pouvez !<br \/>\nCaract\u00e9ristiques:<\/p>\n<p>Longueur de la lame : 9 cm<br \/>\nLongueur totale : 20,31 cm<br \/>\nMat\u00e9riau de la lame : M390<br \/>\nStyle de lame&nbsp;: pointe de fuite<br \/>\nMeulage de la lame&nbsp;:&nbsp;Plat<br \/>\nTraitement de surface de la lame : Stonewash<br \/>\nMat\u00e9riau du manche : Aluminium noir frais\u00e9 6061-T6<br \/>\nM\u00e9canisme de verrouillage : Bouton<br \/>\nClip de poche&nbsp;: acier inoxydable (d\u00e9pliable, \u00e0 porter \u00e0 droite)<br \/>\nPoids : 4,37 onces.<br \/>\nCr\u00e9ateurs : Bastien Coves et Tony Marfione<br \/>\nFabriqu\u00e9 aux \u00c9tats-Unis<\/p>\n<p><iframe title=\"Microtech Combat Troodon Torture Test\" width=\"800\" height=\"450\" src=\"https:\/\/www.youtube.com\/embed\/xE9TeOFYEjg?feature=oembed\" frameborder=\"0\" allow=\"accelerometer; autoplay; clipboard-write; encrypted-media; gyroscope; picture-in-picture; web-share\" referrerpolicy=\"strict-origin-when-cross-origin\" allowfullscreen><\/iframe><\/p>\n<p>&nbsp;<\/p>\n","protected":false},"excerpt":{"rendered":"<div class=\"elementor-element elementor-element-bbb542b elementor-widget elementor-widget-woocommerce-product-short-description\" data-id=\"bbb542b\" data-element_type=\"widget\" data-widget_type=\"woocommerce-product-short-description.default\">\n<div class=\"elementor-widget-container\">\n<div class=\"woocommerce-product-details__short-description\">\n<div class=\"elementor-element elementor-element-bbb542b elementor-widget elementor-widget-woocommerce-product-short-description\" data-id=\"bbb542b\" data-element_type=\"widget\" data-widget_type=\"woocommerce-product-short-description.default\">\n<div class=\"elementor-widget-container\">\n<div class=\"woocommerce-product-details__short-description\">\n<p><strong>Au fil des ann\u00e9es, Microtech\u00ae Knives a rempli les couteaux avec passion et comp\u00e9tence pour cr\u00e9er presque des \u0153uvres d&rsquo;art qui sont le summum de la fonctionnalit\u00e9. Toutes les pi\u00e8ces sont fabriqu\u00e9es aux \u00c9tats-Unis.<\/strong><br \/>\n<strong>Tous les couteaux Microtech sont garantis \u00e0 vie.<\/strong><\/p>\n<p><strong>Transports gratuits.<\/strong><\/p>\n<\/div>\n<\/div>\n<\/div>\n<\/div>\n<\/div>\n<\/div>\n","protected":false},"featured_media":338093,"comment_status":"open","ping_status":"closed","template":"","meta":[],"pwb-brand":[3751],"product_brand":[],"product_cat":[3699,3696],"product_tag":[3754],"class_list":{"0":"post-338131","1":"product","2":"type-product","3":"status-publish","4":"has-post-thumbnail","6":"pwb-brand-microtechnologie","7":"product_cat-couteaux-de-tir","8":"product_cat-des-couteaux","9":"product_tag-b2b-fr","11":"first","12":"instock","13":"taxable","14":"shipping-taxable","15":"purchasable","16":"product-type-simple"},"brands":[{"id":3751,"name":"Microtechnologie","slug":"microtechnologie"}],"_links":{"self":[{"href":"https:\/\/www.moskito.cz\/fr\/wp-json\/wp\/v2\/product\/338131","targetHints":{"allow":["GET"]}}],"collection":[{"href":"https:\/\/www.moskito.cz\/fr\/wp-json\/wp\/v2\/product"}],"about":[{"href":"https:\/\/www.moskito.cz\/fr\/wp-json\/wp\/v2\/types\/product"}],"replies":[{"embeddable":true,"href":"https:\/\/www.moskito.cz\/fr\/wp-json\/wp\/v2\/comments?post=338131"}],"wp:featuredmedia":[{"embeddable":true,"href":"https:\/\/www.moskito.cz\/fr\/wp-json\/wp\/v2\/media\/338093"}],"wp:attachment":[{"href":"https:\/\/www.moskito.cz\/fr\/wp-json\/wp\/v2\/media?parent=338131"}],"wp:term":[{"taxonomy":"pwb-brand","embeddable":true,"href":"https:\/\/www.moskito.cz\/fr\/wp-json\/wp\/v2\/pwb-brand?post=338131"},{"taxonomy":"product_brand","embeddable":true,"href":"https:\/\/www.moskito.cz\/fr\/wp-json\/wp\/v2\/product_brand?post=338131"},{"taxonomy":"product_cat","embeddable":true,"href":"https:\/\/www.moskito.cz\/fr\/wp-json\/wp\/v2\/product_cat?post=338131"},{"taxonomy":"product_tag","embeddable":true,"href":"https:\/\/www.moskito.cz\/fr\/wp-json\/wp\/v2\/product_tag?post=338131"}],"curies":[{"name":"wp","href":"https:\/\/api.w.org\/{rel}","templated":true}]}}