{"id":338380,"date":"2021-09-07T22:02:57","date_gmt":"2024-05-01T08:58:14","guid":{"rendered":"https:\/\/www.moskito.cz\/produkt\/couteau-de-tir-microtech-stitch-borka-blades-stonewashed-spear-point-169-11\/"},"modified":"2025-05-07T11:14:13","modified_gmt":"2025-05-07T10:14:13","slug":"couteau-de-tir-microtech-stitch-borka-blades-stonewashed-spear-point-169-11","status":"publish","type":"product","link":"https:\/\/www.moskito.cz\/fr\/produkt\/couteau-de-tir-microtech-stitch-borka-blades-stonewashed-spear-point-169-11\/","title":{"rendered":"Couteau de tir Microtech Stitch Borka Blades Stonewashed Spear Point 169-11"},"content":{"rendered":"<p>Couteau de tir <strong>Microtech<\/strong> Stitch Borka Blades Stonewashed Spear Point 169-11.<\/p>\n<p>Ce Stitch automatique est une belle collaboration tactique entre Tony Marfione et Sebastijan Berenji, \u00e9galement connu sous le nom de Borka. Le design \u00e9tonnant de Sebastijan Stitch avec l&rsquo;incroyable m\u00e9canisme d&rsquo;ouverture automatique de Tony en fait l&rsquo;une des meilleures collaborations de production de 2017. La lame de 8,5 cm pr\u00e9sente une surface apocalyptique plate. La poign\u00e9e est en aluminium hautement frais\u00e9 avec une finition anodis\u00e9e noire Mil-Spec Hardcoat et une entretoise arri\u00e8re en aluminium. La lame tire comme une fus\u00e9e et se verrouille solidement, ce qui est un exploit impressionnant \u00e9tant donn\u00e9 qu&rsquo;elle est AUTO. Il s&rsquo;agit d&rsquo;un mod\u00e8le de production tant attendu de la c\u00e9l\u00e8bre coutume, vous avez donc la chance d&rsquo;avoir un couteau Borka \u00e0 une fraction du prix.<\/p>\n<p>Conception Borka<br \/>\nMat\u00e9riel Torx<br \/>\nEntretoise arri\u00e8re en aluminium textur\u00e9<br \/>\nCaract\u00e9ristiques<br \/>\nLongueur de la lame : 8,5 cm<br \/>\nLongueur du manche : 12,5 cm<br \/>\nLongueur totale : 21 cm<br \/>\nAttention, la lame en acier ne peut \u00eatre pr\u00e9cis\u00e9e car elle peut varier selon la disponibilit\u00e9 (informations Microtech)<br \/>\n\u00c9paisseur de la lame : 0,190&Prime;<br \/>\nStyle de lame&nbsp;: pointe de lance<br \/>\nMeulage de la lame&nbsp;:&nbsp;Plat<br \/>\nTraitement de surface de la lame : Stonewash<br \/>\nMat\u00e9riau de la poign\u00e9e&nbsp;: aluminium frais\u00e9, rev\u00eatement dur Mil-Spec, anodis\u00e9<br \/>\n\u00c9paisseur du manche : 0,62&Prime;<br \/>\nM\u00e9canisme de verrouillage : Bouton<br \/>\nClip de poche : acier inoxydable (pliable, \u00e0 droite)<br \/>\nPoids : 6,3 onces.<br \/>\nCr\u00e9ateurs : Sebastijan Berenji et Tony Marfione<br \/>\nFabriqu\u00e9 aux \u00c9tats-Unis<\/p>\n<p>&nbsp;<\/p>\n<p>&nbsp;<\/p>\n<p>Ce point automatique est une belle collaboration tactique entre Tony Marfione et Sebastijan Berenji, AKA Borka. Il reprend le superbe design Stitch de Sebastijan et l&rsquo;associe au superbe m\u00e9canisme d&rsquo;ouverture automatique de Tony pour cr\u00e9er l&rsquo;une des collaborations de production les plus cool de 2017. La lame \u00e0 pointe de lance de 3,625 pouces pr\u00e9sente une meule plate, une finition apocalyptique et un saut sur le choil du doigt et la rampe du pouce pour un excellent achat lors de t\u00e2ches de coupe plus fines. La poign\u00e9e est en aluminium fortement frais\u00e9 avec une finition anodis\u00e9e noire Mil-Spec Hardcoat et une entretoise arri\u00e8re en aluminium jimped. Il tire comme une fus\u00e9e et se verrouille herm\u00e9tiquement, ce qui, \u00e9tant donn\u00e9 qu&rsquo;il s&rsquo;agit d&rsquo;une AUTO, est un exploit impressionnant. Il s&rsquo;agit du mod\u00e8le de production tant attendu de la c\u00e9l\u00e8bre coutume, ce qui en fait votre chance d&rsquo;avoir un couteau Borka \u00e0 une fraction du prix.<\/p>\n<p>Caract\u00e9ristiques<br \/>\nConception Borka<br \/>\nMat\u00e9riel Torx<br \/>\nEntretoise arri\u00e8re en aluminium textur\u00e9<br \/>\nCaract\u00e9ristiques<br \/>\nLongueur de la lame : 3,625&Prime;<br \/>\nTranchant : 3,05&Prime;<br \/>\nLongueur du manche&nbsp;: 5,0&Prime;<br \/>\nLongueur totale : 8,50&Prime;<br \/>\nAttention, l&rsquo;acier de la lame ne peut pas \u00eatre pr\u00e9cis\u00e9 car il peut changer selon la disponibilit\u00e9 (informations Microtech)<br \/>\n\u00c9paisseur de la lame : 0,190&Prime;<br \/>\nStyle de lame&nbsp;: pointe de lance<br \/>\nMeulage de la lame&nbsp;:&nbsp;Plat<br \/>\nFinition de la lame&nbsp;: Stonewash<br \/>\nMat\u00e9riau de la poign\u00e9e&nbsp;: aluminium frais\u00e9, rev\u00eatement dur Mil-Spec anodis\u00e9<br \/>\n\u00c9paisseur du manche : 0,62&Prime;<br \/>\nM\u00e9canisme de verrouillage&nbsp;: bouton<br \/>\nClip de poche&nbsp;: acier inoxydable (basculable, transport \u00e0 droite)<br \/>\nPoids : 6,3 onces.<br \/>\nCr\u00e9ateurs : Sebastijan Berenji et Tony Marfione<br \/>\nFabriqu\u00e9 aux Etats-Unis<\/p>\n","protected":false},"excerpt":{"rendered":"<p>Au fil des ann\u00e9es , Microtech\u00ae Knives a rempli les couteaux avec passion et comp\u00e9tence pour cr\u00e9er presque des \u0153uvres d&rsquo;art qui sont le summum de la fonctionnalit\u00e9. Toutes les pi\u00e8ces sont fabriqu\u00e9es aux \u00c9tats-Unis.<br \/>\n<strong>Tous les couteaux Microtech sont garantis \u00e0 vie.<\/strong><\/p>\n<p><strong>Transports gratuits.<\/strong><\/p>\n","protected":false},"featured_media":338381,"comment_status":"open","ping_status":"closed","template":"","meta":[],"pwb-brand":[3751],"product_brand":[],"product_cat":[3699,3696],"product_tag":[3754],"class_list":{"0":"post-338380","1":"product","2":"type-product","3":"status-publish","4":"has-post-thumbnail","6":"pwb-brand-microtechnologie","7":"product_cat-couteaux-de-tir","8":"product_cat-des-couteaux","9":"product_tag-b2b-fr","11":"first","12":"instock","13":"taxable","14":"shipping-taxable","15":"purchasable","16":"product-type-simple"},"brands":[{"id":3751,"name":"Microtechnologie","slug":"microtechnologie"}],"_links":{"self":[{"href":"https:\/\/www.moskito.cz\/fr\/wp-json\/wp\/v2\/product\/338380","targetHints":{"allow":["GET"]}}],"collection":[{"href":"https:\/\/www.moskito.cz\/fr\/wp-json\/wp\/v2\/product"}],"about":[{"href":"https:\/\/www.moskito.cz\/fr\/wp-json\/wp\/v2\/types\/product"}],"replies":[{"embeddable":true,"href":"https:\/\/www.moskito.cz\/fr\/wp-json\/wp\/v2\/comments?post=338380"}],"wp:featuredmedia":[{"embeddable":true,"href":"https:\/\/www.moskito.cz\/fr\/wp-json\/wp\/v2\/media\/338381"}],"wp:attachment":[{"href":"https:\/\/www.moskito.cz\/fr\/wp-json\/wp\/v2\/media?parent=338380"}],"wp:term":[{"taxonomy":"pwb-brand","embeddable":true,"href":"https:\/\/www.moskito.cz\/fr\/wp-json\/wp\/v2\/pwb-brand?post=338380"},{"taxonomy":"product_brand","embeddable":true,"href":"https:\/\/www.moskito.cz\/fr\/wp-json\/wp\/v2\/product_brand?post=338380"},{"taxonomy":"product_cat","embeddable":true,"href":"https:\/\/www.moskito.cz\/fr\/wp-json\/wp\/v2\/product_cat?post=338380"},{"taxonomy":"product_tag","embeddable":true,"href":"https:\/\/www.moskito.cz\/fr\/wp-json\/wp\/v2\/product_tag?post=338380"}],"curies":[{"name":"wp","href":"https:\/\/api.w.org\/{rel}","templated":true}]}}