{"id":338520,"date":"2024-05-01T11:09:28","date_gmt":"2024-05-01T10:11:58","guid":{"rendered":"https:\/\/www.moskito.cz\/produkt\/couteau-de-tir-microtech-socom-elite-160a-1ta\/"},"modified":"2025-05-07T11:14:15","modified_gmt":"2025-05-07T10:14:15","slug":"couteau-de-tir-microtech-socom-elite-160a-1ta","status":"publish","type":"product","link":"https:\/\/www.moskito.cz\/fr\/produkt\/couteau-de-tir-microtech-socom-elite-160a-1ta\/","title":{"rendered":"Couteau de tir Microtech Socom Elite 160A-1TA"},"content":{"rendered":"<p>Couteau de tir <strong>Microtech<\/strong> Socom Elite 160A-1TA.<\/p>\n<p><strong>Socom Elite<\/strong> \u00e9tablit la norme la plus \u00e9lev\u00e9e en mati\u00e8re de couverts tactiques\/utilitaires. Depuis la cr\u00e9ation du premier Socom en 1996, il est le pionnier de toute la gamme de couteaux pliants Microtech. Un certain nombre d&rsquo;am\u00e9liorations ont \u00e9t\u00e9 apport\u00e9es au fil des ann\u00e9es pour rendre Socom mieux adapt\u00e9 aux diff\u00e9rents environnements. Les Socom automatiques et manuels ont une forme de poign\u00e9e unique qui s&rsquo;adapte \u00e0 votre main. Vous savez que vous achetez le meilleur outil du march\u00e9, quelle que soit la lame que vous choisissez : clip tip ou tanto. Un brise-verre int\u00e9gr\u00e9 \u00e0 la base du manche et un gros bouton permettant une ouverture facile avec un gant lui conf\u00e8rent un look impressionnant. La fiabilit\u00e9 robuste de Socom en fait le premier choix de la communaut\u00e9 des op\u00e9rations sp\u00e9ciales.<br \/>\nCaract\u00e9ristiques:<\/p>\n<p>Longueur de la lame : 10,12 cm<br \/>\nLongueur ferm\u00e9 : 14 cm<br \/>\nLongueur totale : 25 cm<br \/>\nAcier : M390<br \/>\nStyle de lame&nbsp;:&nbsp;pointe de clip<br \/>\nMeulage de la lame&nbsp;:&nbsp;Plat<br \/>\nFinition de la lame : noir<br \/>\nMat\u00e9riau du manche : aluminium avec inserts textur\u00e9s<br \/>\nMat\u00e9riau de l&rsquo;insert&nbsp;: Acier inoxydable<br \/>\nM\u00e9canisme de verrouillage&nbsp;:&nbsp;Ins\u00e9rer<br \/>\nClip de poche : Acier inoxydable (pliable, usure droite)<br \/>\nPoids : 5,6 onces.<br \/>\nCr\u00e9ateur : Tony Marfione<br \/>\nFabriqu\u00e9 aux \u00c9tats-Unis<\/p>\n<p><iframe title=\"Microtech Combat Troodon Torture Test\" width=\"800\" height=\"450\" src=\"https:\/\/www.youtube.com\/embed\/xE9TeOFYEjg?feature=oembed\" frameborder=\"0\" allow=\"accelerometer; autoplay; clipboard-write; encrypted-media; gyroscope; picture-in-picture; web-share\" referrerpolicy=\"strict-origin-when-cross-origin\" allowfullscreen><\/iframe><\/p>\n<p>&nbsp;<\/p>\n","protected":false},"excerpt":{"rendered":"<div class=\"elementor-element elementor-element-bbb542b elementor-widget elementor-widget-woocommerce-product-short-description\" data-id=\"bbb542b\" data-element_type=\"widget\" data-widget_type=\"woocommerce-product-short-description.default\">\n<div class=\"elementor-widget-container\">\n<div class=\"woocommerce-product-details__short-description\">\n<div class=\"elementor-element elementor-element-bbb542b elementor-widget elementor-widget-woocommerce-product-short-description\" data-id=\"bbb542b\" data-element_type=\"widget\" data-widget_type=\"woocommerce-product-short-description.default\">\n<div class=\"elementor-widget-container\">\n<div class=\"woocommerce-product-details__short-description\">\n<div class=\"elementor-element elementor-element-bbb542b elementor-widget elementor-widget-woocommerce-product-short-description\" data-id=\"bbb542b\" data-element_type=\"widget\" data-widget_type=\"woocommerce-product-short-description.default\">\n<div class=\"elementor-widget-container\">\n<div class=\"woocommerce-product-details__short-description\">\n<p><strong>Au fil des ann\u00e9es, Microtech\u00ae Knives a rempli les couteaux de passion et de savoir-faire pour cr\u00e9er presque des \u0153uvres d&rsquo;art qui sont le summum de la fonctionnalit\u00e9. Toutes les pi\u00e8ces sont fabriqu\u00e9es aux \u00c9tats-Unis.<\/strong><br \/>\n<strong>Tous les couteaux Microtech sont garantis \u00e0 vie.<\/strong><\/p>\n<p><strong>Transports gratuits.<\/strong><\/p>\n<\/div>\n<\/div>\n<\/div>\n<\/div>\n<\/div>\n<\/div>\n<\/div>\n<\/div>\n<\/div>\n","protected":false},"featured_media":338480,"comment_status":"open","ping_status":"closed","template":"","meta":[],"pwb-brand":[3751],"product_brand":[],"product_cat":[3699,3696],"product_tag":[3754],"class_list":{"0":"post-338520","1":"product","2":"type-product","3":"status-publish","4":"has-post-thumbnail","6":"pwb-brand-microtechnologie","7":"product_cat-couteaux-de-tir","8":"product_cat-des-couteaux","9":"product_tag-b2b-fr","11":"first","12":"outofstock","13":"taxable","14":"shipping-taxable","15":"purchasable","16":"product-type-simple"},"brands":[{"id":3751,"name":"Microtechnologie","slug":"microtechnologie"}],"_links":{"self":[{"href":"https:\/\/www.moskito.cz\/fr\/wp-json\/wp\/v2\/product\/338520","targetHints":{"allow":["GET"]}}],"collection":[{"href":"https:\/\/www.moskito.cz\/fr\/wp-json\/wp\/v2\/product"}],"about":[{"href":"https:\/\/www.moskito.cz\/fr\/wp-json\/wp\/v2\/types\/product"}],"replies":[{"embeddable":true,"href":"https:\/\/www.moskito.cz\/fr\/wp-json\/wp\/v2\/comments?post=338520"}],"wp:featuredmedia":[{"embeddable":true,"href":"https:\/\/www.moskito.cz\/fr\/wp-json\/wp\/v2\/media\/338480"}],"wp:attachment":[{"href":"https:\/\/www.moskito.cz\/fr\/wp-json\/wp\/v2\/media?parent=338520"}],"wp:term":[{"taxonomy":"pwb-brand","embeddable":true,"href":"https:\/\/www.moskito.cz\/fr\/wp-json\/wp\/v2\/pwb-brand?post=338520"},{"taxonomy":"product_brand","embeddable":true,"href":"https:\/\/www.moskito.cz\/fr\/wp-json\/wp\/v2\/product_brand?post=338520"},{"taxonomy":"product_cat","embeddable":true,"href":"https:\/\/www.moskito.cz\/fr\/wp-json\/wp\/v2\/product_cat?post=338520"},{"taxonomy":"product_tag","embeddable":true,"href":"https:\/\/www.moskito.cz\/fr\/wp-json\/wp\/v2\/product_tag?post=338520"}],"curies":[{"name":"wp","href":"https:\/\/api.w.org\/{rel}","templated":true}]}}