{"id":338602,"date":"2023-11-02T22:21:42","date_gmt":"2024-05-02T13:03:29","guid":{"rendered":"https:\/\/www.moskito.cz\/produkt\/couteau-de-lancement-kershaw-launch-11\/"},"modified":"2025-05-07T11:14:17","modified_gmt":"2025-05-07T10:14:17","slug":"couteau-de-lancement-kershaw-launch-11","status":"publish","type":"product","link":"https:\/\/www.moskito.cz\/fr\/produkt\/couteau-de-lancement-kershaw-launch-11\/","title":{"rendered":"Couteau de lancement KERSHAW LAUNCH 11"},"content":{"rendered":"<p>Couteau de lancement <strong>KERSHAW<\/strong> LAUNCH 11<\/p>\n<p>L\u00e9ger, a\u00e9r\u00e9 et rapide comme l&rsquo;\u00e9clair, <strong>le Launch 11<\/strong> est destin\u00e9 \u00e0 figurer en t\u00eate de votre liste de souhaits. Il partage la poign\u00e9e haute performance en acier et en aluminium CPM-154 avec le reste de la gamme Launch. Mais pour le Launch 11, <strong>Kershaw<\/strong> a donn\u00e9 au couteau un profil droit et a ajout\u00e9 des fonctionnalit\u00e9s telles qu&rsquo;un anneau de garniture pivotant en titane anodis\u00e9 en bronze, une d\u00e9coupe de poign\u00e9e attrayante et un espaceur arri\u00e8re int\u00e9gr\u00e9. Un clip de poche mince et r\u00e9versible rend l&rsquo;EDC de ce couteau l\u00e9ger encore plus facile.<\/p>\n<p>Bouton de verrouillage \u2013 Trouv\u00e9 sur la scie pliante Kershaw, verrouille la lame en position ouverte pendant l&rsquo;utilisation, puis se lib\u00e8re en appuyant sur le bouton de rangement.<br \/>\nR\u00e9versible &#8211; Des trous pr\u00e9-perc\u00e9s dans le manche permettent \u00e0 l&rsquo;utilisateur de changer la position de la pointe ou le c\u00f4t\u00e9 sur lequel le couteau est port\u00e9.<br \/>\nFabriqu\u00e9 aux \u00c9tats-Unis \u2013 Lorsque vous voyez cela sur l&rsquo;un des couteaux Kershaw, cela signifie que le couteau a \u00e9t\u00e9 fabriqu\u00e9 dans leur usine de fabrication de Tualatin, dans l&rsquo;Oregon, par les couteliers experts de Kershaw.<\/p>\n<p>&nbsp;<\/p>\n<p>Caract\u00e9ristiques<br \/>\nLongueur de la lame : 7,0 cm<br \/>\nLongueur ferm\u00e9 : 9,9 cm<br \/>\nLongueur totale : 16,6 cm<br \/>\nMat\u00e9riau de la lame : acier inoxydable CPM-154<br \/>\nStyle de lame&nbsp;:&nbsp;Tanto invers\u00e9<br \/>\nTraitement de surface de la lame : Stonewash<br \/>\nMat\u00e9riau du manche : Aluminium brut 6061-T6<br \/>\nM\u00e9canisme de verrouillage&nbsp;: bouton AUTO<br \/>\nClip de poche&nbsp;: rabattable, \u00e0 porter \u00e0 droite\/\u00e0 gauche<br \/>\nPoids : 2,1 onces. (60g)<br \/>\nFabriqu\u00e9 aux \u00c9tats-Unis<\/p>\n<p>&nbsp;<\/p>\n","protected":false},"excerpt":{"rendered":"<p><strong>L\u00e9ger, a\u00e9r\u00e9 et rapide comme l&rsquo;\u00e9clair, le Launch 11 est destin\u00e9 \u00e0 figurer en t\u00eate de votre liste de souhaits.<\/strong><\/p>\n","protected":false},"featured_media":338603,"comment_status":"open","ping_status":"closed","template":"","meta":[],"pwb-brand":[3775],"product_brand":[],"product_cat":[3699,3696],"product_tag":[],"class_list":{"0":"post-338602","1":"product","2":"type-product","3":"status-publish","4":"has-post-thumbnail","6":"pwb-brand-kershaw-fr","7":"product_cat-couteaux-de-tir","8":"product_cat-des-couteaux","10":"first","11":"outofstock","12":"taxable","13":"shipping-taxable","14":"purchasable","15":"product-type-simple"},"brands":[{"id":3775,"name":"Kershaw","slug":"kershaw-fr"}],"_links":{"self":[{"href":"https:\/\/www.moskito.cz\/fr\/wp-json\/wp\/v2\/product\/338602","targetHints":{"allow":["GET"]}}],"collection":[{"href":"https:\/\/www.moskito.cz\/fr\/wp-json\/wp\/v2\/product"}],"about":[{"href":"https:\/\/www.moskito.cz\/fr\/wp-json\/wp\/v2\/types\/product"}],"replies":[{"embeddable":true,"href":"https:\/\/www.moskito.cz\/fr\/wp-json\/wp\/v2\/comments?post=338602"}],"wp:featuredmedia":[{"embeddable":true,"href":"https:\/\/www.moskito.cz\/fr\/wp-json\/wp\/v2\/media\/338603"}],"wp:attachment":[{"href":"https:\/\/www.moskito.cz\/fr\/wp-json\/wp\/v2\/media?parent=338602"}],"wp:term":[{"taxonomy":"pwb-brand","embeddable":true,"href":"https:\/\/www.moskito.cz\/fr\/wp-json\/wp\/v2\/pwb-brand?post=338602"},{"taxonomy":"product_brand","embeddable":true,"href":"https:\/\/www.moskito.cz\/fr\/wp-json\/wp\/v2\/product_brand?post=338602"},{"taxonomy":"product_cat","embeddable":true,"href":"https:\/\/www.moskito.cz\/fr\/wp-json\/wp\/v2\/product_cat?post=338602"},{"taxonomy":"product_tag","embeddable":true,"href":"https:\/\/www.moskito.cz\/fr\/wp-json\/wp\/v2\/product_tag?post=338602"}],"curies":[{"name":"wp","href":"https:\/\/api.w.org\/{rel}","templated":true}]}}