{"id":339245,"date":"2024-05-02T20:53:03","date_gmt":"2024-05-02T19:58:07","guid":{"rendered":"https:\/\/www.moskito.cz\/produkt\/couteau-pliant-sog-stout-flk-delave-14-03-11-57\/"},"modified":"2025-05-07T11:14:33","modified_gmt":"2025-05-07T10:14:33","slug":"couteau-pliant-sog-stout-flk-delave-14-03-11-57","status":"publish","type":"product","link":"https:\/\/www.moskito.cz\/fr\/produkt\/couteau-pliant-sog-stout-flk-delave-14-03-11-57\/","title":{"rendered":"Couteau pliant SOG Stout FLK d\u00e9lav\u00e9 14-03-11-57"},"content":{"rendered":"<p>Couteau pliant <strong>SOG<\/strong> Stout FLK d\u00e9lav\u00e9 \u00e0 la pierre 14-03-11-57.<\/p>\n<p>Couteau pliant compact pour un transport quotidien dot\u00e9 d&rsquo;un couperet de 2,39 pouces en acier CRYO D2 fiable, le Stout FLK est un couteau de poche dot\u00e9 d&rsquo;un verrou de cadre \u00e0 ouverture par coup de pied. Dot\u00e9 d&rsquo;un manche G10 robuste et d&rsquo;acier inoxydable, le Stout FLK est le r\u00e9sultat d&rsquo;une collaboration entre le designer de couteaux Mikkel Willumsen et le fondateur de SOG Spencer Frazer. Ne vous laissez pas tromper par la petite taille. C&rsquo;est un couteau solide que vous pouvez sortir en toute confiance de votre poche pour relever tous les d\u00e9fis de la journ\u00e9e.<\/p>\n<p>Caract\u00e9ristiques:<br \/>\nLongueur de la lame : 6 cm<br \/>\nLongueur ferm\u00e9 : 9,2 cm<br \/>\nLongueur totale : 15 cm<br \/>\nMat\u00e9riau de la lame : Acier \u00e0 outils D2<br \/>\n\u00c9paisseur de la lame : 0,15&Prime;<br \/>\nDuret\u00e9 de la lame&nbsp;: 58-60 HRC<br \/>\nStyle de lame&nbsp;: Couperet<br \/>\nTraitement de surface de la lame : Stonewash<br \/>\nMat\u00e9riau du manche : OD Green G10 et acier inoxydable<br \/>\nM\u00e9canisme de verrouillage&nbsp;:&nbsp;cadre<br \/>\nPoids : 3,9 onces.<\/p>\n","protected":false},"excerpt":{"rendered":"<p>Ne vous laissez pas tromper par la petite taille. C&rsquo;est un couteau solide que vous pouvez sortir en toute confiance de votre poche pour relever tous les d\u00e9fis de la journ\u00e9e.<\/p>\n","protected":false},"featured_media":339201,"comment_status":"open","ping_status":"closed","template":"","meta":[],"pwb-brand":[3849],"product_brand":[],"product_cat":[3700,3696],"product_tag":[3754],"class_list":{"0":"post-339245","1":"product","2":"type-product","3":"status-publish","4":"has-post-thumbnail","6":"pwb-brand-sog-fr","7":"product_cat-couteaux-de-fermeture","8":"product_cat-des-couteaux","9":"product_tag-b2b-fr","11":"first","12":"instock","13":"taxable","14":"shipping-taxable","15":"purchasable","16":"product-type-simple"},"brands":[{"id":3849,"name":"SOG","slug":"sog-fr"}],"_links":{"self":[{"href":"https:\/\/www.moskito.cz\/fr\/wp-json\/wp\/v2\/product\/339245","targetHints":{"allow":["GET"]}}],"collection":[{"href":"https:\/\/www.moskito.cz\/fr\/wp-json\/wp\/v2\/product"}],"about":[{"href":"https:\/\/www.moskito.cz\/fr\/wp-json\/wp\/v2\/types\/product"}],"replies":[{"embeddable":true,"href":"https:\/\/www.moskito.cz\/fr\/wp-json\/wp\/v2\/comments?post=339245"}],"wp:featuredmedia":[{"embeddable":true,"href":"https:\/\/www.moskito.cz\/fr\/wp-json\/wp\/v2\/media\/339201"}],"wp:attachment":[{"href":"https:\/\/www.moskito.cz\/fr\/wp-json\/wp\/v2\/media?parent=339245"}],"wp:term":[{"taxonomy":"pwb-brand","embeddable":true,"href":"https:\/\/www.moskito.cz\/fr\/wp-json\/wp\/v2\/pwb-brand?post=339245"},{"taxonomy":"product_brand","embeddable":true,"href":"https:\/\/www.moskito.cz\/fr\/wp-json\/wp\/v2\/product_brand?post=339245"},{"taxonomy":"product_cat","embeddable":true,"href":"https:\/\/www.moskito.cz\/fr\/wp-json\/wp\/v2\/product_cat?post=339245"},{"taxonomy":"product_tag","embeddable":true,"href":"https:\/\/www.moskito.cz\/fr\/wp-json\/wp\/v2\/product_tag?post=339245"}],"curies":[{"name":"wp","href":"https:\/\/api.w.org\/{rel}","templated":true}]}}