{"id":339465,"date":"2024-05-03T12:47:29","date_gmt":"2024-05-03T11:51:31","guid":{"rendered":"https:\/\/www.moskito.cz\/produkt\/couteau-de-tir-microtech-combat-troodon-gen-iii-apocalyptique-1143-10ap\/"},"modified":"2025-05-07T11:14:40","modified_gmt":"2025-05-07T10:14:40","slug":"couteau-de-tir-microtech-combat-troodon-gen-iii-apocalyptique-1143-10ap","status":"publish","type":"product","link":"https:\/\/www.moskito.cz\/fr\/produkt\/couteau-de-tir-microtech-combat-troodon-gen-iii-apocalyptique-1143-10ap\/","title":{"rendered":"Couteau de tir Microtech Combat Troodon Gen III Apocalyptique 1143-10AP"},"content":{"rendered":"<p>Couteau de tir <strong>Microtech<\/strong> Combat Troodon Gen III Apocalyptic 1143-10AP.<\/p>\n<p><strong>Le Combat Troodon Gen III<\/strong> est le summum de l&rsquo;ing\u00e9nierie de pr\u00e9cision et des prouesses tactiques en mati\u00e8re de couteaux frontaux. B\u00e9n\u00e9ficiant d&rsquo;une taille augment\u00e9e de 25 % par rapport au produit phare Troodon, cette \u00e9volution red\u00e9finit l&rsquo;excellence tactique avec sa poign\u00e9e fine et profond\u00e9ment grav\u00e9e, son design profil\u00e9 et ses fonctionnalit\u00e9s innovantes. Le m\u00e9canisme interne sophistiqu\u00e9 am\u00e9liore non seulement la fonctionnalit\u00e9 op\u00e9rationnelle, mais \u00e9l\u00e8ve \u00e9galement la fiabilit\u00e9 \u00e0 de nouveaux sommets \u00e0 plus grande \u00e9chelle.<\/p>\n<p>Soigneusement con\u00e7u pour de multiples utilisations, <strong>le Combat Troodon<\/strong> t\u00e9moigne de sa polyvalence tactique, excellant dans les sc\u00e9narios utilitaires et de combat rapproch\u00e9. En plus des dimensions physiques, le manche de ce mod\u00e8le d&rsquo;exception est orn\u00e9 d&rsquo;une gravure profonde, non seulement pour une impression visuelle incroyable, mais aussi pour offrir une exp\u00e9rience tactile unique. L&rsquo;inclusion de la construction du mat\u00e9riel Torx souligne en outre l&rsquo;attention m\u00e9ticuleuse port\u00e9e aux d\u00e9tails, garantissant durabilit\u00e9 et facilit\u00e9 d&rsquo;entretien, tandis que le clip de poche r\u00e9versible est enti\u00e8rement r\u00e9versible. Combat Troodon Gen III, qui signifie \u00ab dent blessante \u00bb, est un formidable couteau tactique frontal qui allie ing\u00e9nierie de pr\u00e9cision, \u00e9l\u00e9ments essentiels du combat et design \u00e9l\u00e9gant.<br \/>\nCaract\u00e9ristiques:<\/p>\n<p>Longueur de la lame : 10,3 cm<br \/>\nLongueur ferm\u00e9 : 14 cm<br \/>\nLongueur totale : 24 cm<br \/>\nAcier de la lame : acier inoxydable Bohler M390MK<br \/>\nStyle de lame&nbsp;:&nbsp;Dague \u00e0 double tranchant<br \/>\nMeulage de la lame&nbsp;:&nbsp;Plat<br \/>\nFinition de la lame : Apocalyptique<br \/>\nMat\u00e9riau du manche : aluminium a\u00e9ronautique noir avec gravure profonde<br \/>\nM\u00e9canisme de verrouillage&nbsp;:&nbsp;pouce coulissant<br \/>\nClip de poche : Titane (pliable, usure droite\/gauche)<br \/>\nPoids : 5,22 onces.<br \/>\nCr\u00e9ateur : Tony Marfione<br \/>\nFabriqu\u00e9 aux \u00c9tats-Unis<\/p>\n<p><iframe title=\"Microtech Combat Troodon Torture Test\" width=\"800\" height=\"450\" src=\"https:\/\/www.youtube.com\/embed\/xE9TeOFYEjg?feature=oembed\" frameborder=\"0\" allow=\"accelerometer; autoplay; clipboard-write; encrypted-media; gyroscope; picture-in-picture; web-share\" referrerpolicy=\"strict-origin-when-cross-origin\" allowfullscreen><\/iframe><\/p>\n<p>&nbsp;<\/p>\n","protected":false},"excerpt":{"rendered":"<div class=\"elementor-element elementor-element-bbb542b elementor-widget elementor-widget-woocommerce-product-short-description\" data-id=\"bbb542b\" data-element_type=\"widget\" data-widget_type=\"woocommerce-product-short-description.default\">\n<div class=\"elementor-widget-container\">\n<div class=\"woocommerce-product-details__short-description\">\n<div class=\"elementor-element elementor-element-bbb542b elementor-widget elementor-widget-woocommerce-product-short-description\" data-id=\"bbb542b\" data-element_type=\"widget\" data-widget_type=\"woocommerce-product-short-description.default\">\n<div class=\"elementor-widget-container\">\n<div class=\"woocommerce-product-details__short-description\">\n<p><strong>Au fil des ann\u00e9es, Microtech\u00ae Knives a rempli les couteaux de passion et de savoir-faire pour cr\u00e9er presque des \u0153uvres d&rsquo;art qui sont le summum de la fonctionnalit\u00e9. Toutes les pi\u00e8ces sont fabriqu\u00e9es aux \u00c9tats-Unis.<\/strong><br \/>\n<strong>Tous les couteaux Microtech sont garantis \u00e0 vie.<\/strong><\/p>\n<p><strong>Transports gratuits.<\/strong><\/p>\n<\/div>\n<\/div>\n<\/div>\n<\/div>\n<\/div>\n<\/div>\n","protected":false},"featured_media":339415,"comment_status":"open","ping_status":"closed","template":"","meta":[],"pwb-brand":[3751],"product_brand":[],"product_cat":[3699,3696],"product_tag":[3754],"class_list":{"0":"post-339465","1":"product","2":"type-product","3":"status-publish","4":"has-post-thumbnail","6":"pwb-brand-microtechnologie","7":"product_cat-couteaux-de-tir","8":"product_cat-des-couteaux","9":"product_tag-b2b-fr","11":"first","12":"outofstock","13":"taxable","14":"shipping-taxable","15":"purchasable","16":"product-type-simple"},"brands":[{"id":3751,"name":"Microtechnologie","slug":"microtechnologie"}],"_links":{"self":[{"href":"https:\/\/www.moskito.cz\/fr\/wp-json\/wp\/v2\/product\/339465","targetHints":{"allow":["GET"]}}],"collection":[{"href":"https:\/\/www.moskito.cz\/fr\/wp-json\/wp\/v2\/product"}],"about":[{"href":"https:\/\/www.moskito.cz\/fr\/wp-json\/wp\/v2\/types\/product"}],"replies":[{"embeddable":true,"href":"https:\/\/www.moskito.cz\/fr\/wp-json\/wp\/v2\/comments?post=339465"}],"wp:featuredmedia":[{"embeddable":true,"href":"https:\/\/www.moskito.cz\/fr\/wp-json\/wp\/v2\/media\/339415"}],"wp:attachment":[{"href":"https:\/\/www.moskito.cz\/fr\/wp-json\/wp\/v2\/media?parent=339465"}],"wp:term":[{"taxonomy":"pwb-brand","embeddable":true,"href":"https:\/\/www.moskito.cz\/fr\/wp-json\/wp\/v2\/pwb-brand?post=339465"},{"taxonomy":"product_brand","embeddable":true,"href":"https:\/\/www.moskito.cz\/fr\/wp-json\/wp\/v2\/product_brand?post=339465"},{"taxonomy":"product_cat","embeddable":true,"href":"https:\/\/www.moskito.cz\/fr\/wp-json\/wp\/v2\/product_cat?post=339465"},{"taxonomy":"product_tag","embeddable":true,"href":"https:\/\/www.moskito.cz\/fr\/wp-json\/wp\/v2\/product_tag?post=339465"}],"curies":[{"name":"wp","href":"https:\/\/api.w.org\/{rel}","templated":true}]}}