{"id":339580,"date":"2021-09-29T20:13:41","date_gmt":"2024-05-06T07:12:29","guid":{"rendered":"https:\/\/www.moskito.cz\/produkt\/couteau-de-fermeture-sog-escape-clip-point-satin-dentele\/"},"modified":"2025-05-07T11:14:42","modified_gmt":"2025-05-07T10:14:42","slug":"couteau-de-fermeture-sog-escape-clip-point-satin-dentele","status":"publish","type":"product","link":"https:\/\/www.moskito.cz\/fr\/produkt\/couteau-de-fermeture-sog-escape-clip-point-satin-dentele\/","title":{"rendered":"Couteau de fermeture SOG ESCAPE CLIP POINT SATIN DENTEL\u00c9"},"content":{"rendered":"<p>Notre histoire commence au Vietnam, o\u00f9 des membres de la force d&rsquo;op\u00e9rations sp\u00e9ciales tr\u00e8s secr\u00e8te am\u00e9ricaine &#8211; connue sous le nom de MACV &#8211; <strong>SOG<\/strong> &#8211; transportaient un couteau secret unique dans la jungle lors de missions secr\u00e8tes. Quelques ann\u00e9es plus tard, en 1986, ce couteau a inspir\u00e9 un jeune designer nomm\u00e9 Spencer Frazer \u00e0 fonder <strong>SOG<\/strong> Specialty Knives. Sa mission : reproduire le couteau <strong>SOG<\/strong> Bowie original et rendre hommage \u00e0 l&rsquo;unit\u00e9 des op\u00e9rations sp\u00e9ciales qui l&rsquo;a cr\u00e9\u00e9. Ce qui a commenc\u00e9 comme un mod\u00e8le comm\u00e9moratif unique est rapidement devenu toute une gamme d&rsquo;outils innovants &#8211; \u00e9prouv\u00e9s par les forces sp\u00e9ciales am\u00e9ricaines, et m\u00eame r\u00e9compens\u00e9s comme le couteau de choix des Navy SEAL. Aujourd&rsquo;hui, les couteaux SOG sont port\u00e9s en toute confiance dans les situations les plus exigeantes. Forg\u00e9 dans la tradition, endurci sur le terrain, d\u00e9pos\u00e9 pour vous.<\/p>\n<p>Que vous prot\u00e9giez les autres ou meniez une exp\u00e9dition de chasse \u00e9pique, releviez l&rsquo;un des d\u00e9fis quotidiens de la vie ou affrontiez les conditions les plus extr\u00eames \u00e0 ce jour, faites votre chemin avec <strong>SOG<\/strong> .<\/p>\n<p>Couteau de fermeture <strong>SOG<\/strong> ESCAPE CLIP POINT SATIN DENTEL\u00c9.<\/p>\n<p>L&rsquo;Escape a la taille id\u00e9ale pour un transport quotidien, mais poss\u00e8de n\u00e9anmoins d&rsquo;\u00e9normes capacit\u00e9s gr\u00e2ce \u00e0 une seule lame qui s&rsquo;ouvre \u00e0 la main. Int\u00e9gr\u00e9s dans la poign\u00e9e se trouvent un coupe-fil (id\u00e9al pour couper des cordons, des ficelles, des ceintures de s\u00e9curit\u00e9, etc.), un brise-verre pour les situations d&rsquo;urgence extr\u00eames, notre pince \u00e0 d\u00e9nuder brevet\u00e9e et des couteaux coupe-fil suppl\u00e9mentaires (qui sont rang\u00e9s sous la plaque du manche). Tout cela, combin\u00e9 \u00e0 la solide lame semi-dentel\u00e9e et au manche en aluminium anodis\u00e9 dur, signifie que je suis pr\u00eat \u00e0 affronter tout ce qui pourrait se pr\u00e9senter \u00e0 moi.<\/p>\n<p>LONGUEUR TOTALE : 20,5 cm<br \/>\nPOIDS DU PRODUIT : 4,80 oz<br \/>\nLONGUEUR DE LA LAME : 8,5 cm<br \/>\n\u00c9PAISSEUR DE LA LAME<br \/>\nTYPE DE PRODUIT : Couteau pliant<br \/>\nTYPE DE BOUCLE DE CEINTURE : Fixe<br \/>\nTYPE DE BORD : Partiellement dentel\u00e9<br \/>\nTYPE DE LAME EN ACIER&nbsp;: 9Cr18MoV<br \/>\nDURET\u00c9 : RC 58-60<br \/>\nMAT\u00c9RIAU DE LA POIGN\u00c9E : Aluminium anodis\u00e9 6061-T6<br \/>\nCOULEUR DE LA POIGN\u00c9E&nbsp;: Noir<\/p>\n<p>L&rsquo;Escape a la taille id\u00e9ale pour un transport quotidien, mais poss\u00e8de n\u00e9anmoins d&rsquo;\u00e9normes capacit\u00e9s gr\u00e2ce \u00e0 sa lame qui s&rsquo;ouvre d&rsquo;une seule main. Int\u00e9gr\u00e9 dans la poign\u00e9e se trouve un coupe-fil (parfait pour couper des cordons, des ficelles, des ceintures de s\u00e9curit\u00e9, etc.), un brise-verre pour les urgences extr\u00eames, notre pince \u00e0 d\u00e9nuder en instance de brevet et des lames de coupe-fil suppl\u00e9mentaires (qui sont rang\u00e9es sous la dalle de la poign\u00e9e). ). Tout cela, combin\u00e9 \u00e0 une solide lame \u00e0 pointe de lance partiellement dentel\u00e9e et \u00e0 un manche en aluminium anodis\u00e9 dur, indique que je suis pr\u00eat \u00e0 affronter tout ce qui pourrait m&rsquo;arriver.<\/p>\n<p>LONGUEUR TOTALE<br \/>\n8.20&Prime;<br \/>\nLONGUEUR FERM\u00c9E<br \/>\n4,8&Prime;<br \/>\nPOIDS DU PRODUIT<br \/>\n4,80 onces<br \/>\nLONGUEUR DE LA LAME<br \/>\n3,4&Prime;<br \/>\n\u00c9PAISSEUR DE LA LAME<br \/>\n0,13&Prime;<br \/>\nCUP<br \/>\n7-29857-99694-5<br \/>\nDATE DE PR\u00c9COMMANDE<br \/>\nSUR<br \/>\nEST PR\u00c9COMMANDE<br \/>\nSUR<br \/>\nFAMILLE DE PRODUITS<br \/>\nS&rsquo;\u00e9chapper<br \/>\nTYPE DE PRODUIT<br \/>\nCouteau pliant<br \/>\nPAYS D&rsquo;ORIGINE<br \/>\nChine<br \/>\nM\u00c9CANISME DE VERROUILLAGE<br \/>\nVerrouillage<br \/>\nTYPE DE CLIP DE CEINTURE<br \/>\nFix\u00e9<br \/>\nEMBALLAGE<br \/>\nUnibox &#8211; Pr\u00eat pour l&rsquo;affichage<br \/>\nGRAVABLE<br \/>\nOui<br \/>\nFINITION<br \/>\nMicrobill\u00e9 aux perles<br \/>\nTYPE DE BORD<br \/>\nPartiellement dentel\u00e9<br \/>\nTYPE DE LAME EN ACIER<br \/>\n9Cr18MoV<br \/>\nFORME DE LA LAME<br \/>\nPoint de d\u00e9coupe<br \/>\nDURET\u00c9<br \/>\nRC. 58-60<br \/>\nMAT\u00c9RIEL DE LA POIGN\u00c9E<br \/>\nAluminium anodis\u00e9 6061-T6<br \/>\nCOULEUR DE LA POIGN\u00c9E<br \/>\nNoir<\/p>\n<p>&nbsp;<\/p>\n","protected":false},"excerpt":{"rendered":"<p>Que vous prot\u00e9giez les autres ou meniez une exp\u00e9dition de chasse \u00e9pique, releviez l&rsquo;un des d\u00e9fis quotidiens de la vie ou affrontiez les conditions les plus extr\u00eames \u00e0 ce jour, faites votre chemin avec <strong>SOG<\/strong> .<\/p>\n<p><strong>Nous offrons une garantie \u00e0 vie sur tous les couteaux SOG&nbsp;!<\/strong><\/p>\n","protected":false},"featured_media":339585,"comment_status":"open","ping_status":"closed","template":"","meta":[],"pwb-brand":[3849],"product_brand":[],"product_cat":[3700,3696],"product_tag":[3754],"class_list":{"0":"post-339580","1":"product","2":"type-product","3":"status-publish","4":"has-post-thumbnail","6":"pwb-brand-sog-fr","7":"product_cat-couteaux-de-fermeture","8":"product_cat-des-couteaux","9":"product_tag-b2b-fr","11":"first","12":"outofstock","13":"taxable","14":"shipping-taxable","15":"purchasable","16":"product-type-simple"},"brands":[{"id":3849,"name":"SOG","slug":"sog-fr"}],"_links":{"self":[{"href":"https:\/\/www.moskito.cz\/fr\/wp-json\/wp\/v2\/product\/339580","targetHints":{"allow":["GET"]}}],"collection":[{"href":"https:\/\/www.moskito.cz\/fr\/wp-json\/wp\/v2\/product"}],"about":[{"href":"https:\/\/www.moskito.cz\/fr\/wp-json\/wp\/v2\/types\/product"}],"replies":[{"embeddable":true,"href":"https:\/\/www.moskito.cz\/fr\/wp-json\/wp\/v2\/comments?post=339580"}],"wp:featuredmedia":[{"embeddable":true,"href":"https:\/\/www.moskito.cz\/fr\/wp-json\/wp\/v2\/media\/339585"}],"wp:attachment":[{"href":"https:\/\/www.moskito.cz\/fr\/wp-json\/wp\/v2\/media?parent=339580"}],"wp:term":[{"taxonomy":"pwb-brand","embeddable":true,"href":"https:\/\/www.moskito.cz\/fr\/wp-json\/wp\/v2\/pwb-brand?post=339580"},{"taxonomy":"product_brand","embeddable":true,"href":"https:\/\/www.moskito.cz\/fr\/wp-json\/wp\/v2\/product_brand?post=339580"},{"taxonomy":"product_cat","embeddable":true,"href":"https:\/\/www.moskito.cz\/fr\/wp-json\/wp\/v2\/product_cat?post=339580"},{"taxonomy":"product_tag","embeddable":true,"href":"https:\/\/www.moskito.cz\/fr\/wp-json\/wp\/v2\/product_tag?post=339580"}],"curies":[{"name":"wp","href":"https:\/\/api.w.org\/{rel}","templated":true}]}}