{"id":339616,"date":"2022-02-23T22:35:18","date_gmt":"2024-05-07T11:42:16","guid":{"rendered":"https:\/\/www.moskito.cz\/produkt\/couteau-de-fermeture-giantmouse-ace-riv-laiton\/"},"modified":"2026-01-28T13:01:29","modified_gmt":"2026-01-28T12:01:29","slug":"couteau-de-fermeture-giantmouse-ace-riv-laiton","status":"publish","type":"product","link":"https:\/\/www.moskito.cz\/fr\/produkt\/couteau-de-fermeture-giantmouse-ace-riv-laiton\/","title":{"rendered":"Couteau de fermeture GiantMouse ACE RIV &#8211; LAITON"},"content":{"rendered":"<p>Couteau de fermeture <strong>GiantMouse<\/strong> ACE RIV &#8211; LAITON<\/p>\n<p>LES BONS COUTEAUX.\u00ae<\/p>\n<p>Pr\u00e9sentation de Riva&#8230;<\/p>\n<p>Beaucoup de gens consid\u00e8rent le Riv comme une mini-biblioth\u00e8que. Cependant, nous n&rsquo;avons pas simplement r\u00e9duit la Bible pour en faire un Riv. Nous avons recommenc\u00e9 et enti\u00e8rement repens\u00e9 un nouveau couteau de la gamme Biblio, mais avec son propre toucher et son expression. C&rsquo;est \u00e9galement ainsi que nous avons con\u00e7u le Biblio \u00e0 partir des lignes et du concept du GM1. Bien s\u00fbr, il serait plus facile de simplement agrandir ou r\u00e9duire le mod\u00e8le de couteau \u00e0 la taille qui, selon vous, se vendrait bien, mais ce n&rsquo;est pas ainsi que nous travaillons&nbsp;!<\/p>\n<p>Pourquoi un couteau compact ?<\/p>\n<p>Nos designers, Jens Anso et Jesper Voxnaes, ont grandi dans la nature, travaillant dans la for\u00eat et effectuant des t\u00e2ches m\u00e9nag\u00e8res. On leur a appris \u00e0 emporter avec vous une lame fixe et une petite lime lorsque vous travailliez ou faites de la randonn\u00e9e. Une lame fixe effectuera la plupart des t\u00e2ches de coupe, mais le dossier doit \u00eatre conserv\u00e9 comme un rasoir pour les travaux plus fins et doit \u00eatre votre sauvegarde si la lame fixe est perdue ou \u00e9mouss\u00e9e. De nos jours, la plupart des dossiers de qualit\u00e9 peuvent g\u00e9rer la plupart des t\u00e2ches de taille moyenne avec une lame fixe, mais il est toujours agr\u00e9able de disposer d&rsquo;une sauvegarde nette. Et avec le \u00ab&nbsp;Riv&nbsp;\u00bb, vous obtenez un dossier compact qui peut g\u00e9rer la plupart des travaux de d\u00e9coupe quotidiens et qui vous surprendra une fois que vous aurez mis la main dessus. Un outil, pas une astuce !<\/p>\n<p>Qu&rsquo;est-ce qu&rsquo;il y a dans un nom?<\/p>\n<p>Nous donnons \u00e0 nos couteaux le nom de lieux sp\u00e9ciaux qui nous ont fait aimer au fil des ann\u00e9es. L&rsquo;homonyme Biblio \u00e9tait l&rsquo;un des points d&rsquo;eau pr\u00e9f\u00e9r\u00e9s de l&rsquo;\u00e9quipe GiantMouse \u00e0 Brooklyn, o\u00f9 est n\u00e9e l&rsquo;id\u00e9e de notre nouvelle marque de couteaux. Le Grand porte le nom de notre h\u00f4tel et bar pr\u00e9f\u00e9r\u00e9 \u00e0 Nuremberg. Clyde doit son nom au bar Clyde Commons \u00e0 Portland, qui faisait partie de l&rsquo;h\u00f4tel ACE, d&rsquo;o\u00f9 le nom de notre gamme de couteaux ACE. Eh bien, en 2020, GiantMouse a d\u00e9m\u00e9nag\u00e9 son si\u00e8ge social de la r\u00e9gion de la baie de San Francisco \u00e0 East Lansing, Michigan. Nous avons donc pens\u00e9 qu&rsquo;il \u00e9tait normal de comm\u00e9morer cet \u00e9v\u00e9nement en donnant \u00e0 notre dernier mod\u00e8le le nom d&rsquo;une entreprise locale tout aussi importante. Il s&rsquo;av\u00e8re que \u00ab\u00a0The Riv\u00a0\u00bb est un bar de plong\u00e9e local historique \u00e0 East Lansing que Jim Wirth, PDG de GiantMouse, fr\u00e9quentait alors qu&rsquo;il \u00e9tudiait \u00e0 la Michigan State University \u00e0 la fin des ann\u00e9es 1980. vol. Le bar est encore aujourd&rsquo;hui un point de rep\u00e8re local, et une fois que le contingent danois de l&rsquo;\u00e9quipe GiantMouse sera \u00e0 nouveau en mesure de voyager, vous pouvez \u00eatre s\u00fbr de nous trouver au coin d&rsquo;Albert et de MAC Ave. Si nous n&rsquo;y sommes pas ? &#8211; allez voir Pinball Pete \u00e0 c\u00f4t\u00e9.<\/p>\n<p>CARACT\u00c9RISTIQUES<\/p>\n<p>Mat\u00e9riaux:<br \/>\nAcier de la lame : Elmax. Conception satin\u00e9e.<br \/>\nPoign\u00e9e : C\u00f4t\u00e9 pr\u00e9sentation en laiton.<br \/>\nEspaceur arri\u00e8re&nbsp;: titane.<br \/>\nClip : fil.<br \/>\nM\u00e9canisme de rotation : Roulements \u00e0 billes.<br \/>\nM\u00e9canisme de verrouillage&nbsp;:&nbsp;verrouillage Titanium Frame.<\/p>\n<p>Dimensions:<br \/>\nLongueur de la lame : 2,44&Prime; (62 mm) &#8211; mesur\u00e9e de la pointe \u00e0 l&rsquo;avant du cadre<br \/>\n\u00c9paisseur de la lame&nbsp;: 0,118&nbsp;po (3&nbsp;mm)<br \/>\nLongueur du manche&nbsp;: 3,375&nbsp;po (85,73&nbsp;mm)<br \/>\nLongueur totale&nbsp;: 5,75&nbsp;po (146&nbsp;mm)<br \/>\nPoids : 3,4 onces (96,4 g)<\/p>\n<p><iframe title=\"The ACE Riv by GiantMouse Knives\" width=\"800\" height=\"450\" src=\"https:\/\/www.youtube.com\/embed\/zegLsN6zUMc?feature=oembed\" frameborder=\"0\" allow=\"accelerometer; autoplay; clipboard-write; encrypted-media; gyroscope; picture-in-picture; web-share\" referrerpolicy=\"strict-origin-when-cross-origin\" allowfullscreen><\/iframe><\/p>\n<p>&nbsp;<\/p>\n","protected":false},"excerpt":{"rendered":"<p>L\u2019id\u00e9e de <strong>GiantMouse<\/strong> est n\u00e9e autour d\u2019un verre un soir de l\u2019American Knife Show 2015. Les designers\/couteaux danois Jens Ans\u00f8 et Jesper Voxnaes (Vox) ont d\u00e9cid\u00e9 avec leur ami entrepreneur am\u00e9ricain Jim Wirth qu&rsquo;ils pourraient construire une meilleure sourici\u00e8re. parler. Une marque de couteaux qui parvient \u00e0 proposer des designs de couteaux \u00e9tonnants, avec la plus haute qualit\u00e9 de fabrication possible, \u00e0 un prix \u00e9quitable, tout en restant \u00e9troitement impliqu\u00e9e aupr\u00e8s de sa communaut\u00e9 de clients.<\/p>\n<p><strong>Transports gratuits.<\/strong><\/p>\n","protected":false},"featured_media":339617,"comment_status":"open","ping_status":"closed","template":"","meta":[],"pwb-brand":[3801],"product_brand":[],"product_cat":[3700,3696],"product_tag":[],"class_list":{"0":"post-339616","1":"product","2":"type-product","3":"status-publish","4":"has-post-thumbnail","6":"pwb-brand-souris-geante","7":"product_cat-couteaux-de-fermeture","8":"product_cat-des-couteaux","10":"first","11":"outofstock","12":"taxable","13":"shipping-taxable","14":"purchasable","15":"product-type-simple"},"brands":[{"id":3801,"name":"Souris g\u00e9ante","slug":"souris-geante"}],"_links":{"self":[{"href":"https:\/\/www.moskito.cz\/fr\/wp-json\/wp\/v2\/product\/339616","targetHints":{"allow":["GET"]}}],"collection":[{"href":"https:\/\/www.moskito.cz\/fr\/wp-json\/wp\/v2\/product"}],"about":[{"href":"https:\/\/www.moskito.cz\/fr\/wp-json\/wp\/v2\/types\/product"}],"replies":[{"embeddable":true,"href":"https:\/\/www.moskito.cz\/fr\/wp-json\/wp\/v2\/comments?post=339616"}],"wp:featuredmedia":[{"embeddable":true,"href":"https:\/\/www.moskito.cz\/fr\/wp-json\/wp\/v2\/media\/339617"}],"wp:attachment":[{"href":"https:\/\/www.moskito.cz\/fr\/wp-json\/wp\/v2\/media?parent=339616"}],"wp:term":[{"taxonomy":"pwb-brand","embeddable":true,"href":"https:\/\/www.moskito.cz\/fr\/wp-json\/wp\/v2\/pwb-brand?post=339616"},{"taxonomy":"product_brand","embeddable":true,"href":"https:\/\/www.moskito.cz\/fr\/wp-json\/wp\/v2\/product_brand?post=339616"},{"taxonomy":"product_cat","embeddable":true,"href":"https:\/\/www.moskito.cz\/fr\/wp-json\/wp\/v2\/product_cat?post=339616"},{"taxonomy":"product_tag","embeddable":true,"href":"https:\/\/www.moskito.cz\/fr\/wp-json\/wp\/v2\/product_tag?post=339616"}],"curies":[{"name":"wp","href":"https:\/\/api.w.org\/{rel}","templated":true}]}}