{"id":339740,"date":"2022-10-03T20:34:27","date_gmt":"2024-05-13T07:28:12","guid":{"rendered":"https:\/\/www.moskito.cz\/produkt\/couteau-de-fermeture-microtech-socom-bravo-261-8cfti\/"},"modified":"2025-05-07T11:14:44","modified_gmt":"2025-05-07T10:14:44","slug":"couteau-de-fermeture-microtech-socom-bravo-261-8cfti","status":"publish","type":"product","link":"https:\/\/www.moskito.cz\/fr\/produkt\/couteau-de-fermeture-microtech-socom-bravo-261-8cfti\/","title":{"rendered":"Couteau de fermeture Microtech Socom Bravo 261-8CFTI"},"content":{"rendered":"<p>Couteau de fermeture <strong>Microtech<\/strong> Socom Bravo 261-8CFTI.<\/p>\n<p>Le couteau pliant Microtech Socom Bravo Titanium Carbon est un joyau parmi les couteaux pliants \u00e0 tous points de vue. Un mat\u00e9riau de lame de haute qualit\u00e9 (M390) est une priorit\u00e9 pour remplir la fonction de coupe du couteau. R\u00e9cup\u00e9rez ce mat\u00e9riel SRPS III. g\u00e9n\u00e9ration transporte du bois de chauffage dans la for\u00eat, mais c&rsquo;est non. 1 parmi les mat\u00e9riaux de lame pour le moment. La forme de la lame (point de chute nouvellement con\u00e7u) avec une rainure de pression n\u00e9gative prononc\u00e9e (rainure \u00ab\u00a0sang\u00a0\u00bb) va de pair avec le mat\u00e9riau. La lame stone wash est \u00e9quip\u00e9e de goupilles d&rsquo;ouverture des deux c\u00f4t\u00e9s, mais le couteau est destin\u00e9 aux \u00ab\u00a0droitiers\u00a0\u00bb. Le meulage de la facette et de la pointe est un travail manuel et remplit pleinement les fonctions de coupe et de p\u00e9n\u00e9tration. Le roulement de la lame dans le roulement en c\u00e9ramique et dans le bo\u00eetier en bronze au b\u00e9ryllium manque de jeu visible m\u00eame apr\u00e8s une manipulation brutale (le roulement du bo\u00eetier est probablement ajust\u00e9 \u00e0 la presse &#8211; un chevauchement de dix microns !). Le manche est l&rsquo;unification de la conception structurelle (application d&rsquo;une pi\u00e8ce en Titane 3D, renforc\u00e9e par des inserts en carbone, pour une meilleure sensation lors de la pr\u00e9hension), de la praticit\u00e9 (rugosit\u00e9 du dos pour une prise plus facile et plus ferme du couteau lors de la coupe sous pression, trou pour fixation de la paracorde), ergonomie (prise en main confortable malgr\u00e9 les bords et rainure de guidage du pouce d&rsquo;ouverture) et solidit\u00e9 (protection du ressort en titane du verrou contre l&rsquo;impact des lames). Tous les attributs mentionn\u00e9s placent le couteau pliant pr\u00e9sent\u00e9 au sommet de la coutellerie contemporaine.<\/p>\n<p>Le nouveau Socom Bravo de Microtech qui s&rsquo;est associ\u00e9 \u00e0 Rike Knives pour produire cette \u00e9dition. Ce mod\u00e8le est dot\u00e9 d&rsquo;un manche en Blasted Titanium avec une \u00e9chelle en fibre de carbone. Il comporte une lame en acier M390 \u00e0 un seul tranchant. Collier tournant en titane bleu.<\/p>\n<p>Longueur totale : 22,5 cm<br \/>\nLongueur de la lame : 10 cm<br \/>\nLongueur du manche : 12,5 cm<br \/>\nMat\u00e9riau de la lame : M390<br \/>\nStyle de lame&nbsp;: simple tranchant<br \/>\nCouleur&nbsp;: Ti en fibre de carbone souffl\u00e9e<br \/>\nPoids : 5,8 onces.<\/p>\n<p><iframe title=\"SOCOM Bravo: Limited Edition Serrated and Signed by Anthony Marfione\" width=\"800\" height=\"450\" src=\"https:\/\/www.youtube.com\/embed\/_cp-uC2gPBM?feature=oembed\" frameborder=\"0\" allow=\"accelerometer; autoplay; clipboard-write; encrypted-media; gyroscope; picture-in-picture; web-share\" referrerpolicy=\"strict-origin-when-cross-origin\" allowfullscreen><\/iframe><\/p>\n<p>&nbsp;<\/p>\n","protected":false},"excerpt":{"rendered":"<p>Au fil des ann\u00e9es, Microtech\u00ae Knives a rempli les couteaux de passion et de savoir-faire pour cr\u00e9er presque des \u0153uvres d&rsquo;art qui sont le summum de la fonctionnalit\u00e9. Toutes les pi\u00e8ces sont fabriqu\u00e9es aux \u00c9tats-Unis.<br \/>\n<strong>Tous les couteaux Microtech sont garantis \u00e0 vie.<\/strong><\/p>\n<p><strong>Transports gratuits.<\/strong><\/p>\n","protected":false},"featured_media":339741,"comment_status":"open","ping_status":"closed","template":"","meta":[],"pwb-brand":[3751],"product_brand":[],"product_cat":[3700,3696],"product_tag":[3754],"class_list":{"0":"post-339740","1":"product","2":"type-product","3":"status-publish","4":"has-post-thumbnail","6":"pwb-brand-microtechnologie","7":"product_cat-couteaux-de-fermeture","8":"product_cat-des-couteaux","9":"product_tag-b2b-fr","11":"first","12":"outofstock","13":"taxable","14":"shipping-taxable","15":"purchasable","16":"product-type-simple"},"brands":[{"id":3751,"name":"Microtechnologie","slug":"microtechnologie"}],"_links":{"self":[{"href":"https:\/\/www.moskito.cz\/fr\/wp-json\/wp\/v2\/product\/339740","targetHints":{"allow":["GET"]}}],"collection":[{"href":"https:\/\/www.moskito.cz\/fr\/wp-json\/wp\/v2\/product"}],"about":[{"href":"https:\/\/www.moskito.cz\/fr\/wp-json\/wp\/v2\/types\/product"}],"replies":[{"embeddable":true,"href":"https:\/\/www.moskito.cz\/fr\/wp-json\/wp\/v2\/comments?post=339740"}],"wp:featuredmedia":[{"embeddable":true,"href":"https:\/\/www.moskito.cz\/fr\/wp-json\/wp\/v2\/media\/339741"}],"wp:attachment":[{"href":"https:\/\/www.moskito.cz\/fr\/wp-json\/wp\/v2\/media?parent=339740"}],"wp:term":[{"taxonomy":"pwb-brand","embeddable":true,"href":"https:\/\/www.moskito.cz\/fr\/wp-json\/wp\/v2\/pwb-brand?post=339740"},{"taxonomy":"product_brand","embeddable":true,"href":"https:\/\/www.moskito.cz\/fr\/wp-json\/wp\/v2\/product_brand?post=339740"},{"taxonomy":"product_cat","embeddable":true,"href":"https:\/\/www.moskito.cz\/fr\/wp-json\/wp\/v2\/product_cat?post=339740"},{"taxonomy":"product_tag","embeddable":true,"href":"https:\/\/www.moskito.cz\/fr\/wp-json\/wp\/v2\/product_tag?post=339740"}],"curies":[{"name":"wp","href":"https:\/\/api.w.org\/{rel}","templated":true}]}}