{"id":339775,"date":"2021-07-29T19:40:03","date_gmt":"2024-05-13T08:15:25","guid":{"rendered":"https:\/\/www.moskito.cz\/produkt\/couteau-de-fermeture-crkt-m16-01z\/"},"modified":"2025-05-07T11:14:45","modified_gmt":"2025-05-07T10:14:45","slug":"couteau-de-fermeture-crkt-m16-01z","status":"publish","type":"product","link":"https:\/\/www.moskito.cz\/fr\/produkt\/couteau-de-fermeture-crkt-m16-01z\/","title":{"rendered":"Couteau de fermeture CRKT M16-01Z"},"content":{"rendered":"<p>Couteau de fermeture <strong>CRKT<\/strong> M16-01Z.<\/p>\n<p>Voici le M16\u00ae Every Day Carry (EDC) de Kit Carson avec notre construction InterFrame en nylon rempli de verre.<\/p>\n<p>Nos utilisateurs de couteaux nous ont dit : \u00ab Nous voulons un couteau de travail abordable que nous pouvons utiliser de mani\u00e8re intensive sans culpabiliser et qui ne se brisera pas si nous le laissons sur un chantier de construction ou si nous le laissons tomber dans une rivi\u00e8re. \u00bb Nous vous avons entendu. Nous avons donc d\u00e9cid\u00e9 que le Z EDC serait le meilleur rapport qualit\u00e9-prix dans le monde des couteaux de travail et de sport.<\/p>\n<p>Cela commence par des \u00e9cailles en nylon textur\u00e9 charg\u00e9 de verre et un double insert InterFrame en acier inoxydable 2CR13. Lorsqu&rsquo;il est assembl\u00e9 avec des entretoises arri\u00e8re en nylon de verre et des attaches Torx\u00ae, le r\u00e9sultat est incroyablement rigide.<\/p>\n<p>Le nylon charg\u00e9 de verre offre une excellente t\u00e9nacit\u00e9 et r\u00e9sistance aux solvants. Les patins lubrifiants sur le pivot de la lame et la vis de pivot r\u00e9glable permettent une action parfaite de la lame. La lame est fabriqu\u00e9e en acier inoxydable 8CR15MoV \u00e0 haute teneur en carbone, qui offre la combinaison id\u00e9ale de t\u00e9nacit\u00e9 et de capacit\u00e9 de maintien des bords dans un couteau de travail, et permet \u00e9galement un aff\u00fbtage facile sur le terrain. Les mod\u00e8les standards ont une finition perl\u00e9e.<\/p>\n<p>Le M16\u00ae-01Z utilise notre populaire lame \u00e0 pointe de lance \u00e0 profil fin avec un bord tranchant. Il est id\u00e9al pour les coupes et les sculptures fines. Bien s\u00fbr, il existe le Carson Flipper, qui acc\u00e9l\u00e8re l&rsquo;ouverture de la lame et fait office de prot\u00e8ge-lame lorsque la lame est ouverte.<\/p>\n<p>Ce couteau est \u00e9quip\u00e9 d&rsquo;une s\u00e9curit\u00e9 d&rsquo;insertion automatique. Automated Insert Security est une innovation en mati\u00e8re de s\u00e9curit\u00e9 des inserts de verrouillage qui a \u00e9t\u00e9 port\u00e9e \u00e0 un niveau sup\u00e9rieur. Le verrou d&rsquo;insert automatis\u00e9 place la goupille entre l&rsquo;insert de verrouillage et le cadre. Cette goupille agit comme une couche de s\u00e9curit\u00e9 suppl\u00e9mentaire, ce qui rend moins probable que l&rsquo;insert de verrouillage se d\u00e9tache pendant l&rsquo;utilisation.<\/p>\n<p>Pour fermer le couteau, tirez le levier de s\u00e9curit\u00e9 avec le bouton rouge, d\u00e9placez l&rsquo;insert de verrouillage et pliez la lame en position ferm\u00e9e. Voulez-vous l\u2019un des syst\u00e8mes de s\u00e9curit\u00e9 les plus s\u00e9curis\u00e9s du march\u00e9 ? La s\u00e9lection est automatique.<\/p>\n<p>CARACT\u00c9RISTIQUES<br \/>\nLongueur de la lame 3,13 po (79,38 mm)<br \/>\nBord de lame simple<br \/>\nLame en acier 8Cr13MoV<br \/>\nCompl\u00e9ter la lame Bead Blast<br \/>\n\u00c9paisseur de la lame 0,03 po (2,03 mm)<br \/>\nLongueur totale 7,13&Prime; (180,98 mm)<br \/>\nLongueur ferm\u00e9e 4,00po (101,60mm)<br \/>\nPoids 2,30 onces. (65,20g)<br \/>\nPoign\u00e9e en nylon renforc\u00e9 de verre<br \/>\nCouteau pliant Style avec verrouillage d&rsquo;insertion<\/p>\n<p><strong>CRKT\u00ae<\/strong> (Columbia River Knife and Tool\u00ae) a \u00e9t\u00e9 fond\u00e9e en 1994. D\u00e8s le premier jour, l\u2019innovation et l\u2019int\u00e9grit\u00e9 ont \u00e9t\u00e9 privil\u00e9gi\u00e9es. Il s&rsquo;engage \u00e0 fabriquer des couteaux et des outils qui inspirent et durent. Il travaille avec les meilleurs designers du monde et travaille sur un principe simple : la meilleure chose qu&rsquo;il puisse donner \u00e0 ses clients est la confiance entre ses mains.<\/p>\n<p><iframe title=\"M16-01Z Knife | by Kit Carson\" width=\"800\" height=\"450\" src=\"https:\/\/www.youtube.com\/embed\/yvsl0_4sS4Y?feature=oembed\" frameborder=\"0\" allow=\"accelerometer; autoplay; clipboard-write; encrypted-media; gyroscope; picture-in-picture; web-share\" referrerpolicy=\"strict-origin-when-cross-origin\" allowfullscreen><\/iframe><\/p>\n<p>&nbsp;<\/p>\n<p>&nbsp;<\/p>\n","protected":false},"excerpt":{"rendered":"<p>Con\u00e7u par Kit Carson \u00e0 Vine Grove, Kentucky.<\/p>\n","protected":false},"featured_media":339776,"comment_status":"open","ping_status":"closed","template":"","meta":[],"pwb-brand":[3762],"product_brand":[],"product_cat":[3700,3696],"product_tag":[3754],"class_list":{"0":"post-339775","1":"product","2":"type-product","3":"status-publish","4":"has-post-thumbnail","6":"pwb-brand-crkt-fr","7":"product_cat-couteaux-de-fermeture","8":"product_cat-des-couteaux","9":"product_tag-b2b-fr","11":"first","12":"outofstock","13":"taxable","14":"shipping-taxable","15":"purchasable","16":"product-type-simple"},"brands":[{"id":3762,"name":"CRKT","slug":"crkt-fr"}],"_links":{"self":[{"href":"https:\/\/www.moskito.cz\/fr\/wp-json\/wp\/v2\/product\/339775","targetHints":{"allow":["GET"]}}],"collection":[{"href":"https:\/\/www.moskito.cz\/fr\/wp-json\/wp\/v2\/product"}],"about":[{"href":"https:\/\/www.moskito.cz\/fr\/wp-json\/wp\/v2\/types\/product"}],"replies":[{"embeddable":true,"href":"https:\/\/www.moskito.cz\/fr\/wp-json\/wp\/v2\/comments?post=339775"}],"wp:featuredmedia":[{"embeddable":true,"href":"https:\/\/www.moskito.cz\/fr\/wp-json\/wp\/v2\/media\/339776"}],"wp:attachment":[{"href":"https:\/\/www.moskito.cz\/fr\/wp-json\/wp\/v2\/media?parent=339775"}],"wp:term":[{"taxonomy":"pwb-brand","embeddable":true,"href":"https:\/\/www.moskito.cz\/fr\/wp-json\/wp\/v2\/pwb-brand?post=339775"},{"taxonomy":"product_brand","embeddable":true,"href":"https:\/\/www.moskito.cz\/fr\/wp-json\/wp\/v2\/product_brand?post=339775"},{"taxonomy":"product_cat","embeddable":true,"href":"https:\/\/www.moskito.cz\/fr\/wp-json\/wp\/v2\/product_cat?post=339775"},{"taxonomy":"product_tag","embeddable":true,"href":"https:\/\/www.moskito.cz\/fr\/wp-json\/wp\/v2\/product_tag?post=339775"}],"curies":[{"name":"wp","href":"https:\/\/api.w.org\/{rel}","templated":true}]}}