{"id":339839,"date":"2021-09-23T21:50:33","date_gmt":"2024-05-14T07:45:10","guid":{"rendered":"https:\/\/www.moskito.cz\/produkt\/couteau-de-fermeture-sog-kiku-xr-lte-blackout-micarta-carbon\/"},"modified":"2025-05-07T11:14:46","modified_gmt":"2025-05-07T10:14:46","slug":"couteau-de-fermeture-sog-kiku-xr-lte-blackout-micarta-carbon","status":"publish","type":"product","link":"https:\/\/www.moskito.cz\/fr\/produkt\/couteau-de-fermeture-sog-kiku-xr-lte-blackout-micarta-carbon\/","title":{"rendered":"Couteau de fermeture SOG KIKU XR LTE BLACKOUT MICARTA CARBON"},"content":{"rendered":"<p>Couteau de fermeture <strong>SOG<\/strong> KIKU XR LTE BLACKOUT MICARTA CARBON.<\/p>\n<p>Le muscl\u00e9 Kiku XR LTE, 25 % plus l\u00e9ger, offre une expression de force et d&rsquo;agilit\u00e9. Avec des inserts en fibre de carbone et des entretoises qui minimisent le poids, le Kiku s&rsquo;int\u00e8gre facilement dans n&rsquo;importe quelle excursion en plein air. Ce composant grand format est construit sur un m\u00e9canisme de verrouillage XR SOG extr\u00eamement solide, tandis que la lame en acier CTS XHP offre un degr\u00e9 \u00e9lev\u00e9 de r\u00e9sistance \u00e0 la corrosion et une excellente r\u00e9tention des bords.<\/p>\n<p>R\u00c9SUM\u00c9 DES FONCTIONS<br \/>\nAvec seulement 4,1 onces, le Kiku XR LTE est un composant l\u00e9ger con\u00e7u pour tous les d\u00e9fis ext\u00e9rieurs. Enti\u00e8rement ambidextre, avec un clip de poche ambidextre, il est dot\u00e9 d&rsquo;un solide m\u00e9canisme de verrouillage SOR XR et d&rsquo;un acier XHP de qualit\u00e9 sup\u00e9rieure.<\/p>\n<p>CRYO CTS XHP<br \/>\nIl offre un degr\u00e9 \u00e9lev\u00e9 de r\u00e9sistance \u00e0 la corrosion et une excellente r\u00e9tention des bords.<\/p>\n<p>VERROUILLAGE XR<br \/>\nFiable et puissant, capable de r\u00e9sister jusqu&rsquo;\u00e0 1 500 livres de force, il offre un verrouillage maximal de la lame int\u00e9gr\u00e9e lors de l&rsquo;ouverture, garantissant qu&rsquo;elle ne s&rsquo;ouvre que lorsque pr\u00e9vu.<\/p>\n<p>INSERTS EN FIBRE DE CARBONE<br \/>\nLa s\u00e9rie LTE remplace les inserts m\u00e9talliques par de la fibre de carbone. Tout aussi r\u00e9sistant, mais beaucoup plus l\u00e9ger et plus facile \u00e0 manipuler et \u00e0 transporter.<\/p>\n<p>LONGUEUR DE LA LAME : 8 cm<br \/>\nLONGUEUR TOTALE : 18,5 cm<br \/>\nTYPE DE CLIP DE CEINTURE&nbsp;: R\u00e9versible \u00e0 faible portage<br \/>\nTYPE DE BORD : Droit<br \/>\nFORME DE LA LAME : Tanto<br \/>\nMAT\u00c9RIAU DU POIGN\u00c9E&nbsp;: Micarta<br \/>\nM\u00c9CANISME D&rsquo;OUVERTURE : Serrure XR, trou pour le pouce,<br \/>\nTYPE DE LAME EN ACIER : CRYO CTS XHP<br \/>\nDURET\u00c9 : 61-63<\/p>\n<p><iframe title=\"Kiku XR LTE\" width=\"800\" height=\"450\" src=\"https:\/\/www.youtube.com\/embed\/cpaP1HPrnd8?feature=oembed\" frameborder=\"0\" allow=\"accelerometer; autoplay; clipboard-write; encrypted-media; gyroscope; picture-in-picture; web-share\" referrerpolicy=\"strict-origin-when-cross-origin\" allowfullscreen><\/iframe><\/p>\n<p>&nbsp;<\/p>\n","protected":false},"excerpt":{"rendered":"<p>Que vous prot\u00e9giez les autres ou meniez une exp\u00e9dition de chasse \u00e9pique, releviez l&rsquo;un des d\u00e9fis quotidiens de la vie ou affrontiez les conditions les plus extr\u00eames \u00e0 ce jour, faites votre chemin avec <strong>SOG<\/strong> .<\/p>\n<p><strong>Nous offrons une garantie \u00e0 vie sur tous les couteaux SOG&nbsp;! <\/strong><\/p>\n","protected":false},"featured_media":339840,"comment_status":"open","ping_status":"closed","template":"","meta":[],"pwb-brand":[3849],"product_brand":[],"product_cat":[3700,3696],"product_tag":[3754],"class_list":{"0":"post-339839","1":"product","2":"type-product","3":"status-publish","4":"has-post-thumbnail","6":"pwb-brand-sog-fr","7":"product_cat-couteaux-de-fermeture","8":"product_cat-des-couteaux","9":"product_tag-b2b-fr","11":"first","12":"instock","13":"taxable","14":"shipping-taxable","15":"purchasable","16":"product-type-simple"},"brands":[{"id":3849,"name":"SOG","slug":"sog-fr"}],"_links":{"self":[{"href":"https:\/\/www.moskito.cz\/fr\/wp-json\/wp\/v2\/product\/339839","targetHints":{"allow":["GET"]}}],"collection":[{"href":"https:\/\/www.moskito.cz\/fr\/wp-json\/wp\/v2\/product"}],"about":[{"href":"https:\/\/www.moskito.cz\/fr\/wp-json\/wp\/v2\/types\/product"}],"replies":[{"embeddable":true,"href":"https:\/\/www.moskito.cz\/fr\/wp-json\/wp\/v2\/comments?post=339839"}],"wp:featuredmedia":[{"embeddable":true,"href":"https:\/\/www.moskito.cz\/fr\/wp-json\/wp\/v2\/media\/339840"}],"wp:attachment":[{"href":"https:\/\/www.moskito.cz\/fr\/wp-json\/wp\/v2\/media?parent=339839"}],"wp:term":[{"taxonomy":"pwb-brand","embeddable":true,"href":"https:\/\/www.moskito.cz\/fr\/wp-json\/wp\/v2\/pwb-brand?post=339839"},{"taxonomy":"product_brand","embeddable":true,"href":"https:\/\/www.moskito.cz\/fr\/wp-json\/wp\/v2\/product_brand?post=339839"},{"taxonomy":"product_cat","embeddable":true,"href":"https:\/\/www.moskito.cz\/fr\/wp-json\/wp\/v2\/product_cat?post=339839"},{"taxonomy":"product_tag","embeddable":true,"href":"https:\/\/www.moskito.cz\/fr\/wp-json\/wp\/v2\/product_tag?post=339839"}],"curies":[{"name":"wp","href":"https:\/\/api.w.org\/{rel}","templated":true}]}}