{"id":339861,"date":"2022-11-05T11:57:19","date_gmt":"2024-05-14T13:06:57","guid":{"rendered":"https:\/\/www.moskito.cz\/produkt\/couteau-pliant-spartan-serrated-cold-steel\/"},"modified":"2025-05-07T11:14:47","modified_gmt":"2025-05-07T10:14:47","slug":"couteau-pliant-spartan-serrated-cold-steel","status":"publish","type":"product","link":"https:\/\/www.moskito.cz\/fr\/produkt\/couteau-pliant-spartan-serrated-cold-steel\/","title":{"rendered":"Couteau pliant SPARTAN SERRATED Cold Steel"},"content":{"rendered":"<p>Couteau pliant dentel\u00e9 Spartan <strong>Cold Steel<\/strong> .<\/p>\n<p>La lame super tranchante du Spartan est fabriqu\u00e9e en acier japonais AUS 10A tr\u00e8s r\u00e9sistant. Cet acier inoxydable martensitique poss\u00e8de de tr\u00e8s bonnes propri\u00e9t\u00e9s de r\u00e9sistance et est principalement utilis\u00e9 comme mat\u00e9riau pour les outils coupants. Par rapport \u00e0 l&rsquo;AUS 8A, il maintient mieux la lame et est plus r\u00e9sistant \u00e0 l&rsquo;abrasion. L&rsquo;acier a ensuite \u00e9t\u00e9 trait\u00e9 thermiquement pour obtenir un \u00e9quilibre parfait entre r\u00e9tention des bords et r\u00e9aff\u00fbtage facile. Sa poign\u00e9e distinctive inspir\u00e9e de Kopis est imprim\u00e9e avec pr\u00e9cision en Griv-Ex avec des inserts en acier trait\u00e9 thermiquement. Le dispositif de s\u00e9curit\u00e9 Tri-Ad Lock contre la fermeture involontaire du couteau compte actuellement parmi les dispositifs de s\u00e9curit\u00e9 produits en s\u00e9rie les plus puissants au monde.<\/p>\n<p>PARAM\u00c8TRES DU PRODUIT<br \/>\nAcier&nbsp;: alliage japonais AUS 10A<br \/>\nLongueur de la lame : 114 mm<br \/>\nPoids : 255g<br \/>\nMat\u00e9riau du manche&nbsp;: Griv-Ex\u2122 long avec raccords en acier<br \/>\n\u00c9paisseur de la lame : 4 mm<br \/>\nTaille hors tout : 266 mm<br \/>\nLongueur du manche : 152 mm<br \/>\nCouleur: gris\/argent<\/p>\n","protected":false},"excerpt":{"rendered":"<p><strong>SPARTAN, couteau pliant \u00e0 lame dentel\u00e9e. Un ph\u00e9nom\u00e8ne parmi les couteaux qui cr\u00e9era une impression absolument monumentale dans votre main.<\/strong><\/p>\n","protected":false},"featured_media":339862,"comment_status":"open","ping_status":"closed","template":"","meta":[],"pwb-brand":[3789],"product_brand":[],"product_cat":[3700,3696],"product_tag":[3754],"class_list":{"0":"post-339861","1":"product","2":"type-product","3":"status-publish","4":"has-post-thumbnail","6":"pwb-brand-acier-froid","7":"product_cat-couteaux-de-fermeture","8":"product_cat-des-couteaux","9":"product_tag-b2b-fr","11":"first","12":"outofstock","13":"taxable","14":"shipping-taxable","15":"purchasable","16":"product-type-simple"},"brands":[{"id":3789,"name":"Acier froid","slug":"acier-froid"}],"_links":{"self":[{"href":"https:\/\/www.moskito.cz\/fr\/wp-json\/wp\/v2\/product\/339861","targetHints":{"allow":["GET"]}}],"collection":[{"href":"https:\/\/www.moskito.cz\/fr\/wp-json\/wp\/v2\/product"}],"about":[{"href":"https:\/\/www.moskito.cz\/fr\/wp-json\/wp\/v2\/types\/product"}],"replies":[{"embeddable":true,"href":"https:\/\/www.moskito.cz\/fr\/wp-json\/wp\/v2\/comments?post=339861"}],"wp:featuredmedia":[{"embeddable":true,"href":"https:\/\/www.moskito.cz\/fr\/wp-json\/wp\/v2\/media\/339862"}],"wp:attachment":[{"href":"https:\/\/www.moskito.cz\/fr\/wp-json\/wp\/v2\/media?parent=339861"}],"wp:term":[{"taxonomy":"pwb-brand","embeddable":true,"href":"https:\/\/www.moskito.cz\/fr\/wp-json\/wp\/v2\/pwb-brand?post=339861"},{"taxonomy":"product_brand","embeddable":true,"href":"https:\/\/www.moskito.cz\/fr\/wp-json\/wp\/v2\/product_brand?post=339861"},{"taxonomy":"product_cat","embeddable":true,"href":"https:\/\/www.moskito.cz\/fr\/wp-json\/wp\/v2\/product_cat?post=339861"},{"taxonomy":"product_tag","embeddable":true,"href":"https:\/\/www.moskito.cz\/fr\/wp-json\/wp\/v2\/product_tag?post=339861"}],"curies":[{"name":"wp","href":"https:\/\/api.w.org\/{rel}","templated":true}]}}