{"id":340131,"date":"2024-05-15T13:40:28","date_gmt":"2024-05-15T12:43:25","guid":{"rendered":"https:\/\/www.moskito.cz\/produkt\/couteau-fixe-microtech-socom-alpha-apocalyptic-113-11ap\/"},"modified":"2025-05-07T11:14:54","modified_gmt":"2025-05-07T10:14:54","slug":"couteau-fixe-microtech-socom-alpha-apocalyptic-113-11ap","status":"publish","type":"product","link":"https:\/\/www.moskito.cz\/fr\/produkt\/couteau-fixe-microtech-socom-alpha-apocalyptic-113-11ap\/","title":{"rendered":"Couteau Fixe Microtech Socom Alpha Apocalyptic 113-11AP"},"content":{"rendered":"<p>Couteau fixe <strong>Microtech<\/strong> Socom Alpha Apocalyptic 113-11AP.<\/p>\n<p><strong>La Socom Alpha<\/strong> est une lame fixe d&rsquo;\u00e9lite bas\u00e9e sur la populaire scie sauteuse Socom. Le manche est \u00e0 peu pr\u00e8s de la m\u00eame taille, mais la lame solide Socom Alpha a une lame l\u00e9g\u00e8rement plus longue, cr\u00e9ant un couteau parfaitement \u00e9quilibr\u00e9. Il est con\u00e7u pour les utilisateurs tactiques, les collectionneurs et tous ceux qui appr\u00e9cient une lame de qualit\u00e9 sup\u00e9rieure.<\/p>\n<p>Cette conception int\u00e9grale pr\u00e9sente une bordure tout autour du manche pour vous offrir la manipulation la plus s\u00fbre possible de cette lame fixe tactique. Les \u00e9chelles G10 frais\u00e9es ont une forme profil\u00e9e pour une prise ergonomique maximale et cr\u00e9ent une harmonie parfaite entre l&rsquo;utilisateur et l&rsquo;outil. La lame Clip Point est aff\u00fbt\u00e9e \u00e0 plat avec une colonne vert\u00e9brale arrondie et une finition apocalyptique robuste. Le Socom Alpha d\u00e9gage l\u2019aura d\u2019un utilisateur de premier plan en tant que lame fixe tactique et utilitaire. Il est fabriqu\u00e9 selon des tol\u00e9rances parfaitement serr\u00e9es, vous savez donc qu&rsquo;il peut g\u00e9rer tout ce que vous lui lancez. Livr\u00e9 avec un \u00e9tui kydex en fibre de carbone avec Blade-Tech MOLLE LOK pour plusieurs options de transport adapt\u00e9es \u00e0 leurs pr\u00e9f\u00e9rences sp\u00e9cifiques.<br \/>\nCaract\u00e9ristiques:<\/p>\n<p>Longueur de la lame : <span id=\"cwos\" class=\"qv3Wpe\">13,62<\/span> cm<br \/>\nLongueur du manche : 12,5 cm<br \/>\nLongueur totale : <span id=\"cwos\" class=\"qv3Wpe\">26,25<\/span> cm<br \/>\nAcier : M390<br \/>\nStyle de lame&nbsp;:&nbsp;pointe de clip<br \/>\nMeulage de la lame&nbsp;:&nbsp;Plat<br \/>\nFinition de la lame : Apocalyptique<br \/>\nMat\u00e9riau du manche : G10 noir<br \/>\nMat\u00e9riau de la gaine : Kydex finition fibre de carbone<br \/>\nPoids : 8,0 onces.<br \/>\nPoids avec \u00e9tui : 12,2 onces.<br \/>\nCr\u00e9ateur : Tony Marfione<br \/>\nFabriqu\u00e9 aux \u00c9tats-Unis<\/p>\n<p><iframe title=\"Microtech Combat Troodon Torture Test\" width=\"800\" height=\"450\" src=\"https:\/\/www.youtube.com\/embed\/xE9TeOFYEjg?feature=oembed\" frameborder=\"0\" allow=\"accelerometer; autoplay; clipboard-write; encrypted-media; gyroscope; picture-in-picture; web-share\" referrerpolicy=\"strict-origin-when-cross-origin\" allowfullscreen><\/iframe><\/p>\n<p>&nbsp;<\/p>\n","protected":false},"excerpt":{"rendered":"<div class=\"elementor-element elementor-element-bbb542b elementor-widget elementor-widget-woocommerce-product-short-description\" data-id=\"bbb542b\" data-element_type=\"widget\" data-widget_type=\"woocommerce-product-short-description.default\">\n<div class=\"elementor-widget-container\">\n<div class=\"woocommerce-product-details__short-description\">\n<p><strong>Au fil des ann\u00e9es, Microtech\u00ae Knives a rempli les couteaux avec passion et comp\u00e9tence pour cr\u00e9er presque des \u0153uvres d&rsquo;art qui sont le summum de la fonctionnalit\u00e9. Toutes les pi\u00e8ces sont fabriqu\u00e9es aux \u00c9tats-Unis.<\/strong><br \/>\n<strong>Tous les couteaux Microtech sont garantis \u00e0 vie.<\/strong><\/p>\n<p><strong>Transports gratuits.<\/strong><\/p>\n<\/div>\n<\/div>\n<\/div>\n","protected":false},"featured_media":340079,"comment_status":"open","ping_status":"closed","template":"","meta":[],"pwb-brand":[3751],"product_brand":[],"product_cat":[3697,3696],"product_tag":[3754],"class_list":{"0":"post-340131","1":"product","2":"type-product","3":"status-publish","4":"has-post-thumbnail","6":"pwb-brand-microtechnologie","7":"product_cat-couteaux-solides","8":"product_cat-des-couteaux","9":"product_tag-b2b-fr","11":"first","12":"instock","13":"taxable","14":"shipping-taxable","15":"purchasable","16":"product-type-simple"},"brands":[{"id":3751,"name":"Microtechnologie","slug":"microtechnologie"}],"_links":{"self":[{"href":"https:\/\/www.moskito.cz\/fr\/wp-json\/wp\/v2\/product\/340131","targetHints":{"allow":["GET"]}}],"collection":[{"href":"https:\/\/www.moskito.cz\/fr\/wp-json\/wp\/v2\/product"}],"about":[{"href":"https:\/\/www.moskito.cz\/fr\/wp-json\/wp\/v2\/types\/product"}],"replies":[{"embeddable":true,"href":"https:\/\/www.moskito.cz\/fr\/wp-json\/wp\/v2\/comments?post=340131"}],"wp:featuredmedia":[{"embeddable":true,"href":"https:\/\/www.moskito.cz\/fr\/wp-json\/wp\/v2\/media\/340079"}],"wp:attachment":[{"href":"https:\/\/www.moskito.cz\/fr\/wp-json\/wp\/v2\/media?parent=340131"}],"wp:term":[{"taxonomy":"pwb-brand","embeddable":true,"href":"https:\/\/www.moskito.cz\/fr\/wp-json\/wp\/v2\/pwb-brand?post=340131"},{"taxonomy":"product_brand","embeddable":true,"href":"https:\/\/www.moskito.cz\/fr\/wp-json\/wp\/v2\/product_brand?post=340131"},{"taxonomy":"product_cat","embeddable":true,"href":"https:\/\/www.moskito.cz\/fr\/wp-json\/wp\/v2\/product_cat?post=340131"},{"taxonomy":"product_tag","embeddable":true,"href":"https:\/\/www.moskito.cz\/fr\/wp-json\/wp\/v2\/product_tag?post=340131"}],"curies":[{"name":"wp","href":"https:\/\/api.w.org\/{rel}","templated":true}]}}