{"id":340310,"date":"2024-05-15T14:16:51","date_gmt":"2024-05-15T13:18:22","guid":{"rendered":"https:\/\/www.moskito.cz\/produkt\/couteau-de-fermeture-microtech-socom-bravo-mini-260m-8cfti\/"},"modified":"2025-05-07T11:15:01","modified_gmt":"2025-05-07T10:15:01","slug":"couteau-de-fermeture-microtech-socom-bravo-mini-260m-8cfti","status":"publish","type":"product","link":"https:\/\/www.moskito.cz\/fr\/produkt\/couteau-de-fermeture-microtech-socom-bravo-mini-260m-8cfti\/","title":{"rendered":"Couteau de fermeture Microtech Socom Bravo Mini 260M-8CFTI"},"content":{"rendered":"<p>Couteau de fermeture <strong>Microtech<\/strong> Socom Bravo Mini 260M-8CFTI.<\/p>\n<p>Couteaux Microtech<\/p>\n<p>Con\u00e7u par Microtech et fabriqu\u00e9 par Rike Knife, le Socom Bravo Mini est un couteau de collaboration inspir\u00e9 du classique Socom. Ce couteau pliant \u00e0 main compact est un excellent couteau tactique robuste. Il est dot\u00e9 d&rsquo;un manche renforc\u00e9 en titane 6Al4V avec des \u00e9cailles en fibre de carbone et est propos\u00e9 avec une lame \u00e0 bord unique et une lame tanto. Le trou pour lani\u00e8re et le clip de poche permettent un port fonctionnel, et l&rsquo;ergonomie est toujours parmi les meilleures du secteur.<br \/>\nCaract\u00e9ristiques:<\/p>\n<p>Longueur de la lame : <span id=\"cwos\" class=\"qv3Wpe\">8,75<\/span> cm<br \/>\nLongueur ferm\u00e9 : <span id=\"cwos\" class=\"qv3Wpe\">10,62<\/span> cm<br \/>\nLongueur totale : <span id=\"cwos\" class=\"qv3Wpe\">19,37<\/span> cm<br \/>\nMat\u00e9riau de la lame : acier inoxydable Bohler M390<br \/>\nStyle de lame&nbsp;:&nbsp;pointe de clip<br \/>\nMeulage de la lame&nbsp;:&nbsp;Plat<br \/>\nFinition de la lame&nbsp;: Bead Blast<br \/>\nMat\u00e9riau du manche : titane 6Al4V renforc\u00e9 avec \u00e9chelle en fibre de carbone<br \/>\n\u00c9paisseur du manche&nbsp;: 0,488&Prime;<br \/>\nM\u00e9canisme de verrouillage&nbsp;:&nbsp;Frame Lock<br \/>\nAssemblage de broches&nbsp;: roulements<br \/>\nClip de poche&nbsp;: Titane (d\u00e9pliable, \u00e0 porter \u00e0 droite)<br \/>\nPoids : 3,32 onces.<br \/>\nCr\u00e9ateur : Tony Marfione<\/p>\n<p><iframe title=\"Microtech Combat Troodon Torture Test\" width=\"800\" height=\"450\" src=\"https:\/\/www.youtube.com\/embed\/xE9TeOFYEjg?feature=oembed\" frameborder=\"0\" allow=\"accelerometer; autoplay; clipboard-write; encrypted-media; gyroscope; picture-in-picture; web-share\" referrerpolicy=\"strict-origin-when-cross-origin\" allowfullscreen><\/iframe><\/p>\n<p>&nbsp;<\/p>\n","protected":false},"excerpt":{"rendered":"<div class=\"elementor-element elementor-element-bbb542b elementor-widget elementor-widget-woocommerce-product-short-description\" data-id=\"bbb542b\" data-element_type=\"widget\" data-widget_type=\"woocommerce-product-short-description.default\">\n<div class=\"elementor-widget-container\">\n<div class=\"woocommerce-product-details__short-description\">\n<div class=\"elementor-element elementor-element-bbb542b elementor-widget elementor-widget-woocommerce-product-short-description\" data-id=\"bbb542b\" data-element_type=\"widget\" data-widget_type=\"woocommerce-product-short-description.default\">\n<div class=\"elementor-widget-container\">\n<div class=\"woocommerce-product-details__short-description\">\n<div class=\"elementor-element elementor-element-bbb542b elementor-widget elementor-widget-woocommerce-product-short-description\" data-id=\"bbb542b\" data-element_type=\"widget\" data-widget_type=\"woocommerce-product-short-description.default\">\n<div class=\"elementor-widget-container\">\n<div class=\"woocommerce-product-details__short-description\">\n<p><strong>Au fil des ann\u00e9es, Microtech\u00ae Knives a rempli les couteaux avec passion et comp\u00e9tence pour cr\u00e9er presque des \u0153uvres d&rsquo;art qui sont le summum de la fonctionnalit\u00e9. Toutes les pi\u00e8ces sont fabriqu\u00e9es aux \u00c9tats-Unis.<\/strong><br \/>\n<strong>Tous les couteaux Microtech sont garantis \u00e0 vie.<\/strong><\/p>\n<p><strong>Transports gratuits.<\/strong><\/p>\n<\/div>\n<\/div>\n<\/div>\n<\/div>\n<\/div>\n<\/div>\n<\/div>\n<\/div>\n<\/div>\n","protected":false},"featured_media":340263,"comment_status":"open","ping_status":"closed","template":"","meta":[],"pwb-brand":[3751],"product_brand":[],"product_cat":[3700,3696],"product_tag":[3754],"class_list":{"0":"post-340310","1":"product","2":"type-product","3":"status-publish","4":"has-post-thumbnail","6":"pwb-brand-microtechnologie","7":"product_cat-couteaux-de-fermeture","8":"product_cat-des-couteaux","9":"product_tag-b2b-fr","11":"first","12":"outofstock","13":"taxable","14":"shipping-taxable","15":"purchasable","16":"product-type-simple"},"brands":[{"id":3751,"name":"Microtechnologie","slug":"microtechnologie"}],"_links":{"self":[{"href":"https:\/\/www.moskito.cz\/fr\/wp-json\/wp\/v2\/product\/340310","targetHints":{"allow":["GET"]}}],"collection":[{"href":"https:\/\/www.moskito.cz\/fr\/wp-json\/wp\/v2\/product"}],"about":[{"href":"https:\/\/www.moskito.cz\/fr\/wp-json\/wp\/v2\/types\/product"}],"replies":[{"embeddable":true,"href":"https:\/\/www.moskito.cz\/fr\/wp-json\/wp\/v2\/comments?post=340310"}],"wp:featuredmedia":[{"embeddable":true,"href":"https:\/\/www.moskito.cz\/fr\/wp-json\/wp\/v2\/media\/340263"}],"wp:attachment":[{"href":"https:\/\/www.moskito.cz\/fr\/wp-json\/wp\/v2\/media?parent=340310"}],"wp:term":[{"taxonomy":"pwb-brand","embeddable":true,"href":"https:\/\/www.moskito.cz\/fr\/wp-json\/wp\/v2\/pwb-brand?post=340310"},{"taxonomy":"product_brand","embeddable":true,"href":"https:\/\/www.moskito.cz\/fr\/wp-json\/wp\/v2\/product_brand?post=340310"},{"taxonomy":"product_cat","embeddable":true,"href":"https:\/\/www.moskito.cz\/fr\/wp-json\/wp\/v2\/product_cat?post=340310"},{"taxonomy":"product_tag","embeddable":true,"href":"https:\/\/www.moskito.cz\/fr\/wp-json\/wp\/v2\/product_tag?post=340310"}],"curies":[{"name":"wp","href":"https:\/\/api.w.org\/{rel}","templated":true}]}}