{"id":340377,"date":"2023-06-27T21:26:39","date_gmt":"2023-06-27T20:26:39","guid":{"rendered":"https:\/\/www.moskito.cz\/produkt\/couteau-pliant-spyderco-delica-4-flat-ground-c11fpbk\/"},"modified":"2025-05-07T11:15:04","modified_gmt":"2025-05-07T10:15:04","slug":"couteau-pliant-spyderco-delica-4-flat-ground-c11fpbk","status":"publish","type":"product","link":"https:\/\/www.moskito.cz\/fr\/produkt\/couteau-pliant-spyderco-delica-4-flat-ground-c11fpbk\/","title":{"rendered":"Couteau pliant Spyderco Delica 4 Flat Ground C11FPBK"},"content":{"rendered":"<p>Couteau pliant <strong>Spyderco<\/strong> Delica 4 Flat Ground C11FPBK<\/p>\n<p>Les Delica4 Lightweights sont disponibles dans une vari\u00e9t\u00e9 de couleurs de manche avec des lames enti\u00e8rement aff\u00fbt\u00e9es, y compris cette variante noire. Leurs poign\u00e9es FRN sont bidirectionnelles textur\u00e9es\u00ae pour une traction tactile avec deux inserts en acier inoxydable squelett\u00e9s et un clip de poche \u00e0 quatre voies. Les lames enti\u00e8rement plates VG-10 offrent un tranchant fin et raffin\u00e9, une rainure de cr\u00eate et un al\u00e9sage rond Spyderco de 13 mm.<\/p>\n<p>Caract\u00e9ristiques<br \/>\nLongueur totale : 18,1 cm<br \/>\nLongueur ferm\u00e9 : 10,8 cm<br \/>\nLongueur de la lame : 7,3 cm<br \/>\n\u00c9paisseur de la lame : 0,25 cm<br \/>\nAcier de la lame : VG-10<br \/>\nPoids : 2,5 onces. (71g)<br \/>\nMat\u00e9riau du manche : FRN<br \/>\nFabriqu\u00e9 \u00e0 Seki-City, Japon<\/p>\n","protected":false},"excerpt":{"rendered":"<p><strong>Les Delica4 Lightweights sont disponibles dans une vari\u00e9t\u00e9 de couleurs de manche avec des lames enti\u00e8rement aff\u00fbt\u00e9es, y compris cette variante noire.<\/strong><\/p>\n","protected":false},"featured_media":340391,"comment_status":"open","ping_status":"closed","template":"","meta":[],"pwb-brand":[3778],"product_brand":[],"product_cat":[3700,3696],"product_tag":[3754],"class_list":{"0":"post-340377","1":"product","2":"type-product","3":"status-publish","4":"has-post-thumbnail","6":"pwb-brand-spyderco-fr","7":"product_cat-couteaux-de-fermeture","8":"product_cat-des-couteaux","9":"product_tag-b2b-fr","11":"first","12":"instock","13":"taxable","14":"shipping-taxable","15":"purchasable","16":"product-type-simple"},"brands":[{"id":3778,"name":"Spyderco","slug":"spyderco-fr"}],"_links":{"self":[{"href":"https:\/\/www.moskito.cz\/fr\/wp-json\/wp\/v2\/product\/340377","targetHints":{"allow":["GET"]}}],"collection":[{"href":"https:\/\/www.moskito.cz\/fr\/wp-json\/wp\/v2\/product"}],"about":[{"href":"https:\/\/www.moskito.cz\/fr\/wp-json\/wp\/v2\/types\/product"}],"replies":[{"embeddable":true,"href":"https:\/\/www.moskito.cz\/fr\/wp-json\/wp\/v2\/comments?post=340377"}],"wp:featuredmedia":[{"embeddable":true,"href":"https:\/\/www.moskito.cz\/fr\/wp-json\/wp\/v2\/media\/340391"}],"wp:attachment":[{"href":"https:\/\/www.moskito.cz\/fr\/wp-json\/wp\/v2\/media?parent=340377"}],"wp:term":[{"taxonomy":"pwb-brand","embeddable":true,"href":"https:\/\/www.moskito.cz\/fr\/wp-json\/wp\/v2\/pwb-brand?post=340377"},{"taxonomy":"product_brand","embeddable":true,"href":"https:\/\/www.moskito.cz\/fr\/wp-json\/wp\/v2\/product_brand?post=340377"},{"taxonomy":"product_cat","embeddable":true,"href":"https:\/\/www.moskito.cz\/fr\/wp-json\/wp\/v2\/product_cat?post=340377"},{"taxonomy":"product_tag","embeddable":true,"href":"https:\/\/www.moskito.cz\/fr\/wp-json\/wp\/v2\/product_tag?post=340377"}],"curies":[{"name":"wp","href":"https:\/\/api.w.org\/{rel}","templated":true}]}}