{"id":340473,"date":"2024-05-16T15:19:04","date_gmt":"2024-05-16T14:22:32","guid":{"rendered":"https:\/\/www.moskito.cz\/produkt\/couteau-solide-cold-steel-leatherneck-bowie-cs-fx-lthrnk\/"},"modified":"2025-05-07T11:15:06","modified_gmt":"2025-05-07T10:15:06","slug":"couteau-solide-cold-steel-leatherneck-bowie-cs-fx-lthrnk","status":"publish","type":"product","link":"https:\/\/www.moskito.cz\/fr\/produkt\/couteau-solide-cold-steel-leatherneck-bowie-cs-fx-lthrnk\/","title":{"rendered":"Couteau solide Cold Steel LEATHERNECK BOWIE CS-FX-LTHRNK"},"content":{"rendered":"<p>Couteau solide <strong>Cold Steel<\/strong> LEATHERNECK BOWIE CS-FX-LTHRNK.<\/p>\n<p>Le Leatherneck Bowie a une large lame de style bowie en acier allemand D2 et mesure 10 \u00bd pouces de long. Comme le reste de la s\u00e9rie Leatherneck, il pr\u00e9sente une finition noire antireflet. Il pr\u00e9sente une lign\u00e9e distincte sur la majeure partie de sa longueur, et bien s\u00fbr, des poils pointus&nbsp;! La poign\u00e9e Kray-Ex\u2122 est bas\u00e9e sur la conception standard de nos autres Leatherneck, mais am\u00e9lior\u00e9e avec un couvercle plus long et des quillons incurv\u00e9s vers l&rsquo;avant. Livr\u00e9 avec un \u00e9tui Secure-Ex\u2122.<\/p>\n<p>Longueur de la lame : 26,7 cm<br \/>\nMat\u00e9riau du manche&nbsp;: Long Griv-Ex\u2122<br \/>\nLongueur du manche : 12 cm<br \/>\nCouleur noire<br \/>\nPoids : 482 g<br \/>\nTaille totale : 38,7 cm<br \/>\n\u00c9paisseur de la lame : 0,5 cm<br \/>\nAcier : D2<\/p>\n","protected":false},"excerpt":{"rendered":"<p><strong>Leatherneck Bowie est un couteau de campagne, qui fait r\u00e9f\u00e9rence \u00e0 la forme des couteaux bowie classiques. C&rsquo;est clairement le plus gros couteau de cette s\u00e9rie.  <\/strong><\/p>\n<p><strong>Transports gratuits.<\/strong><\/p>\n","protected":false},"featured_media":340463,"comment_status":"open","ping_status":"closed","template":"","meta":[],"pwb-brand":[3789],"product_brand":[],"product_cat":[3697,3696],"product_tag":[3754],"class_list":{"0":"post-340473","1":"product","2":"type-product","3":"status-publish","4":"has-post-thumbnail","6":"pwb-brand-acier-froid","7":"product_cat-couteaux-solides","8":"product_cat-des-couteaux","9":"product_tag-b2b-fr","11":"first","12":"instock","13":"taxable","14":"shipping-taxable","15":"purchasable","16":"product-type-simple"},"brands":[{"id":3789,"name":"Acier froid","slug":"acier-froid"}],"_links":{"self":[{"href":"https:\/\/www.moskito.cz\/fr\/wp-json\/wp\/v2\/product\/340473","targetHints":{"allow":["GET"]}}],"collection":[{"href":"https:\/\/www.moskito.cz\/fr\/wp-json\/wp\/v2\/product"}],"about":[{"href":"https:\/\/www.moskito.cz\/fr\/wp-json\/wp\/v2\/types\/product"}],"replies":[{"embeddable":true,"href":"https:\/\/www.moskito.cz\/fr\/wp-json\/wp\/v2\/comments?post=340473"}],"wp:featuredmedia":[{"embeddable":true,"href":"https:\/\/www.moskito.cz\/fr\/wp-json\/wp\/v2\/media\/340463"}],"wp:attachment":[{"href":"https:\/\/www.moskito.cz\/fr\/wp-json\/wp\/v2\/media?parent=340473"}],"wp:term":[{"taxonomy":"pwb-brand","embeddable":true,"href":"https:\/\/www.moskito.cz\/fr\/wp-json\/wp\/v2\/pwb-brand?post=340473"},{"taxonomy":"product_brand","embeddable":true,"href":"https:\/\/www.moskito.cz\/fr\/wp-json\/wp\/v2\/product_brand?post=340473"},{"taxonomy":"product_cat","embeddable":true,"href":"https:\/\/www.moskito.cz\/fr\/wp-json\/wp\/v2\/product_cat?post=340473"},{"taxonomy":"product_tag","embeddable":true,"href":"https:\/\/www.moskito.cz\/fr\/wp-json\/wp\/v2\/product_tag?post=340473"}],"curies":[{"name":"wp","href":"https:\/\/api.w.org\/{rel}","templated":true}]}}