{"id":340551,"date":"2024-05-16T15:54:16","date_gmt":"2024-05-16T14:54:16","guid":{"rendered":"https:\/\/www.moskito.cz\/produkt\/couteau-solide-cold-steel-republic-bushcraft-knife-cs-fx-50fld\/"},"modified":"2025-05-07T11:15:07","modified_gmt":"2025-05-07T10:15:07","slug":"couteau-solide-cold-steel-republic-bushcraft-knife-cs-fx-50fld","status":"publish","type":"product","link":"https:\/\/www.moskito.cz\/fr\/produkt\/couteau-solide-cold-steel-republic-bushcraft-knife-cs-fx-50fld\/","title":{"rendered":"Couteau solide Cold Steel REPUBLIC BUSHCRAFT KNIFE CS-FX-50FLD"},"content":{"rendered":"<p>Couteau solide <strong>Cold Steel<\/strong> REPUBLIC BUSHCRAFT COUTEAU CS-FX-50FLD.<\/p>\n<p>Que vous construisiez un abri, pr\u00e9pariez un repas ou affrontiez des d\u00e9fis impr\u00e9vus dans une situation de survie, vous avez besoin d&rsquo;un couteau sur lequel vous pouvez compter, capable de r\u00e9sister \u00e0 tous les obstacles qu&rsquo;il rencontre. Pr\u00e9sentation de la lame compagnon id\u00e9ale pour toute activit\u00e9 de plein air : le tout nouveau Republic, un couteau de survie bushcraft droppoint durable de Cold Steel.<\/p>\n<p>Fabriqu\u00e9 aux \u00c9tats-Unis, le Republic est dot\u00e9 d&rsquo;une impressionnante lame en acier S35VN de 5 pouces avec une duret\u00e9 de HRC58-60 et une \u00e9paisseur robuste de 3,9 mm. Son usinage de pr\u00e9cision fournit un outil polyvalent et fiable qui excellera dans les environnements sauvages les plus exigeants. Sa durabilit\u00e9 est encore renforc\u00e9e par la finition robuste Ionbond, qui offre non seulement une r\u00e9sistance exceptionnelle \u00e0 la corrosion, mais \u00e9galement une esth\u00e9tique \u00e9l\u00e9gante et tactique qui ne manquera pas de toucher la corde sensible de tout aventurier en pleine nature.<\/p>\n<p>Et avec seulement 8,4 onces, le Republic facilite la portabilit\u00e9 m\u00eame lorsqu&rsquo;il est rang\u00e9 dans l&rsquo;\u00e9tui en cuir haut de gamme inclus. La lame fiable se fixe \u00e0 un manche Micarta de 5 pouces avec une prise s\u00e9curis\u00e9e qui minimise le risque de glisser m\u00eame lorsqu&rsquo;elle est mouill\u00e9e. De plus, la poign\u00e9e est facilement amovible, ce qui vous permet d&rsquo;adapter rapidement l&rsquo;outil \u00e0 vos besoins ou pr\u00e9f\u00e9rences sp\u00e9cifiques dans n&rsquo;importe quelle situation. Le jimping et le choil sur la lame offrent une meilleure prise du pouce et un meilleur contr\u00f4le pour les t\u00e2ches d\u00e9licates, tandis que le trou pour lani\u00e8re int\u00e9gr\u00e9 offre une large gamme d&rsquo;options de transport, y compris un moyen d&rsquo;attacher le couteau \u00e0 votre \u00e9quipement ou \u00e0 votre poignet afin qu&rsquo;il soit toujours \u00e0 port\u00e9e de main.<\/p>\n<p>&#8211; La lame tranchante comme un rasoir S35VN de 3,9 mm d&rsquo;\u00e9paisseur et 5 pouces peut g\u00e9rer diverses t\u00e2ches ext\u00e9rieures<br \/>\n&#8211; La finition Ionbond r\u00e9siste \u00e0 la corrosion et offre un look tactique de bon go\u00fbt<br \/>\n&#8211; Jimping et choil pour plus d&rsquo;accroche et de maniabilit\u00e9<br \/>\n&#8211; La poign\u00e9e Micarta de cinq pouces offre une prise ferme quelles que soient les conditions m\u00e9t\u00e9orologiques<br \/>\n&#8211; La poign\u00e9e amovible permet une personnalisation en fonction de la situation ou de l&rsquo;activit\u00e9<br \/>\n&#8211; Construction robuste et durable avec r\u00e9tention des bords durable<br \/>\n&#8211; Ne p\u00e8se que 8,4 onces<br \/>\n&#8211; Fabriqu\u00e9 aux Etats-Unis<\/p>\n<p>Masse. 238g<br \/>\nLa couleur noire<br \/>\nTaille totale : 25,4 cm<br \/>\nLongueur du manche : 12,7 cm<br \/>\nAcier&nbsp;: CPM-S35VN<br \/>\nLongueur de la lame : 12,7 cm<br \/>\n\u00c9paisseur de la lame : 3,9 mm<br \/>\nMat\u00e9riau du manche : Micarta<br \/>\nMat\u00e9riau du bo\u00eetier : cuir<\/p>\n<p><iframe title=\"Republic Bushcraft Knife - Made in the USA\" width=\"800\" height=\"450\" src=\"https:\/\/www.youtube.com\/embed\/9VzB1jGOVOk?feature=oembed\" frameborder=\"0\" allow=\"accelerometer; autoplay; clipboard-write; encrypted-media; gyroscope; picture-in-picture; web-share\" referrerpolicy=\"strict-origin-when-cross-origin\" allowfullscreen><\/iframe><\/p>\n<p>&nbsp;<\/p>\n","protected":false},"excerpt":{"rendered":"<p><strong>Que vous construisiez un abri, pr\u00e9pariez un repas ou affrontiez des d\u00e9fis impr\u00e9vus dans une situation de survie, vous avez besoin d&rsquo;un couteau sur lequel vous pouvez compter, capable de r\u00e9sister \u00e0 tous les obstacles qu&rsquo;il rencontre.<\/strong><\/p>\n<p><strong>Transports gratuits.<\/strong><\/p>\n","protected":false},"featured_media":340479,"comment_status":"open","ping_status":"closed","template":"","meta":[],"pwb-brand":[3789],"product_brand":[],"product_cat":[3697,3696],"product_tag":[3754],"class_list":{"0":"post-340551","1":"product","2":"type-product","3":"status-publish","4":"has-post-thumbnail","6":"pwb-brand-acier-froid","7":"product_cat-couteaux-solides","8":"product_cat-des-couteaux","9":"product_tag-b2b-fr","11":"first","12":"instock","13":"taxable","14":"shipping-taxable","15":"purchasable","16":"product-type-simple"},"brands":[{"id":3789,"name":"Acier froid","slug":"acier-froid"}],"_links":{"self":[{"href":"https:\/\/www.moskito.cz\/fr\/wp-json\/wp\/v2\/product\/340551","targetHints":{"allow":["GET"]}}],"collection":[{"href":"https:\/\/www.moskito.cz\/fr\/wp-json\/wp\/v2\/product"}],"about":[{"href":"https:\/\/www.moskito.cz\/fr\/wp-json\/wp\/v2\/types\/product"}],"replies":[{"embeddable":true,"href":"https:\/\/www.moskito.cz\/fr\/wp-json\/wp\/v2\/comments?post=340551"}],"wp:featuredmedia":[{"embeddable":true,"href":"https:\/\/www.moskito.cz\/fr\/wp-json\/wp\/v2\/media\/340479"}],"wp:attachment":[{"href":"https:\/\/www.moskito.cz\/fr\/wp-json\/wp\/v2\/media?parent=340551"}],"wp:term":[{"taxonomy":"pwb-brand","embeddable":true,"href":"https:\/\/www.moskito.cz\/fr\/wp-json\/wp\/v2\/pwb-brand?post=340551"},{"taxonomy":"product_brand","embeddable":true,"href":"https:\/\/www.moskito.cz\/fr\/wp-json\/wp\/v2\/product_brand?post=340551"},{"taxonomy":"product_cat","embeddable":true,"href":"https:\/\/www.moskito.cz\/fr\/wp-json\/wp\/v2\/product_cat?post=340551"},{"taxonomy":"product_tag","embeddable":true,"href":"https:\/\/www.moskito.cz\/fr\/wp-json\/wp\/v2\/product_tag?post=340551"}],"curies":[{"name":"wp","href":"https:\/\/api.w.org\/{rel}","templated":true}]}}