{"id":340592,"date":"2024-05-17T12:03:54","date_gmt":"2024-05-17T11:13:30","guid":{"rendered":"https:\/\/www.moskito.cz\/produkt\/couteau-de-lancer-cold-steel-sure-balance-thrower-80tsb\/"},"modified":"2025-05-07T11:15:10","modified_gmt":"2025-05-07T10:15:10","slug":"couteau-de-lancer-cold-steel-sure-balance-thrower-80tsb","status":"publish","type":"product","link":"https:\/\/www.moskito.cz\/fr\/produkt\/couteau-de-lancer-cold-steel-sure-balance-thrower-80tsb\/","title":{"rendered":"Couteau de lancer Cold Steel SURE BALANCE THROWER 80TSB"},"content":{"rendered":"<p>Couteau de lancer <strong>Cold Steel<\/strong> SURE BALANCE THROWER 80TSB.<\/p>\n<p>Le lourd couteau de lancer Cold Steel Sure Balance Thrower mesure un peu moins de 22,8 cm de long et p\u00e8se un peu plus de 524,466 g ! Deux fois plus lourds que de nombreux couteaux de lancer amateurs, ces couteaux professionnels volent droit et frappent comme un train de marchandises, se coin\u00e7ant presque. n&rsquo;importe quelle destination ! Avec leur construction en acier au carbone 1055 massif trait\u00e9 thermiquement, ils sont s\u00fbrs d&rsquo;offrir de nombreuses ann\u00e9es de service, m\u00eame lorsqu&rsquo;ils sont utilis\u00e9s par les amateurs de lancer les plus d\u00e9vou\u00e9s. La finition noire emp\u00eache la lame de rouiller. C&rsquo;est un couteau de lancer pratiquement indestructible qui peut facilement r\u00e9sister \u00e0 des milliers de lancers.<\/p>\n<p>Poids : 524,466 g<br \/>\n\u00c9paisseur de la lame : 0,5 cm<br \/>\nLongueur du manche : 11,1 cm<br \/>\nCouleur noire<br \/>\nMat\u00e9riau du manche : Balance en polypropyl\u00e8ne<br \/>\nLongueur de la lame : 22,8 cm<br \/>\nTaille totale : 33,9 cm<br \/>\nAcier&nbsp;:&nbsp;1055 acier au carbone<\/p>\n<p>&nbsp;<\/p>\n","protected":false},"excerpt":{"rendered":"<p><strong>Le couteau de lancer lourd Cold Steel Sure Balance Thrower mesure un peu moins de 22,8 cm de long et p\u00e8se un peu plus de 524,466 g !<\/strong><\/p>\n","protected":false},"featured_media":340567,"comment_status":"open","ping_status":"closed","template":"","meta":[],"pwb-brand":[3789],"product_brand":[],"product_cat":[3696,3698],"product_tag":[3754],"class_list":{"0":"post-340592","1":"product","2":"type-product","3":"status-publish","4":"has-post-thumbnail","6":"pwb-brand-acier-froid","7":"product_cat-des-couteaux","8":"product_cat-lancer-des-couteaux","9":"product_tag-b2b-fr","11":"first","12":"outofstock","13":"taxable","14":"shipping-taxable","15":"purchasable","16":"product-type-simple"},"brands":[{"id":3789,"name":"Acier froid","slug":"acier-froid"}],"_links":{"self":[{"href":"https:\/\/www.moskito.cz\/fr\/wp-json\/wp\/v2\/product\/340592","targetHints":{"allow":["GET"]}}],"collection":[{"href":"https:\/\/www.moskito.cz\/fr\/wp-json\/wp\/v2\/product"}],"about":[{"href":"https:\/\/www.moskito.cz\/fr\/wp-json\/wp\/v2\/types\/product"}],"replies":[{"embeddable":true,"href":"https:\/\/www.moskito.cz\/fr\/wp-json\/wp\/v2\/comments?post=340592"}],"wp:featuredmedia":[{"embeddable":true,"href":"https:\/\/www.moskito.cz\/fr\/wp-json\/wp\/v2\/media\/340567"}],"wp:attachment":[{"href":"https:\/\/www.moskito.cz\/fr\/wp-json\/wp\/v2\/media?parent=340592"}],"wp:term":[{"taxonomy":"pwb-brand","embeddable":true,"href":"https:\/\/www.moskito.cz\/fr\/wp-json\/wp\/v2\/pwb-brand?post=340592"},{"taxonomy":"product_brand","embeddable":true,"href":"https:\/\/www.moskito.cz\/fr\/wp-json\/wp\/v2\/product_brand?post=340592"},{"taxonomy":"product_cat","embeddable":true,"href":"https:\/\/www.moskito.cz\/fr\/wp-json\/wp\/v2\/product_cat?post=340592"},{"taxonomy":"product_tag","embeddable":true,"href":"https:\/\/www.moskito.cz\/fr\/wp-json\/wp\/v2\/product_tag?post=340592"}],"curies":[{"name":"wp","href":"https:\/\/api.w.org\/{rel}","templated":true}]}}