{"id":340751,"date":"2024-05-17T14:56:13","date_gmt":"2024-05-17T13:56:13","guid":{"rendered":"https:\/\/www.moskito.cz\/produkt\/couteau-pliant-cold-steel-mayhem-noir-fl-60dplm\/"},"modified":"2025-05-07T11:15:14","modified_gmt":"2025-05-07T10:15:14","slug":"couteau-pliant-cold-steel-mayhem-noir-fl-60dplm","status":"publish","type":"product","link":"https:\/\/www.moskito.cz\/fr\/produkt\/couteau-pliant-cold-steel-mayhem-noir-fl-60dplm\/","title":{"rendered":"Couteau pliant Cold Steel MAYHEM NOIR FL-60DPLM"},"content":{"rendered":"<p>Couteau de fermeture <strong>Cold Steel<\/strong> MAYHEM BLACK FL-60DPLM.<\/p>\n<p>Pr\u00e9sentation du Mayhem de Cold Steel \u2013 un couteau de pointe con\u00e7u pour red\u00e9finir vos attentes en mati\u00e8re d&rsquo;outil polyvalent et puissant. Fabriqu\u00e9 avec pr\u00e9cision et perfection, le Mayhem est la combinaison parfaite de performances de coupe, de durabilit\u00e9 et de conception ergonomique.<\/p>\n<p>Au c\u0153ur de cette b\u00eate se trouve une impressionnante lame de couperet modifi\u00e9e de 6 pouces en acier AUS10A de haute qualit\u00e9. Connu pour sa r\u00e9tention exceptionnelle des bords et sa r\u00e9sistance \u00e0 la corrosion, l&rsquo;acier AUS10A garantit que le Mayhem est pr\u00eat pour toute t\u00e2che de coupe qui vous attend. Avec une \u00e9paisseur de 4 mm, cette lame offre une r\u00e9sistance et une stabilit\u00e9 in\u00e9gal\u00e9es, ce qui la rend id\u00e9ale pour un usage intensif et des applications exigeantes.<\/p>\n<p>Fabriqu\u00e9 avec la plus grande attention aux d\u00e9tails, le Mayhem est dot\u00e9 d&rsquo;une poign\u00e9e G10 \u00e9l\u00e9gante et robuste. Le G10 est un mat\u00e9riau l\u00e9ger mais incroyablement durable qui offre une adh\u00e9rence exceptionnelle et assure un contr\u00f4le total du couteau, m\u00eame dans des conditions humides ou glissantes. Que vous tranchez, coupez en d\u00e9s, hachez ou effectuez des man\u0153uvres d\u00e9licates, la poign\u00e9e G10 offre un confort et une confiance in\u00e9gal\u00e9s dans votre main.<\/p>\n<p>Mayhem n\u2019est pas seulement une question de puissance brute ; il est con\u00e7u pour la s\u00e9curit\u00e9 et la facilit\u00e9 d\u2019utilisation. Gr\u00e2ce au m\u00e9canisme de verrouillage Atlas fiable et s\u00fbr, vous pouvez mettre et plier la lame en toute confiance avec des commandes simples mais intuitives. Le verrou Atlas garantit que la lame reste fermement en place pendant l&rsquo;utilisation, \u00e9liminant ainsi toute fermeture accidentelle qui pourrait compromettre votre s\u00e9curit\u00e9.<\/p>\n<p>Polyvalent, durable et con\u00e7u pour des performances \u00e9lev\u00e9es, le Mayhem de Cold Steel est le compagnon id\u00e9al des aventuriers, des chasseurs, des campeurs, des survivants et des utilisateurs occasionnels. Qu&rsquo;il s&rsquo;agisse de d\u00e9fis en plein air ou de coupes de cheveux quotidiennes, le Mayhem d\u00e9passera certainement vos attentes et deviendra un \u00e9l\u00e9ment indispensable de votre collection d&rsquo;\u00e9quipement.<\/p>\n<p>Taille totale : 33,5 cm<br \/>\nCouleur: noir\/gris<br \/>\n\u00c9paisseur de la lame : 0,4 cm<br \/>\nLongueur de la lame : 15,2 cm<br \/>\nPoids : 337,4 g<br \/>\nLongueur du manche : 18,3 cm<br \/>\nAcier&nbsp;: AUS 10A<br \/>\nMat\u00e9riau du manche : G10<br \/>\nType de fusible : Atlas<\/p>\n<p><iframe title=\"COLD STEEL MAYHEM\" width=\"800\" height=\"450\" src=\"https:\/\/www.youtube.com\/embed\/I7WAMZ2KQdM?feature=oembed\" frameborder=\"0\" allow=\"accelerometer; autoplay; clipboard-write; encrypted-media; gyroscope; picture-in-picture; web-share\" referrerpolicy=\"strict-origin-when-cross-origin\" allowfullscreen><\/iframe><\/p>\n<p>&nbsp;<\/p>\n","protected":false},"excerpt":{"rendered":"<p><strong>Pr\u00e9sentation du Mayhem de Cold Steel \u2013 un couteau de pointe con\u00e7u pour red\u00e9finir vos attentes en mati\u00e8re d&rsquo;outil polyvalent et puissant. Fabriqu\u00e9 avec pr\u00e9cision et perfection, le Mayhem est la combinaison parfaite de performances de coupe, de durabilit\u00e9 et de conception ergonomique.<\/strong><\/p>\n<p><strong>Transports gratuits.<\/strong><\/p>\n","protected":false},"featured_media":340677,"comment_status":"open","ping_status":"closed","template":"","meta":[],"pwb-brand":[3789],"product_brand":[],"product_cat":[3700,3696],"product_tag":[3754],"class_list":{"0":"post-340751","1":"product","2":"type-product","3":"status-publish","4":"has-post-thumbnail","6":"pwb-brand-acier-froid","7":"product_cat-couteaux-de-fermeture","8":"product_cat-des-couteaux","9":"product_tag-b2b-fr","11":"first","12":"instock","13":"taxable","14":"shipping-taxable","15":"purchasable","16":"product-type-simple"},"brands":[{"id":3789,"name":"Acier froid","slug":"acier-froid"}],"_links":{"self":[{"href":"https:\/\/www.moskito.cz\/fr\/wp-json\/wp\/v2\/product\/340751","targetHints":{"allow":["GET"]}}],"collection":[{"href":"https:\/\/www.moskito.cz\/fr\/wp-json\/wp\/v2\/product"}],"about":[{"href":"https:\/\/www.moskito.cz\/fr\/wp-json\/wp\/v2\/types\/product"}],"replies":[{"embeddable":true,"href":"https:\/\/www.moskito.cz\/fr\/wp-json\/wp\/v2\/comments?post=340751"}],"wp:featuredmedia":[{"embeddable":true,"href":"https:\/\/www.moskito.cz\/fr\/wp-json\/wp\/v2\/media\/340677"}],"wp:attachment":[{"href":"https:\/\/www.moskito.cz\/fr\/wp-json\/wp\/v2\/media?parent=340751"}],"wp:term":[{"taxonomy":"pwb-brand","embeddable":true,"href":"https:\/\/www.moskito.cz\/fr\/wp-json\/wp\/v2\/pwb-brand?post=340751"},{"taxonomy":"product_brand","embeddable":true,"href":"https:\/\/www.moskito.cz\/fr\/wp-json\/wp\/v2\/product_brand?post=340751"},{"taxonomy":"product_cat","embeddable":true,"href":"https:\/\/www.moskito.cz\/fr\/wp-json\/wp\/v2\/product_cat?post=340751"},{"taxonomy":"product_tag","embeddable":true,"href":"https:\/\/www.moskito.cz\/fr\/wp-json\/wp\/v2\/product_tag?post=340751"}],"curies":[{"name":"wp","href":"https:\/\/api.w.org\/{rel}","templated":true}]}}