{"id":340825,"date":"2024-05-17T23:43:23","date_gmt":"2024-05-17T22:45:20","guid":{"rendered":"https:\/\/www.moskito.cz\/produkt\/couteau-pliant-cold-steel-engage-tanto-fl-35dplt\/"},"modified":"2025-05-07T11:15:20","modified_gmt":"2025-05-07T10:15:20","slug":"couteau-pliant-cold-steel-engage-tanto-fl-35dplt","status":"publish","type":"product","link":"https:\/\/www.moskito.cz\/fr\/produkt\/couteau-pliant-cold-steel-engage-tanto-fl-35dplt\/","title":{"rendered":"Couteau pliant Cold Steel ENGAGE TANTO FL-35DPLT"},"content":{"rendered":"<p>Couteau pliant <strong>Cold Steel<\/strong> ENGAGE TANTO FL-35DPLT.<\/p>\n<p>L&rsquo;Engage est un couteau facile \u00e0 transporter, con\u00e7u pour un transport quotidien, avec une grande lame en acier inoxydable S35VN de 3,5 pouces pour une r\u00e9sistance et une r\u00e9tention des bords sup\u00e9rieures. Dot\u00e9 du verrou Atlas\u2122 brevet\u00e9 de <strong>Cold Steel<\/strong> pour un verrouillage coh\u00e9rent, durable et fiable, il est enti\u00e8rement ambidextre et enti\u00e8rement capable d&rsquo;accomplir n&rsquo;importe quelle t\u00e2che. La poign\u00e9e G-10 facile \u00e0 saisir est repens\u00e9e pour plus de flexibilit\u00e9, et la lame tanto satin\u00e9e permet un excellent per\u00e7age et une coupe d\u00e9taill\u00e9e et pr\u00e9cise.<\/p>\n<p>Disponibles dans une large gamme d&rsquo;aciers et de formes de lame \u2013 et \u00e0 diff\u00e9rents niveaux de prix \u2013 les nouveaux couteaux Engage de Cold Steel sont destin\u00e9s \u00e0 devenir des stars du transport quotidien. Enti\u00e8rement ambidextres, ces couteaux EDC haut de gamme sont con\u00e7us pour g\u00e9rer toutes les occasions en toute confiance, dot\u00e9s d&rsquo;une glissi\u00e8re Atlas\u2122 Lock brevet\u00e9e qui offre un verrouillage durable, solide et fiable.<\/p>\n<p>Poids : 187 g<br \/>\nCouleur: noir\/acier<br \/>\nAcier&nbsp;: CPM-S35VN<br \/>\nLongueur du manche : 11,9 cm<br \/>\nMat\u00e9riau du manche : G10<br \/>\nTaille totale : 20,8 cm<br \/>\nLongueur de la lame : 8,9 cm<br \/>\n\u00c9paisseur de la lame : 0,38 cm<br \/>\nType de fusible : Atlas<\/p>\n<p><iframe title=\"Cold Steel&#039;s Atlas Lock Test featuring the  new Engage 3.5&quot;\" width=\"800\" height=\"450\" src=\"https:\/\/www.youtube.com\/embed\/nh_7tHY8Ypw?feature=oembed\" frameborder=\"0\" allow=\"accelerometer; autoplay; clipboard-write; encrypted-media; gyroscope; picture-in-picture; web-share\" referrerpolicy=\"strict-origin-when-cross-origin\" allowfullscreen><\/iframe><\/p>\n<p>&nbsp;<\/p>\n","protected":false},"excerpt":{"rendered":"<p><strong>L&rsquo;Engage est un couteau facile \u00e0 transporter, con\u00e7u pour un transport quotidien, avec une grande lame en acier inoxydable S35VN de 3,5 pouces pour une r\u00e9sistance et une r\u00e9tention des bords sup\u00e9rieures.<\/strong><\/p>\n<p>Transports gratuits.<\/p>\n","protected":false},"featured_media":340800,"comment_status":"open","ping_status":"closed","template":"","meta":[],"pwb-brand":[3789],"product_brand":[],"product_cat":[3700,3696],"product_tag":[3754],"class_list":{"0":"post-340825","1":"product","2":"type-product","3":"status-publish","4":"has-post-thumbnail","6":"pwb-brand-acier-froid","7":"product_cat-couteaux-de-fermeture","8":"product_cat-des-couteaux","9":"product_tag-b2b-fr","11":"first","12":"outofstock","13":"taxable","14":"shipping-taxable","15":"purchasable","16":"product-type-simple"},"brands":[{"id":3789,"name":"Acier froid","slug":"acier-froid"}],"_links":{"self":[{"href":"https:\/\/www.moskito.cz\/fr\/wp-json\/wp\/v2\/product\/340825","targetHints":{"allow":["GET"]}}],"collection":[{"href":"https:\/\/www.moskito.cz\/fr\/wp-json\/wp\/v2\/product"}],"about":[{"href":"https:\/\/www.moskito.cz\/fr\/wp-json\/wp\/v2\/types\/product"}],"replies":[{"embeddable":true,"href":"https:\/\/www.moskito.cz\/fr\/wp-json\/wp\/v2\/comments?post=340825"}],"wp:featuredmedia":[{"embeddable":true,"href":"https:\/\/www.moskito.cz\/fr\/wp-json\/wp\/v2\/media\/340800"}],"wp:attachment":[{"href":"https:\/\/www.moskito.cz\/fr\/wp-json\/wp\/v2\/media?parent=340825"}],"wp:term":[{"taxonomy":"pwb-brand","embeddable":true,"href":"https:\/\/www.moskito.cz\/fr\/wp-json\/wp\/v2\/pwb-brand?post=340825"},{"taxonomy":"product_brand","embeddable":true,"href":"https:\/\/www.moskito.cz\/fr\/wp-json\/wp\/v2\/product_brand?post=340825"},{"taxonomy":"product_cat","embeddable":true,"href":"https:\/\/www.moskito.cz\/fr\/wp-json\/wp\/v2\/product_cat?post=340825"},{"taxonomy":"product_tag","embeddable":true,"href":"https:\/\/www.moskito.cz\/fr\/wp-json\/wp\/v2\/product_tag?post=340825"}],"curies":[{"name":"wp","href":"https:\/\/api.w.org\/{rel}","templated":true}]}}