{"id":341016,"date":"2024-05-18T00:31:48","date_gmt":"2024-05-17T23:31:48","guid":{"rendered":"https:\/\/www.moskito.cz\/produkt\/couteau-pliant-cold-steel-5-max\/"},"modified":"2025-05-07T11:15:22","modified_gmt":"2025-05-07T10:15:22","slug":"couteau-pliant-cold-steel-5-max","status":"publish","type":"product","link":"https:\/\/www.moskito.cz\/fr\/produkt\/couteau-pliant-cold-steel-5-max\/","title":{"rendered":"Couteau pliant Cold Steel 5-MAX"},"content":{"rendered":"<p>Couteau pliant <strong>Cold Steel<\/strong> 5-MAX.<\/p>\n<p>Pr\u00e9sentation <strong>du Cold Steel 5 Max<\/strong> , l&rsquo;outil dont vous avez besoin pour lib\u00e9rer l&rsquo;aventurier qui sommeille en vous ! Bas\u00e9 sur le 4 Max le plus vendu, maintenant avec une lame et une port\u00e9e plus longues.<\/p>\n<p>Cr\u00e9\u00e9 en collaboration avec le concepteur de couteaux Andrew Demek, connu pour fabriquer certains des couteaux les plus fins et les plus durables au monde, ce composant est dot\u00e9 d&rsquo;une lame impressionnante et tranchante comme un rasoir de 5 pouces, forg\u00e9e \u00e0 partir d&rsquo;acier S35VN de haute qualit\u00e9. Ce mat\u00e9riau haut de gamme garantit une r\u00e9tention exceptionnelle des bords et une incroyable r\u00e9sistance \u00e0 la corrosion qui r\u00e9siste facilement \u00e0 des ann\u00e9es d&rsquo;utilisation. De plus, la finition noire de la lame rend la lame encore plus durable et ajoute une touche de sophistication pour le mariage parfait entre style et substance.<\/p>\n<p>Ci-joint se trouve une poign\u00e9e G10 vert fonc\u00e9 de conception ergonomique qui offre une excellente traction pour une prise ferme, m\u00eame lorsque vous travaillez dans les conditions ext\u00e9rieures les plus difficiles. Avec le c\u00e9l\u00e8bre Tri-Ad Lock de <strong>Cold Steel<\/strong> , vous pouvez \u00eatre s\u00fbr que votre lame reste bien en place pendant l&rsquo;utilisation, vous offrant ainsi une tranquillit\u00e9 d&rsquo;esprit et des performances sup\u00e9rieures et sans souci lorsque vous en avez le plus besoin.<\/p>\n<p>Avec une longueur totale de 12 1\/8 pouces, <strong>le 5 Max<\/strong> est un outil polyvalent capable de g\u00e9rer un large \u00e9ventail de t\u00e2ches &#8211; du tranchage de mat\u00e9riaux rigides \u00e0 la coupe de pr\u00e9cision &#8211; ce couteau est adapt\u00e9 \u00e0 tous les d\u00e9fis, \u00e0 tout moment. Associez cette longueur \u00e0 une \u00e9paisseur de 4,8 mm et 12,4 onces. poids et vous disposez d&rsquo;un outil incroyablement robuste et fiable, con\u00e7u pour d\u00e9passer vos attentes, m\u00eame dans les entreprises les plus exigeantes.<\/p>\n<p>Cr\u00e9\u00e9 en collaboration avec le designer de couteaux de renomm\u00e9e mondiale Andrew Demek<br \/>\nCet outil polyvalent r\u00e9siste \u00e0 un certain nombre de t\u00e2ches ext\u00e9rieures exigeantes<br \/>\nB\u00e9n\u00e9ficiant d&rsquo;une lame de 5 pouces forg\u00e9e en acier S35VN pour une r\u00e9tention exceptionnelle des bords<br \/>\nLame noire d\u00e9lav\u00e9e pour une meilleure durabilit\u00e9 et un look sophistiqu\u00e9<br \/>\nLa poign\u00e9e G10 offre une prise antid\u00e9rapante m\u00eame dans des conditions m\u00e9t\u00e9orologiques d\u00e9favorables<br \/>\nLongueur totale robuste de 12 1\/8 pouces et \u00e9paisseur de lame de 4,8 mm<\/p>\n<p>Poids : 351g<br \/>\nMat\u00e9riau du manche : G10<br \/>\nCouleur: noir\/vert<br \/>\nTaille totale : 31,1 cm<br \/>\nLongueur du manche : 18,4 cm<br \/>\n\u00c9paisseur de la lame : 0,48 cm<br \/>\nType de serrure&nbsp;: Serrure Tri-Ad<br \/>\nAcier&nbsp;: CPM-S35VN<br \/>\nLongueur de la lame : 12,7 cm<\/p>\n<p><iframe title=\"COLD STEEL 5 MAX KNIFE\" width=\"800\" height=\"450\" src=\"https:\/\/www.youtube.com\/embed\/OXPJxUYR3dg?feature=oembed\" frameborder=\"0\" allow=\"accelerometer; autoplay; clipboard-write; encrypted-media; gyroscope; picture-in-picture; web-share\" referrerpolicy=\"strict-origin-when-cross-origin\" allowfullscreen><\/iframe><\/p>\n<p>&nbsp;<\/p>\n","protected":false},"excerpt":{"rendered":"<p><strong>Pr\u00e9sentation du Cold Steel 5 Max, l&rsquo;outil dont vous avez besoin pour lib\u00e9rer l&rsquo;aventurier qui sommeille en vous&nbsp;!<\/strong><\/p>\n<p><strong>Transports gratuits.<\/strong><\/p>\n","protected":false},"featured_media":340927,"comment_status":"open","ping_status":"closed","template":"","meta":[],"pwb-brand":[3789],"product_brand":[],"product_cat":[3700,3696],"product_tag":[3754],"class_list":{"0":"post-341016","1":"product","2":"type-product","3":"status-publish","4":"has-post-thumbnail","6":"pwb-brand-acier-froid","7":"product_cat-couteaux-de-fermeture","8":"product_cat-des-couteaux","9":"product_tag-b2b-fr","11":"first","12":"instock","13":"taxable","14":"shipping-taxable","15":"purchasable","16":"product-type-simple"},"brands":[{"id":3789,"name":"Acier froid","slug":"acier-froid"}],"_links":{"self":[{"href":"https:\/\/www.moskito.cz\/fr\/wp-json\/wp\/v2\/product\/341016","targetHints":{"allow":["GET"]}}],"collection":[{"href":"https:\/\/www.moskito.cz\/fr\/wp-json\/wp\/v2\/product"}],"about":[{"href":"https:\/\/www.moskito.cz\/fr\/wp-json\/wp\/v2\/types\/product"}],"replies":[{"embeddable":true,"href":"https:\/\/www.moskito.cz\/fr\/wp-json\/wp\/v2\/comments?post=341016"}],"wp:featuredmedia":[{"embeddable":true,"href":"https:\/\/www.moskito.cz\/fr\/wp-json\/wp\/v2\/media\/340927"}],"wp:attachment":[{"href":"https:\/\/www.moskito.cz\/fr\/wp-json\/wp\/v2\/media?parent=341016"}],"wp:term":[{"taxonomy":"pwb-brand","embeddable":true,"href":"https:\/\/www.moskito.cz\/fr\/wp-json\/wp\/v2\/pwb-brand?post=341016"},{"taxonomy":"product_brand","embeddable":true,"href":"https:\/\/www.moskito.cz\/fr\/wp-json\/wp\/v2\/product_brand?post=341016"},{"taxonomy":"product_cat","embeddable":true,"href":"https:\/\/www.moskito.cz\/fr\/wp-json\/wp\/v2\/product_cat?post=341016"},{"taxonomy":"product_tag","embeddable":true,"href":"https:\/\/www.moskito.cz\/fr\/wp-json\/wp\/v2\/product_tag?post=341016"}],"curies":[{"name":"wp","href":"https:\/\/api.w.org\/{rel}","templated":true}]}}