{"id":341070,"date":"2024-05-18T00:48:59","date_gmt":"2024-05-17T23:51:58","guid":{"rendered":"https:\/\/www.moskito.cz\/produkt\/couteau-pliant-cold-steel-espada-xl-rouge-rubis\/"},"modified":"2025-05-07T11:15:25","modified_gmt":"2025-05-07T10:15:25","slug":"couteau-pliant-cold-steel-espada-xl-rouge-rubis","status":"publish","type":"product","link":"https:\/\/www.moskito.cz\/fr\/produkt\/couteau-pliant-cold-steel-espada-xl-rouge-rubis\/","title":{"rendered":"Couteau pliant Cold Steel ESPADA XL ROUGE RUBIS"},"content":{"rendered":"<p>Couteau pliant <strong>Cold Steel<\/strong> ESPADA XL ROUGE RUBIS.<\/p>\n<p><strong>Cold Steel<\/strong> n\u2019a jamais eu peur de briser les conventions. C&rsquo;est pourquoi, alors que tous les autres acteurs de l&rsquo;industrie fabriquaient les petits couteaux les plus petits, les plus fins et les plus fins possibles, Cold Steel a lanc\u00e9 une gamme de lames qui ne peut \u00eatre d\u00e9crite que comme une seule chose : des \u00e9p\u00e9es de poche !<\/p>\n<p><strong>Le Cold Steel Espada<\/strong> s&rsquo;inspire des couteaux Navajo classiques d&rsquo;Espagne, mais il est compl\u00e8tement moderne en termes d&rsquo;apparence et de mat\u00e9riaux. Ces m\u00e9ga-dossiers ont pris d&rsquo;assaut le march\u00e9 ! Cr\u00e9\u00e9es en collaboration entre le coutelier sur mesure Andrew Demke et Lynn C. Thompson, les Espadas sont disponibles en deux tailles pour convenir aussi bien aux audacieux qu&rsquo;aux plus audacieux ! Malgr\u00e9 leur taille impressionnante, ils sont savamment con\u00e7us pour tenir confortablement et discr\u00e8tement dans votre poche. Vous oublierez vite que vous portez une lame aussi grande et impressionnante. \u00c9quip\u00e9s de la plaque de pouce brevet\u00e9e Demko, les espadas grandes et extra larges s&rsquo;enclenchent dans votre poche, ouvrant le couteau lorsque vous le tirez &#8211; et s&rsquo;ouvrent en un clin d&rsquo;\u0153il ! Les belles lames Espada sont fabriqu\u00e9es en acier inoxydable japonais AUS-10A. Chaque Espada est dot\u00e9e du m\u00e9canisme de verrouillage brevet\u00e9 Tri-Ad, dont il a \u00e9t\u00e9 prouv\u00e9 qu&rsquo;il pr\u00e9sente une r\u00e9sistance et une solidit\u00e9 \u00e9tonnantes aux chocs. Lors de leurs propres tests de produits notoirement brutaux, le XL Espada \u00e9tait non seulement capable de supporter 600 livres de poids en suspension libre, mais ils l&rsquo;ont m\u00eame utilis\u00e9 pour soutenir un bloc moteur suspendu !<\/p>\n<p>Couleur noire<br \/>\nMat\u00e9riau du manche : G10 long<br \/>\nPoids : 402,56 g<br \/>\nType de serrure&nbsp;: Serrure Tri-Ad<br \/>\nTaille totale : 42,5 cm<br \/>\nLongueur de la lame : 19 cm<br \/>\nLongueur du manche : 23,4 cm<br \/>\nAcier&nbsp;: AUS 10A<br \/>\n\u00c9paisseur de la lame : 0,4 cm<\/p>\n<p><iframe title=\"COLD STEEL&#039;S DEADLIEST WEAPON; ESPADA XL G10\" width=\"800\" height=\"450\" src=\"https:\/\/www.youtube.com\/embed\/iRajrg6Ku78?feature=oembed\" frameborder=\"0\" allow=\"accelerometer; autoplay; clipboard-write; encrypted-media; gyroscope; picture-in-picture; web-share\" referrerpolicy=\"strict-origin-when-cross-origin\" allowfullscreen><\/iframe><\/p>\n<p>&nbsp;<\/p>\n","protected":false},"excerpt":{"rendered":"<p><strong>Cold Steel n\u2019a jamais eu peur de briser les conventions. C&rsquo;est pourquoi, alors que tous les autres acteurs de l&rsquo;industrie fabriquaient les petits couteaux les plus petits, les plus fins et les plus fins possibles, Cold Steel a lanc\u00e9 une gamme de lames qui ne peut \u00eatre d\u00e9crite que comme une seule chose : des \u00e9p\u00e9es de poche !<\/strong><\/p>\n<p><strong>Transports gratuits.<\/strong><\/p>\n","protected":false},"featured_media":341024,"comment_status":"open","ping_status":"closed","template":"","meta":[],"pwb-brand":[3789],"product_brand":[],"product_cat":[3700,3696],"product_tag":[3754],"class_list":{"0":"post-341070","1":"product","2":"type-product","3":"status-publish","4":"has-post-thumbnail","6":"pwb-brand-acier-froid","7":"product_cat-couteaux-de-fermeture","8":"product_cat-des-couteaux","9":"product_tag-b2b-fr","11":"first","12":"instock","13":"taxable","14":"shipping-taxable","15":"purchasable","16":"product-type-simple"},"brands":[{"id":3789,"name":"Acier froid","slug":"acier-froid"}],"_links":{"self":[{"href":"https:\/\/www.moskito.cz\/fr\/wp-json\/wp\/v2\/product\/341070","targetHints":{"allow":["GET"]}}],"collection":[{"href":"https:\/\/www.moskito.cz\/fr\/wp-json\/wp\/v2\/product"}],"about":[{"href":"https:\/\/www.moskito.cz\/fr\/wp-json\/wp\/v2\/types\/product"}],"replies":[{"embeddable":true,"href":"https:\/\/www.moskito.cz\/fr\/wp-json\/wp\/v2\/comments?post=341070"}],"wp:featuredmedia":[{"embeddable":true,"href":"https:\/\/www.moskito.cz\/fr\/wp-json\/wp\/v2\/media\/341024"}],"wp:attachment":[{"href":"https:\/\/www.moskito.cz\/fr\/wp-json\/wp\/v2\/media?parent=341070"}],"wp:term":[{"taxonomy":"pwb-brand","embeddable":true,"href":"https:\/\/www.moskito.cz\/fr\/wp-json\/wp\/v2\/pwb-brand?post=341070"},{"taxonomy":"product_brand","embeddable":true,"href":"https:\/\/www.moskito.cz\/fr\/wp-json\/wp\/v2\/product_brand?post=341070"},{"taxonomy":"product_cat","embeddable":true,"href":"https:\/\/www.moskito.cz\/fr\/wp-json\/wp\/v2\/product_cat?post=341070"},{"taxonomy":"product_tag","embeddable":true,"href":"https:\/\/www.moskito.cz\/fr\/wp-json\/wp\/v2\/product_tag?post=341070"}],"curies":[{"name":"wp","href":"https:\/\/api.w.org\/{rel}","templated":true}]}}