{"id":341277,"date":"2024-05-19T20:11:47","date_gmt":"2024-05-20T07:20:21","guid":{"rendered":"https:\/\/www.moskito.cz\/produkt\/couteau-pliant-verdict-spear-de-cold-steel\/"},"modified":"2025-05-07T11:15:29","modified_gmt":"2025-05-07T10:15:29","slug":"couteau-pliant-verdict-spear-de-cold-steel","status":"publish","type":"product","link":"https:\/\/www.moskito.cz\/fr\/produkt\/couteau-pliant-verdict-spear-de-cold-steel\/","title":{"rendered":"Couteau pliant VERDICT SPEAR de Cold Steel"},"content":{"rendered":"<p>Couteau pliant VERDICT SPEAR <strong>Cold Steel<\/strong> .<\/p>\n<p>L\u00e9ger, facile \u00e0 ouvrir et \u00e9quip\u00e9 du verrou Tri-Ad\u00ae s\u00fbr et s\u00e9curis\u00e9 de Cold Steel, le Verdict est un choix id\u00e9al pour un transport quotidien. La lame en acier inoxydable 4116 tremp\u00e9 \u00e0 la pierre de 3 pouces saisit et maintient le bord avec facilit\u00e9. Avec une poign\u00e9e GFN robuste con\u00e7ue pour r\u00e9sister \u00e0 des ann\u00e9es d&rsquo;utilisation intensive, cet ambidextre est disponible dans une combinaison de styles de lame (pointe de clip et pointe de lance) et de couleurs de poign\u00e9e.<\/p>\n<p>Verdict de la s\u00e9rie&nbsp;:<\/p>\n<p>Un verdict est une d\u00e9cision, et la s\u00e9rie de couteaux pliants Verdict de Cold Steel offre aux utilisateurs une option de transport quotidienne d\u00e9cisive comme une pierre. Le Verdict est dot\u00e9 du verrou Tri-Ad\u00ae \u00e9prouv\u00e9 et fiable et est livr\u00e9 avec deux mat\u00e9riaux d&rsquo;acier et deux mat\u00e9riaux de poign\u00e9e et une vari\u00e9t\u00e9 de formes de lame.<\/p>\n<p>Acier&nbsp;:&nbsp;4116SS<br \/>\nCouleur: D\u00e9lav\u00e9 \u00e0 la pierre\/noir<br \/>\nMat\u00e9riau du manche : GFN<br \/>\nPoids : 75g<br \/>\n\u00c9paisseur de la lame : 0,3 cm<br \/>\nTaille totale : 18,5 cm<br \/>\nLongueur du manche : 10,6 cm<br \/>\nLongueur de la lame : 7,9 cm<\/p>\n<p><iframe title=\"COLD STEEL VERDICT LINE OF KNIVES\" width=\"800\" height=\"450\" src=\"https:\/\/www.youtube.com\/embed\/6vn_iWyLzhQ?feature=oembed\" frameborder=\"0\" allow=\"accelerometer; autoplay; clipboard-write; encrypted-media; gyroscope; picture-in-picture; web-share\" referrerpolicy=\"strict-origin-when-cross-origin\" allowfullscreen><\/iframe><\/p>\n<p>&nbsp;<\/p>\n<p>&nbsp;<\/p>\n","protected":false},"excerpt":{"rendered":"<p><strong>L\u00e9ger, facile \u00e0 ouvrir et \u00e9quip\u00e9 du verrou Tri-Ad\u00ae s\u00fbr et s\u00e9curis\u00e9 de Cold Steel, le Verdict est un choix id\u00e9al pour un transport quotidien.<\/strong><\/p>\n","protected":false},"featured_media":341249,"comment_status":"open","ping_status":"closed","template":"","meta":[],"pwb-brand":[3789],"product_brand":[],"product_cat":[3700,3696],"product_tag":[3754],"class_list":{"0":"post-341277","1":"product","2":"type-product","3":"status-publish","4":"has-post-thumbnail","6":"pwb-brand-acier-froid","7":"product_cat-couteaux-de-fermeture","8":"product_cat-des-couteaux","9":"product_tag-b2b-fr","11":"first","12":"instock","13":"taxable","14":"shipping-taxable","15":"purchasable","16":"product-type-simple"},"brands":[{"id":3789,"name":"Acier froid","slug":"acier-froid"}],"_links":{"self":[{"href":"https:\/\/www.moskito.cz\/fr\/wp-json\/wp\/v2\/product\/341277","targetHints":{"allow":["GET"]}}],"collection":[{"href":"https:\/\/www.moskito.cz\/fr\/wp-json\/wp\/v2\/product"}],"about":[{"href":"https:\/\/www.moskito.cz\/fr\/wp-json\/wp\/v2\/types\/product"}],"replies":[{"embeddable":true,"href":"https:\/\/www.moskito.cz\/fr\/wp-json\/wp\/v2\/comments?post=341277"}],"wp:featuredmedia":[{"embeddable":true,"href":"https:\/\/www.moskito.cz\/fr\/wp-json\/wp\/v2\/media\/341249"}],"wp:attachment":[{"href":"https:\/\/www.moskito.cz\/fr\/wp-json\/wp\/v2\/media?parent=341277"}],"wp:term":[{"taxonomy":"pwb-brand","embeddable":true,"href":"https:\/\/www.moskito.cz\/fr\/wp-json\/wp\/v2\/pwb-brand?post=341277"},{"taxonomy":"product_brand","embeddable":true,"href":"https:\/\/www.moskito.cz\/fr\/wp-json\/wp\/v2\/product_brand?post=341277"},{"taxonomy":"product_cat","embeddable":true,"href":"https:\/\/www.moskito.cz\/fr\/wp-json\/wp\/v2\/product_cat?post=341277"},{"taxonomy":"product_tag","embeddable":true,"href":"https:\/\/www.moskito.cz\/fr\/wp-json\/wp\/v2\/product_tag?post=341277"}],"curies":[{"name":"wp","href":"https:\/\/api.w.org\/{rel}","templated":true}]}}