{"id":341290,"date":"2023-04-03T12:25:48","date_gmt":"2023-04-03T11:25:48","guid":{"rendered":"https:\/\/www.moskito.cz\/produkt\/couteau-bowie-forge-a-froid-en-acier-massif\/"},"modified":"2025-05-07T11:15:30","modified_gmt":"2025-05-07T10:15:30","slug":"couteau-bowie-forge-a-froid-en-acier-massif","status":"publish","type":"product","link":"https:\/\/www.moskito.cz\/fr\/produkt\/couteau-bowie-forge-a-froid-en-acier-massif\/","title":{"rendered":"Couteau Bowie forg\u00e9 \u00e0 froid en acier massif"},"content":{"rendered":"<p>Couteau Bowie forg\u00e9 <strong>\u00e0 froid en acier<\/strong> massif<\/p>\n<p>Cet ajout \u00e0 notre gamme de couteaux Drop Forged mesure 14 pouces de longueur totale et comporte une lame de 9 \u00bd pouces, partageant bon nombre des m\u00eames attributs que les autres couteaux de la s\u00e9rie, y compris la m\u00eame construction robuste forg\u00e9e en une seule pi\u00e8ce. d&rsquo;acier, ce qui lui conf\u00e8re une r\u00e9sistance surprenante. Mais contrairement aux autres couteaux Drop Forged, il comporte des plaques de faux cerf distinctives incorpor\u00e9es dans le manche. La lame est aff\u00fbt\u00e9e \u00e0 plat jusqu&rsquo;\u00e0 obtenir un bord moyennement fin, puis aff\u00fbt\u00e9e comme un rasoir. La pointe de la lame est suffisamment tranchante pour offrir une p\u00e9n\u00e9tration profonde et le point d&rsquo;\u00e9quilibre se trouve juste devant la garde, ce qui la rend vive dans la main et la lame l\u00e9g\u00e8rement lourde. Comme les autres couteaux de la s\u00e9rie Drop Forged, il est livr\u00e9 avec un \u00e9tui Secure-Ex\u2122 de qualit\u00e9 militaire qui comprend une boucle de ceinture amovible en Cordura.<\/p>\n<p>Description:<\/p>\n<p>Mat\u00e9riau de la lame : 52100<br \/>\nMat\u00e9riau du manche: acier, bois artificiel<br \/>\nMat\u00e9riau du bo\u00eetier&nbsp;: Secure-Ex<br \/>\nLongueur de la lame : 24 cm<br \/>\nLongueur totale : 36 cm<br \/>\nLongueur du manche : 12 cm<br \/>\n\u00c9paisseur de la lame : 5 mm<br \/>\nHauteur de la lame : 3,7 cm<br \/>\nPoids : 420g<\/p>\n<p><iframe title=\"Cold Steel Drop Forge Bowie Knife\" width=\"800\" height=\"450\" src=\"https:\/\/www.youtube.com\/embed\/kenk0Dq_1Qc?feature=oembed\" frameborder=\"0\" allow=\"accelerometer; autoplay; clipboard-write; encrypted-media; gyroscope; picture-in-picture; web-share\" referrerpolicy=\"strict-origin-when-cross-origin\" allowfullscreen><\/iframe><\/p>\n<p>&nbsp;<\/p>\n","protected":false},"excerpt":{"rendered":"<p><strong>Le couteau de botte tout-en-un forg\u00e9 de COLD STEEL est un couteau robuste con\u00e7u pour un transport dissimul\u00e9 avec une lame lisse \u00e0 double tranchant.<\/strong><\/p>\n","protected":false},"featured_media":341293,"comment_status":"open","ping_status":"closed","template":"","meta":[],"pwb-brand":[3789],"product_brand":[],"product_cat":[3697,3696],"product_tag":[3754],"class_list":{"0":"post-341290","1":"product","2":"type-product","3":"status-publish","4":"has-post-thumbnail","6":"pwb-brand-acier-froid","7":"product_cat-couteaux-solides","8":"product_cat-des-couteaux","9":"product_tag-b2b-fr","11":"first","12":"instock","13":"taxable","14":"shipping-taxable","15":"purchasable","16":"product-type-simple"},"brands":[{"id":3789,"name":"Acier froid","slug":"acier-froid"}],"_links":{"self":[{"href":"https:\/\/www.moskito.cz\/fr\/wp-json\/wp\/v2\/product\/341290","targetHints":{"allow":["GET"]}}],"collection":[{"href":"https:\/\/www.moskito.cz\/fr\/wp-json\/wp\/v2\/product"}],"about":[{"href":"https:\/\/www.moskito.cz\/fr\/wp-json\/wp\/v2\/types\/product"}],"replies":[{"embeddable":true,"href":"https:\/\/www.moskito.cz\/fr\/wp-json\/wp\/v2\/comments?post=341290"}],"wp:featuredmedia":[{"embeddable":true,"href":"https:\/\/www.moskito.cz\/fr\/wp-json\/wp\/v2\/media\/341293"}],"wp:attachment":[{"href":"https:\/\/www.moskito.cz\/fr\/wp-json\/wp\/v2\/media?parent=341290"}],"wp:term":[{"taxonomy":"pwb-brand","embeddable":true,"href":"https:\/\/www.moskito.cz\/fr\/wp-json\/wp\/v2\/pwb-brand?post=341290"},{"taxonomy":"product_brand","embeddable":true,"href":"https:\/\/www.moskito.cz\/fr\/wp-json\/wp\/v2\/product_brand?post=341290"},{"taxonomy":"product_cat","embeddable":true,"href":"https:\/\/www.moskito.cz\/fr\/wp-json\/wp\/v2\/product_cat?post=341290"},{"taxonomy":"product_tag","embeddable":true,"href":"https:\/\/www.moskito.cz\/fr\/wp-json\/wp\/v2\/product_tag?post=341290"}],"curies":[{"name":"wp","href":"https:\/\/api.w.org\/{rel}","templated":true}]}}