{"id":341301,"date":"2022-11-02T22:01:47","date_gmt":"2022-11-02T21:01:47","guid":{"rendered":"https:\/\/www.moskito.cz\/produkt\/couteau-pliant-cold-steel-tuff-lite-plain-edge-bleu\/"},"modified":"2025-05-07T11:15:30","modified_gmt":"2025-05-07T10:15:30","slug":"couteau-pliant-cold-steel-tuff-lite-plain-edge-bleu","status":"publish","type":"product","link":"https:\/\/www.moskito.cz\/fr\/produkt\/couteau-pliant-cold-steel-tuff-lite-plain-edge-bleu\/","title":{"rendered":"Couteau pliant Cold Steel TUFF LITE PLAIN EDGE BLEU"},"content":{"rendered":"<p>Couteau pliant <strong>Cold Steel<\/strong> TUFF LITE PLAIN EDGE BLEU.<\/p>\n<p>Les Tuff Lites de Cold Steel sont suffisamment robustes pour \u00eatre manipul\u00e9s et suffisamment l\u00e9gers pour \u00eatre \u00e0 port\u00e9e de main lorsque vous en avez besoin. La taille parfaite pour tenir dans n&rsquo;importe quelle poche, l&rsquo;attacher \u00e0 votre taille ou le porter autour de votre cou avec un cordon. Gr\u00e2ce \u00e0 leurs lames larges, creuses et aff\u00fbt\u00e9es, ils sont impitoyablement tranchants et peuvent couper m\u00eame les mat\u00e9riaux les plus durables avec une facilit\u00e9 inattendue. Et avec leurs pointes inclin\u00e9es, ils offrent une p\u00e9n\u00e9tration profonde et un potentiel de coupe pr\u00e9cis sans \u00eatre suffisamment agressifs pour attirer une attention ind\u00e9sirable. Les versions de taille standard et mini sont con\u00e7ues pour le travail et offrent une prise en main \u00e9tonnamment bonne gr\u00e2ce \u00e0 leurs poign\u00e9es Griv Ex\u2122 superbement con\u00e7ues qui offrent un formidable rapport r\u00e9sistance\/poids et sont dot\u00e9es de notre technologie Tri-Ad de pointe. serrure qui offre un muscle impressionnant pour sa taille.<\/p>\n<p>PARAM\u00c8TRES DU PRODUIT<br \/>\nAcier&nbsp;:&nbsp;acier inoxydable japonais AUS 8A<br \/>\nLongueur de la lame : 63,5 mm<br \/>\nTaille hors tout : 152,4 mm<br \/>\nLongueur du manche : 88,9 mm<br \/>\nCouleur: bleu\/argent<br \/>\nPoids : 70,87 g<br \/>\nType de serrure&nbsp;: Serrure Tri-Ad<br \/>\n\u00c9paisseur de la lame : 2,75 mm<br \/>\nMat\u00e9riau du manche : Long Griv-Ex\u2122 Bleu<br \/>\nMat\u00e9riau de l&rsquo;\u00e9tui : poche ambidextre\/clip ceinture.<\/p>\n","protected":false},"excerpt":{"rendered":"<p>Le Tuff Lite Plain Edge de Cold Steel est un couteau pliant dot\u00e9 d&rsquo;un bord droit et lisse.<\/p>\n","protected":false},"featured_media":341302,"comment_status":"open","ping_status":"closed","template":"","meta":[],"pwb-brand":[3789],"product_brand":[],"product_cat":[3700,3696],"product_tag":[3754],"class_list":{"0":"post-341301","1":"product","2":"type-product","3":"status-publish","4":"has-post-thumbnail","6":"pwb-brand-acier-froid","7":"product_cat-couteaux-de-fermeture","8":"product_cat-des-couteaux","9":"product_tag-b2b-fr","11":"first","12":"instock","13":"taxable","14":"shipping-taxable","15":"purchasable","16":"product-type-simple"},"brands":[{"id":3789,"name":"Acier froid","slug":"acier-froid"}],"_links":{"self":[{"href":"https:\/\/www.moskito.cz\/fr\/wp-json\/wp\/v2\/product\/341301","targetHints":{"allow":["GET"]}}],"collection":[{"href":"https:\/\/www.moskito.cz\/fr\/wp-json\/wp\/v2\/product"}],"about":[{"href":"https:\/\/www.moskito.cz\/fr\/wp-json\/wp\/v2\/types\/product"}],"replies":[{"embeddable":true,"href":"https:\/\/www.moskito.cz\/fr\/wp-json\/wp\/v2\/comments?post=341301"}],"wp:featuredmedia":[{"embeddable":true,"href":"https:\/\/www.moskito.cz\/fr\/wp-json\/wp\/v2\/media\/341302"}],"wp:attachment":[{"href":"https:\/\/www.moskito.cz\/fr\/wp-json\/wp\/v2\/media?parent=341301"}],"wp:term":[{"taxonomy":"pwb-brand","embeddable":true,"href":"https:\/\/www.moskito.cz\/fr\/wp-json\/wp\/v2\/pwb-brand?post=341301"},{"taxonomy":"product_brand","embeddable":true,"href":"https:\/\/www.moskito.cz\/fr\/wp-json\/wp\/v2\/product_brand?post=341301"},{"taxonomy":"product_cat","embeddable":true,"href":"https:\/\/www.moskito.cz\/fr\/wp-json\/wp\/v2\/product_cat?post=341301"},{"taxonomy":"product_tag","embeddable":true,"href":"https:\/\/www.moskito.cz\/fr\/wp-json\/wp\/v2\/product_tag?post=341301"}],"curies":[{"name":"wp","href":"https:\/\/api.w.org\/{rel}","templated":true}]}}