{"id":341346,"date":"2019-03-24T17:32:36","date_gmt":"2024-05-20T09:50:24","guid":{"rendered":"https:\/\/www.moskito.cz\/produkt\/cartouches-flobert-cal-pointe-6-mm-100-pieces\/"},"modified":"2025-07-11T07:48:22","modified_gmt":"2025-07-11T06:48:22","slug":"cartouches-flobert-cal-pointe-6-mm-100-pieces","status":"publish","type":"product","link":"https:\/\/www.moskito.cz\/fr\/produkt\/cartouches-flobert-cal-pointe-6-mm-100-pieces\/","title":{"rendered":"Cartouches Flobert cal. Pointe 6 mm 100 pi\u00e8ces"},"content":{"rendered":"<p>Emball\u00e9 en 100 pi\u00e8ces.<\/p>\n<p> Balle pointue adapt\u00e9e au tir polyvalent.<\/p>\n<p> Calibre 6 mm Flobert<\/p>\n<p> Mat\u00e9riau plomb<\/p>\n<p> Tir universel<\/p>\n<p> Type de t\u00eate pointue<\/p>\n<p> Emballage [pcs] 100<\/p>\n<p> <strong>Munitions du groupe D, en vente libre \u00e0 partir de 18 ans.<\/strong><\/p>\n","protected":false},"excerpt":{"rendered":"<p>Balle pointue adapt\u00e9e au tir polyvalent.<br \/>\n<strong>Production tch\u00e8que.<\/strong><\/p>\n","protected":false},"featured_media":189904,"comment_status":"open","ping_status":"closed","template":"","meta":[],"pwb-brand":[3871],"product_brand":[],"product_cat":[3864],"product_tag":[3754],"class_list":{"0":"post-341346","1":"product","2":"type-product","3":"status-publish","4":"has-post-thumbnail","6":"pwb-brand-sellier-bellot-fr","7":"product_cat-cartouches-groupe-d","8":"product_tag-b2b-fr","10":"first","11":"outofstock","12":"taxable","13":"shipping-taxable","14":"purchasable","15":"product-type-simple"},"brands":[{"id":3871,"name":"Sellier &amp; Bellot","slug":"sellier-bellot-fr"}],"_links":{"self":[{"href":"https:\/\/www.moskito.cz\/fr\/wp-json\/wp\/v2\/product\/341346","targetHints":{"allow":["GET"]}}],"collection":[{"href":"https:\/\/www.moskito.cz\/fr\/wp-json\/wp\/v2\/product"}],"about":[{"href":"https:\/\/www.moskito.cz\/fr\/wp-json\/wp\/v2\/types\/product"}],"replies":[{"embeddable":true,"href":"https:\/\/www.moskito.cz\/fr\/wp-json\/wp\/v2\/comments?post=341346"}],"wp:featuredmedia":[{"embeddable":true,"href":"https:\/\/www.moskito.cz\/fr\/wp-json\/wp\/v2\/media\/189904"}],"wp:attachment":[{"href":"https:\/\/www.moskito.cz\/fr\/wp-json\/wp\/v2\/media?parent=341346"}],"wp:term":[{"taxonomy":"pwb-brand","embeddable":true,"href":"https:\/\/www.moskito.cz\/fr\/wp-json\/wp\/v2\/pwb-brand?post=341346"},{"taxonomy":"product_brand","embeddable":true,"href":"https:\/\/www.moskito.cz\/fr\/wp-json\/wp\/v2\/product_brand?post=341346"},{"taxonomy":"product_cat","embeddable":true,"href":"https:\/\/www.moskito.cz\/fr\/wp-json\/wp\/v2\/product_cat?post=341346"},{"taxonomy":"product_tag","embeddable":true,"href":"https:\/\/www.moskito.cz\/fr\/wp-json\/wp\/v2\/product_tag?post=341346"}],"curies":[{"name":"wp","href":"https:\/\/api.w.org\/{rel}","templated":true}]}}