{"id":341359,"date":"2020-12-03T22:49:32","date_gmt":"2024-05-20T11:15:39","guid":{"rendered":"https:\/\/www.moskito.cz\/produkt\/manucure-de-luxe-pfeilring-solingen\/"},"modified":"2025-07-11T07:53:06","modified_gmt":"2025-07-11T06:53:06","slug":"manucure-de-luxe-pfeilring-solingen","status":"publish","type":"product","link":"https:\/\/www.moskito.cz\/fr\/produkt\/manucure-de-luxe-pfeilring-solingen\/","title":{"rendered":"Manucure de luxe PFEILRING SOLINGEN"},"content":{"rendered":"<p>Manucure de luxe PFEILRING SOLINGEN.<br \/>\nManucure luxueuse en 5 pi\u00e8ces de la marque allemande Pfeilring originale Solingen dans un \u00e9tui en cuir noir de haute qualit\u00e9. Les manucures Solingen sont r\u00e9put\u00e9es pour leur long\u00e9vit\u00e9 et leur qualit\u00e9 de fabrication irr\u00e9prochable. L&rsquo;\u00e9tui est tr\u00e8s pratique et se ferme par un brevet. Les outils inclus dans la manucure b\u00e9n\u00e9ficient d&rsquo;une garantie \u00e0 vie qui ne couvre pas les dommages caus\u00e9s par une mauvaise utilisation ou par un environnement humide.<\/p>\n<p>Solingen est une marque de la plus haute qualit\u00e9, en l&rsquo;achetant vous misez sur la qualit\u00e9 et la satisfaction garantie !<\/p>\n<p>La mallette contient des outils en nickel :<br \/>\nCiseaux \u00e0 cuticules<br \/>\nCoupe-ongles<br \/>\nLime saphir<br \/>\nPincettes inclin\u00e9es<br \/>\nOutil de manucure simple face<\/p>\n<p>Logement:<br \/>\nMati\u00e8re cuir v\u00e9ritable<\/p>\n<p>Couleur du bo\u00eetier&nbsp;:<br \/>\nNoir<\/p>\n<p>Traitement de surface des outils :<br \/>\nNickel brillant<\/p>\n","protected":false},"excerpt":{"rendered":"<p>Manucure luxueuse en 5 pi\u00e8ces de la marque allemande Pfeilring originale Solingen dans un \u00e9tui en cuir noir de qualit\u00e9.<br \/>\n<strong>Fabriqu\u00e9 \u00e0 Solingen, garantie \u00e0 vie.<\/strong><\/p>\n","protected":false},"featured_media":175737,"comment_status":"open","ping_status":"closed","template":"","meta":[],"pwb-brand":[3900],"product_brand":[],"product_cat":[3694],"product_tag":[],"class_list":{"0":"post-341359","1":"product","2":"type-product","3":"status-publish","4":"has-post-thumbnail","6":"pwb-brand-pfeilring-solingen-fr","7":"product_cat-manucures","9":"first","10":"instock","11":"taxable","12":"shipping-taxable","13":"purchasable","14":"product-type-simple"},"brands":[{"id":3900,"name":"PFEILRING SOLINGEN","slug":"pfeilring-solingen-fr"}],"_links":{"self":[{"href":"https:\/\/www.moskito.cz\/fr\/wp-json\/wp\/v2\/product\/341359","targetHints":{"allow":["GET"]}}],"collection":[{"href":"https:\/\/www.moskito.cz\/fr\/wp-json\/wp\/v2\/product"}],"about":[{"href":"https:\/\/www.moskito.cz\/fr\/wp-json\/wp\/v2\/types\/product"}],"replies":[{"embeddable":true,"href":"https:\/\/www.moskito.cz\/fr\/wp-json\/wp\/v2\/comments?post=341359"}],"wp:featuredmedia":[{"embeddable":true,"href":"https:\/\/www.moskito.cz\/fr\/wp-json\/wp\/v2\/media\/175737"}],"wp:attachment":[{"href":"https:\/\/www.moskito.cz\/fr\/wp-json\/wp\/v2\/media?parent=341359"}],"wp:term":[{"taxonomy":"pwb-brand","embeddable":true,"href":"https:\/\/www.moskito.cz\/fr\/wp-json\/wp\/v2\/pwb-brand?post=341359"},{"taxonomy":"product_brand","embeddable":true,"href":"https:\/\/www.moskito.cz\/fr\/wp-json\/wp\/v2\/product_brand?post=341359"},{"taxonomy":"product_cat","embeddable":true,"href":"https:\/\/www.moskito.cz\/fr\/wp-json\/wp\/v2\/product_cat?post=341359"},{"taxonomy":"product_tag","embeddable":true,"href":"https:\/\/www.moskito.cz\/fr\/wp-json\/wp\/v2\/product_tag?post=341359"}],"curies":[{"name":"wp","href":"https:\/\/api.w.org\/{rel}","templated":true}]}}