{"id":341405,"date":"2024-05-20T13:39:46","date_gmt":"2024-05-20T12:41:33","guid":{"rendered":"https:\/\/www.moskito.cz\/produkt\/couteau-de-tir-microtech-glykon-bayonet-apocalyptic-184-12apnc\/"},"modified":"2025-05-07T11:15:37","modified_gmt":"2025-05-07T10:15:37","slug":"couteau-de-tir-microtech-glykon-bayonet-apocalyptic-184-12apnc","status":"publish","type":"product","link":"https:\/\/www.moskito.cz\/fr\/produkt\/couteau-de-tir-microtech-glykon-bayonet-apocalyptic-184-12apnc\/","title":{"rendered":"Couteau de tir Microtech Glykon Bayonet Apocalyptic 184-12APNC"},"content":{"rendered":"<p>Couteau de tir <strong>Microtech<\/strong> Glykon Bayonet Apocalyptic 184-12APNC.<\/p>\n<p><strong>Microtech Glykon Bayonet<\/strong> Poign\u00e9e transparente naturelle avec superposition apocalyptique apocalyptique enti\u00e8rement dentel\u00e9e 184-12APNC<\/p>\n<p>Cette magnifique nouvelle configuration Microtech porte le nom du dieu serpent romain. Cet OTF impressionnera \u00e0 coup s\u00fbr par sa puissance incroyable. Le ch\u00e2ssis l\u00e9g\u00e8rement incurv\u00e9 combin\u00e9 \u00e0 l&rsquo;impact fait de ce couteau une autre pi\u00e8ce de votre arsenal qui sera certainement un succ\u00e8s. Le nouveau bouton brevet\u00e9 \u00e0 trois c\u00f4t\u00e9s rend le Glykon extr\u00eamement convivial. Le clip de poche r\u00e9versible donne \u00e0 ce couteau une exp\u00e9rience v\u00e9ritablement personnalisable.<\/p>\n<p>Ce mod\u00e8le est dot\u00e9 de poign\u00e9es en aluminium anodis\u00e9 clair naturel avec une finition en titane apocalyptique. Une lame \u00e0 ba\u00efonnette apocalyptique M390 en acier inoxydable avec une lame enti\u00e8rement dentel\u00e9e. Mat\u00e9riel de conception apocalyptique, clip de poche double face et trou pour lani\u00e8re. Le clip comprend des informations sur le mod\u00e8le, le logo Microtech, le num\u00e9ro de s\u00e9rie et la date de fabrication.<\/p>\n<p>Pays d&rsquo;origine : \u00c9tats-Unis<br \/>\nMat\u00e9riau du manche : Aluminium<br \/>\nMat\u00e9riau de la lame : M390<br \/>\nStyle de lame : ba\u00efonnette<br \/>\nTraitement de surface de la lame : Apkoalyptic<br \/>\nType de bord&nbsp;: Enti\u00e8rement dentel\u00e9<br \/>\nMod\u00e8le\/Motif&nbsp;: Glycon<br \/>\nType de couteau : OTF automatique double action<br \/>\nType de verrouillage : OTF<br \/>\nLongueur de la lame : 9,37 cm<br \/>\nLongueur ferm\u00e9 : 13,12 cm<br \/>\nLongueur totale : 22,5 cm<br \/>\nAcier : M390<\/p>\n<p><iframe title=\"Microtech Combat Troodon Torture Test\" width=\"800\" height=\"450\" src=\"https:\/\/www.youtube.com\/embed\/xE9TeOFYEjg?feature=oembed\" frameborder=\"0\" allow=\"accelerometer; autoplay; clipboard-write; encrypted-media; gyroscope; picture-in-picture; web-share\" referrerpolicy=\"strict-origin-when-cross-origin\" allowfullscreen><\/iframe><\/p>\n<p>&nbsp;<\/p>\n<p>&nbsp;<\/p>\n","protected":false},"excerpt":{"rendered":"<div class=\"elementor-element elementor-element-bbb542b elementor-widget elementor-widget-woocommerce-product-short-description\" data-id=\"bbb542b\" data-element_type=\"widget\" data-widget_type=\"woocommerce-product-short-description.default\">\n<div class=\"elementor-widget-container\">\n<div class=\"woocommerce-product-details__short-description\">\n<p><strong>Au fil des ann\u00e9es, Microtech\u00ae Knives a rempli les couteaux avec passion et comp\u00e9tence pour cr\u00e9er presque des \u0153uvres d&rsquo;art qui sont le summum de la fonctionnalit\u00e9. Toutes les pi\u00e8ces sont fabriqu\u00e9es aux \u00c9tats-Unis.<\/strong><br \/>\n<strong>Tous les couteaux Microtech sont garantis \u00e0 vie.<\/strong><\/p>\n<p><strong>Transports gratuits.<\/strong><\/p>\n<\/div>\n<\/div>\n<\/div>\n","protected":false},"featured_media":341365,"comment_status":"open","ping_status":"closed","template":"","meta":[],"pwb-brand":[3751],"product_brand":[],"product_cat":[3699,3696],"product_tag":[3754],"class_list":{"0":"post-341405","1":"product","2":"type-product","3":"status-publish","4":"has-post-thumbnail","6":"pwb-brand-microtechnologie","7":"product_cat-couteaux-de-tir","8":"product_cat-des-couteaux","9":"product_tag-b2b-fr","11":"first","12":"outofstock","13":"taxable","14":"shipping-taxable","15":"purchasable","16":"product-type-simple"},"brands":[{"id":3751,"name":"Microtechnologie","slug":"microtechnologie"}],"_links":{"self":[{"href":"https:\/\/www.moskito.cz\/fr\/wp-json\/wp\/v2\/product\/341405","targetHints":{"allow":["GET"]}}],"collection":[{"href":"https:\/\/www.moskito.cz\/fr\/wp-json\/wp\/v2\/product"}],"about":[{"href":"https:\/\/www.moskito.cz\/fr\/wp-json\/wp\/v2\/types\/product"}],"replies":[{"embeddable":true,"href":"https:\/\/www.moskito.cz\/fr\/wp-json\/wp\/v2\/comments?post=341405"}],"wp:featuredmedia":[{"embeddable":true,"href":"https:\/\/www.moskito.cz\/fr\/wp-json\/wp\/v2\/media\/341365"}],"wp:attachment":[{"href":"https:\/\/www.moskito.cz\/fr\/wp-json\/wp\/v2\/media?parent=341405"}],"wp:term":[{"taxonomy":"pwb-brand","embeddable":true,"href":"https:\/\/www.moskito.cz\/fr\/wp-json\/wp\/v2\/pwb-brand?post=341405"},{"taxonomy":"product_brand","embeddable":true,"href":"https:\/\/www.moskito.cz\/fr\/wp-json\/wp\/v2\/product_brand?post=341405"},{"taxonomy":"product_cat","embeddable":true,"href":"https:\/\/www.moskito.cz\/fr\/wp-json\/wp\/v2\/product_cat?post=341405"},{"taxonomy":"product_tag","embeddable":true,"href":"https:\/\/www.moskito.cz\/fr\/wp-json\/wp\/v2\/product_tag?post=341405"}],"curies":[{"name":"wp","href":"https:\/\/api.w.org\/{rel}","templated":true}]}}