{"id":341510,"date":"2024-05-20T14:15:48","date_gmt":"2024-05-20T13:17:03","guid":{"rendered":"https:\/\/www.moskito.cz\/produkt\/couteau-de-fermeture-microtech-borka-stitch-apocalyptic-169-10ap\/"},"modified":"2025-05-07T11:15:40","modified_gmt":"2025-05-07T10:15:40","slug":"couteau-de-fermeture-microtech-borka-stitch-apocalyptic-169-10ap","status":"publish","type":"product","link":"https:\/\/www.moskito.cz\/fr\/produkt\/couteau-de-fermeture-microtech-borka-stitch-apocalyptic-169-10ap\/","title":{"rendered":"Couteau de fermeture Microtech\/Borka Stitch Apocalyptic 169-10AP"},"content":{"rendered":"<p>Couteau de fermeture <strong>Microtech\/Borka<\/strong> Stitch Apocalyptic 169-10AP.<\/p>\n<p><strong>Stitch<\/strong> est une belle collaboration tactique entre Tony Marfione et Sebastijan Berenji, AKA Borka. Il prend l&rsquo;incroyable design Stitch de Sebastijan et le combine avec l&rsquo;incroyable ouverture automatique de Tony pour cr\u00e9er l&rsquo;une des collaborations de production les plus \u00e9tonnantes de 2017. La lame en fer de lance de 3,625 pouces pr\u00e9sente une meule plate, une finition apocalyptique et un moletage sur les doigts et la rampe du pouce. un excellent achat pour des coupes plus fines Le manche est en aluminium frais\u00e9 avec une finition anodis\u00e9e noire Mil-Spec Hardcoat et un espaceur arri\u00e8re en aluminium gaufr\u00e9 Il s&rsquo;agit du mod\u00e8le de production tant attendu de la c\u00e9l\u00e8bre coutume, vous donnant la chance de poss\u00e9der un couteau Borka \u00e0 moindre co\u00fbt du prix.<\/p>\n<p>Caract\u00e9ristiques:<\/p>\n<p>Longueur de la lame : 8,5 cm<br \/>\nLongueur du manche : 12,5 cm<br \/>\nLongueur totale : 21 cm<br \/>\nAcier : M390<br \/>\nStyle de lame&nbsp;: pointe de lance<br \/>\nMeulage de la lame&nbsp;:&nbsp;Plat<br \/>\nFinition de la lame : Apocalyptique<br \/>\nMat\u00e9riau de la poign\u00e9e&nbsp;: aluminium frais\u00e9, rev\u00eatement dur anodis\u00e9 Mil-Spec<br \/>\nM\u00e9canisme de verrouillage : Bouton<br \/>\nClip de poche : Acier inoxydable (pliable, usure droite)<br \/>\nPoids : 6,3 onces.<br \/>\nCr\u00e9ateurs : Sebastijan Berenji et Tony Marfione<br \/>\nFabriqu\u00e9 aux \u00c9tats-Unis<\/p>\n<p><iframe title=\"Microtech Combat Troodon Torture Test\" width=\"800\" height=\"450\" src=\"https:\/\/www.youtube.com\/embed\/xE9TeOFYEjg?feature=oembed\" frameborder=\"0\" allow=\"accelerometer; autoplay; clipboard-write; encrypted-media; gyroscope; picture-in-picture; web-share\" referrerpolicy=\"strict-origin-when-cross-origin\" allowfullscreen><\/iframe><\/p>\n<p>&nbsp;<\/p>\n<p>&nbsp;<\/p>\n<p>&nbsp;<\/p>\n","protected":false},"excerpt":{"rendered":"<div class=\"elementor-element elementor-element-bbb542b elementor-widget elementor-widget-woocommerce-product-short-description\" data-id=\"bbb542b\" data-element_type=\"widget\" data-widget_type=\"woocommerce-product-short-description.default\">\n<div class=\"elementor-widget-container\">\n<div class=\"woocommerce-product-details__short-description\">\n<p><strong>Au fil des ann\u00e9es, Microtech\u00ae Knives a rempli les couteaux avec passion et comp\u00e9tence pour cr\u00e9er presque des \u0153uvres d&rsquo;art qui sont le summum de la fonctionnalit\u00e9. Toutes les pi\u00e8ces sont fabriqu\u00e9es aux \u00c9tats-Unis.<\/strong><br \/>\n<strong>Tous les couteaux Microtech sont garantis \u00e0 vie.<\/strong><\/p>\n<p><strong>Transports gratuits.<\/strong><\/p>\n<\/div>\n<\/div>\n<\/div>\n","protected":false},"featured_media":341471,"comment_status":"open","ping_status":"closed","template":"","meta":[],"pwb-brand":[3751],"product_brand":[],"product_cat":[3699,3696],"product_tag":[3754],"class_list":{"0":"post-341510","1":"product","2":"type-product","3":"status-publish","4":"has-post-thumbnail","6":"pwb-brand-microtechnologie","7":"product_cat-couteaux-de-tir","8":"product_cat-des-couteaux","9":"product_tag-b2b-fr","11":"first","12":"instock","13":"taxable","14":"shipping-taxable","15":"purchasable","16":"product-type-simple"},"brands":[{"id":3751,"name":"Microtechnologie","slug":"microtechnologie"}],"_links":{"self":[{"href":"https:\/\/www.moskito.cz\/fr\/wp-json\/wp\/v2\/product\/341510","targetHints":{"allow":["GET"]}}],"collection":[{"href":"https:\/\/www.moskito.cz\/fr\/wp-json\/wp\/v2\/product"}],"about":[{"href":"https:\/\/www.moskito.cz\/fr\/wp-json\/wp\/v2\/types\/product"}],"replies":[{"embeddable":true,"href":"https:\/\/www.moskito.cz\/fr\/wp-json\/wp\/v2\/comments?post=341510"}],"wp:featuredmedia":[{"embeddable":true,"href":"https:\/\/www.moskito.cz\/fr\/wp-json\/wp\/v2\/media\/341471"}],"wp:attachment":[{"href":"https:\/\/www.moskito.cz\/fr\/wp-json\/wp\/v2\/media?parent=341510"}],"wp:term":[{"taxonomy":"pwb-brand","embeddable":true,"href":"https:\/\/www.moskito.cz\/fr\/wp-json\/wp\/v2\/pwb-brand?post=341510"},{"taxonomy":"product_brand","embeddable":true,"href":"https:\/\/www.moskito.cz\/fr\/wp-json\/wp\/v2\/product_brand?post=341510"},{"taxonomy":"product_cat","embeddable":true,"href":"https:\/\/www.moskito.cz\/fr\/wp-json\/wp\/v2\/product_cat?post=341510"},{"taxonomy":"product_tag","embeddable":true,"href":"https:\/\/www.moskito.cz\/fr\/wp-json\/wp\/v2\/product_tag?post=341510"}],"curies":[{"name":"wp","href":"https:\/\/api.w.org\/{rel}","templated":true}]}}