{"id":341645,"date":"2021-03-25T22:35:52","date_gmt":"2024-05-20T13:56:15","guid":{"rendered":"https:\/\/www.moskito.cz\/produkt\/couteau-fixe-microtech-socom-alpha-114-10\/"},"modified":"2025-07-11T07:54:09","modified_gmt":"2025-07-11T06:54:09","slug":"couteau-fixe-microtech-socom-alpha-114-10","status":"publish","type":"product","link":"https:\/\/www.moskito.cz\/fr\/produkt\/couteau-fixe-microtech-socom-alpha-114-10\/","title":{"rendered":"Couteau Fixe Microtech Socom Alpha 114-10"},"content":{"rendered":"<p>Couteau fixe <strong>Microtech<\/strong> Socom Alpha 114-10.<\/p>\n<p>Il a fallu plus d&rsquo;une d\u00e9cennie \u00e0 <strong>Microtech<\/strong> pour proposer un Socom solide, le Socom Alpha, mais heureusement pour nous, l&rsquo;Alpha Mini \u00e9tait sur ses talons. Cette version de la s\u00e9rie Signature est livr\u00e9e avec une finition noire, un acier CTS-204P et un manche en fibre de carbone.<\/p>\n<p>Lame&nbsp;: La lame pointue est aff\u00fbt\u00e9e pour un \u00e9quilibre entre r\u00e9sistance et performances de coupe, \u00e9quip\u00e9e d&rsquo;une surface en carbone durable de type diamant. Il r\u00e9siste ainsi mieux \u00e0 l&rsquo;usure et \u00e0 la corrosion et est discr\u00e8tement antireflet. Haute performance, le CTS-204P offre une r\u00e9sistance sup\u00e9rieure \u00e0 la corrosion et une r\u00e9tention des bords pour des performances optimales.<\/p>\n<p>Poign\u00e9e&nbsp;: fabriqu\u00e9e en fibre de carbone solidement fix\u00e9e au mat\u00e9riel exclusif \u00e0 rev\u00eatement DLC. Un trou au bout de la t\u00eate permet la fixation au cou.<\/p>\n<p>\u00c9tui&nbsp;: port\u00e9 \u00e0 l&rsquo;aide d&rsquo;un \u00e9tui Kydex moul\u00e9 avec un clip de ceinture DOTS.<\/p>\n<p>CTS-204P&nbsp;: L&rsquo;acier inoxydable de m\u00e9tallurgie des poudres CTS-204P, tr\u00e8s r\u00e9sistant \u00e0 l&rsquo;usure, pr\u00e9sente l&rsquo;une des plus hautes r\u00e9tentions d&rsquo;ar\u00eates et r\u00e9sistance \u00e0 la corrosion disponibles. Le CTS-204P pr\u00e9sente des performances similaires au CPM-20CV et au M390 de Bohler.<\/p>\n<p>Microtech Socom Alpha T\/E 114-10 Finition Stonewash<\/p>\n<p>La lame fixe SOCOM Alpha de production <strong>Microtech<\/strong> pr\u00e9sente un design popularis\u00e9 par la s\u00e9rie de couteaux pliants du m\u00eame nom issue des productions pass\u00e9es combin\u00e9es aux productions d&rsquo;atelier personnalis\u00e9es les plus r\u00e9centes. Comprend \u00e9galement une gaine de ceinture Kydex lamin\u00e9e en fibre de carbone avec syst\u00e8me de clip Bladetech.<\/p>\n<p><b>Caract\u00e9ristiques<\/b><br \/>\nLongueur totale : 10&Prime;<br \/>\nLongueur de la lame : 5&Prime;<br \/>\nMat\u00e9riau de la lame&nbsp;: CTS-204P<br \/>\n\u00c9paisseur de la lame : 0,20&Prime;<br \/>\nMat\u00e9riau du manche: G10<br \/>\nPoids : 8,25 onces<br \/>\nLongueur ferm\u00e9e : 5,25&Prime;<br \/>\nCat\u00e9gorie de couteau&nbsp;: lame fixe<br \/>\nStyle de lame&nbsp;: T\/E (Tanto Edge)<br \/>\nPays d&rsquo;origine&nbsp;: \u00c9tats-Unis<\/p>\n<p>&nbsp;<\/p>\n<p>&nbsp;<\/p>\n","protected":false},"excerpt":{"rendered":"<p>Au fil des ann\u00e9es , Microtech\u00ae Knives a rempli les couteaux avec passion et comp\u00e9tence pour cr\u00e9er presque des \u0153uvres d&rsquo;art qui sont le summum de la fonctionnalit\u00e9. Toutes les pi\u00e8ces sont fabriqu\u00e9es aux \u00c9tats-Unis.<\/p>\n","protected":false},"featured_media":341639,"comment_status":"open","ping_status":"closed","template":"","meta":[],"pwb-brand":[3751],"product_brand":[],"product_cat":[3697,3696],"product_tag":[3754],"class_list":{"0":"post-341645","1":"product","2":"type-product","3":"status-publish","4":"has-post-thumbnail","6":"pwb-brand-microtechnologie","7":"product_cat-couteaux-solides","8":"product_cat-des-couteaux","9":"product_tag-b2b-fr","11":"first","12":"instock","13":"taxable","14":"shipping-taxable","15":"purchasable","16":"product-type-simple"},"brands":[{"id":3751,"name":"Microtechnologie","slug":"microtechnologie"}],"_links":{"self":[{"href":"https:\/\/www.moskito.cz\/fr\/wp-json\/wp\/v2\/product\/341645","targetHints":{"allow":["GET"]}}],"collection":[{"href":"https:\/\/www.moskito.cz\/fr\/wp-json\/wp\/v2\/product"}],"about":[{"href":"https:\/\/www.moskito.cz\/fr\/wp-json\/wp\/v2\/types\/product"}],"replies":[{"embeddable":true,"href":"https:\/\/www.moskito.cz\/fr\/wp-json\/wp\/v2\/comments?post=341645"}],"wp:featuredmedia":[{"embeddable":true,"href":"https:\/\/www.moskito.cz\/fr\/wp-json\/wp\/v2\/media\/341639"}],"wp:attachment":[{"href":"https:\/\/www.moskito.cz\/fr\/wp-json\/wp\/v2\/media?parent=341645"}],"wp:term":[{"taxonomy":"pwb-brand","embeddable":true,"href":"https:\/\/www.moskito.cz\/fr\/wp-json\/wp\/v2\/pwb-brand?post=341645"},{"taxonomy":"product_brand","embeddable":true,"href":"https:\/\/www.moskito.cz\/fr\/wp-json\/wp\/v2\/product_brand?post=341645"},{"taxonomy":"product_cat","embeddable":true,"href":"https:\/\/www.moskito.cz\/fr\/wp-json\/wp\/v2\/product_cat?post=341645"},{"taxonomy":"product_tag","embeddable":true,"href":"https:\/\/www.moskito.cz\/fr\/wp-json\/wp\/v2\/product_tag?post=341645"}],"curies":[{"name":"wp","href":"https:\/\/api.w.org\/{rel}","templated":true}]}}