{"id":342095,"date":"2023-03-29T21:43:18","date_gmt":"2024-05-22T08:42:32","guid":{"rendered":"https:\/\/www.moskito.cz\/produkt\/couteau-pliant-cold-steel-trapper-jigged-bone\/"},"modified":"2025-05-07T11:15:55","modified_gmt":"2025-05-07T10:15:55","slug":"couteau-pliant-cold-steel-trapper-jigged-bone","status":"publish","type":"product","link":"https:\/\/www.moskito.cz\/fr\/produkt\/couteau-pliant-cold-steel-trapper-jigged-bone\/","title":{"rendered":"Couteau pliant Cold Steel TRAPPER JIGGED BONE"},"content":{"rendered":"<p>Couteau pliant <strong>Cold Steel<\/strong> TRAPPER JIGGED BONE<\/p>\n<p><strong>Le couteau pliant Cold Steel<\/strong> Trapper est la variante Cold Steel du couteau Trapper classique avec une articulation coulissante. Il est dot\u00e9 de poign\u00e9es en os authentiques et est rehauss\u00e9 d&rsquo;appuie-t\u00eates en m\u00e9tal poli. Les poign\u00e9es robustes sont consid\u00e9rablement dimensionn\u00e9es pour les travaux lourds, m\u00eame avec des mains gant\u00e9es. Il est construit selon le mod\u00e8le traditionnel du Jack Knife avec deux lames polies&nbsp;: une lame \u00e0 pince pour percer et couper et une lame pointue pour le d\u00e9pouillement et l&rsquo;\u00e9visc\u00e9ration, qui pivotent toutes deux \u00e0 partir d&rsquo;une extr\u00e9mit\u00e9 du manche du couteau. Le folklore populaire a positionn\u00e9 le Trapper comme le choix pr\u00e9f\u00e9r\u00e9 des amateurs de plein air et des chasseurs frontaliers, mais sa praticit\u00e9 inh\u00e9rente le rend utile pour toutes sortes de t\u00e2ches et bien adapt\u00e9 \u00e0 presque tous les environnements, urbains ou ruraux. C&rsquo;est un excellent couteau de poche, parfait pour les projets domestiques, une utilisation en ext\u00e9rieur ou comme couteau de chasse.<\/p>\n<p>Description:<br \/>\nMat\u00e9riau de la lame&nbsp;: 8cr13mov<br \/>\nMat\u00e9riau du manche : Acier inoxydable, Os<br \/>\nFusible&nbsp;: Joint coulissant<br \/>\nLongueur de la lame : 8,4 cm<br \/>\nLongueur totale : 18,9 cm<br \/>\nLongueur du couteau pli\u00e9 : 10,5 cm<br \/>\nType de lame&nbsp;: pointe \u00e0 pince, pied de mouton<\/p>\n<p>&nbsp;<\/p>\n","protected":false},"excerpt":{"rendered":"<p><strong>Le couteau pliant Cold Steel Trapper est une variante du couteau de trappeur traditionnel. Il est construit selon le mod\u00e8le traditionnel Jack Knife avec deux lames polies.<\/strong><\/p>\n","protected":false},"featured_media":342097,"comment_status":"open","ping_status":"closed","template":"","meta":[],"pwb-brand":[3789],"product_brand":[],"product_cat":[3700,3696],"product_tag":[3754],"class_list":{"0":"post-342095","1":"product","2":"type-product","3":"status-publish","4":"has-post-thumbnail","6":"pwb-brand-acier-froid","7":"product_cat-couteaux-de-fermeture","8":"product_cat-des-couteaux","9":"product_tag-b2b-fr","11":"first","12":"instock","13":"taxable","14":"shipping-taxable","15":"purchasable","16":"product-type-simple"},"brands":[{"id":3789,"name":"Acier froid","slug":"acier-froid"}],"_links":{"self":[{"href":"https:\/\/www.moskito.cz\/fr\/wp-json\/wp\/v2\/product\/342095","targetHints":{"allow":["GET"]}}],"collection":[{"href":"https:\/\/www.moskito.cz\/fr\/wp-json\/wp\/v2\/product"}],"about":[{"href":"https:\/\/www.moskito.cz\/fr\/wp-json\/wp\/v2\/types\/product"}],"replies":[{"embeddable":true,"href":"https:\/\/www.moskito.cz\/fr\/wp-json\/wp\/v2\/comments?post=342095"}],"wp:featuredmedia":[{"embeddable":true,"href":"https:\/\/www.moskito.cz\/fr\/wp-json\/wp\/v2\/media\/342097"}],"wp:attachment":[{"href":"https:\/\/www.moskito.cz\/fr\/wp-json\/wp\/v2\/media?parent=342095"}],"wp:term":[{"taxonomy":"pwb-brand","embeddable":true,"href":"https:\/\/www.moskito.cz\/fr\/wp-json\/wp\/v2\/pwb-brand?post=342095"},{"taxonomy":"product_brand","embeddable":true,"href":"https:\/\/www.moskito.cz\/fr\/wp-json\/wp\/v2\/product_brand?post=342095"},{"taxonomy":"product_cat","embeddable":true,"href":"https:\/\/www.moskito.cz\/fr\/wp-json\/wp\/v2\/product_cat?post=342095"},{"taxonomy":"product_tag","embeddable":true,"href":"https:\/\/www.moskito.cz\/fr\/wp-json\/wp\/v2\/product_tag?post=342095"}],"curies":[{"name":"wp","href":"https:\/\/api.w.org\/{rel}","templated":true}]}}