{"id":342183,"date":"2021-05-06T21:38:35","date_gmt":"2024-05-27T07:28:32","guid":{"rendered":"https:\/\/www.moskito.cz\/produkt\/couteau-fixe-extrema-ratio-requiem-ranger-vert\/"},"modified":"2025-05-07T11:15:57","modified_gmt":"2025-05-07T10:15:57","slug":"couteau-fixe-extrema-ratio-requiem-ranger-vert","status":"publish","type":"product","link":"https:\/\/www.moskito.cz\/fr\/produkt\/couteau-fixe-extrema-ratio-requiem-ranger-vert\/","title":{"rendered":"Couteau Fixe Extrema Ratio REQUIEM RANGER VERT"},"content":{"rendered":"<p>Couteau Fixe <strong>Extrema Ratio<\/strong> REQUIEM RANGER VERT<\/p>\n<p>Couteau tactique polyvalent tr\u00e8s l\u00e9ger et facile \u00e0 utiliser. Cette aiguille \u00e0 simple tranchant et \u00e0 garde unique est livr\u00e9e avec une gaine sp\u00e9ciale en nylon Aspis, sp\u00e9cialement \u00e9tudi\u00e9e par Extrema Ratio pour permettre un d\u00e9gagement rapide de la lame et sa fixation \u00e0 l&rsquo;int\u00e9rieur du syst\u00e8me MOLLE gr\u00e2ce \u00e0 deux pinces multi-positions.<\/p>\n<p>Disponible en noir, d\u00e9sert, HCS, Ranger Green et Wolf Grey.<\/p>\n<p>FICHE TECHNIQUE<br \/>\nPoids g.86<br \/>\nPoids onces&nbsp;:&nbsp;3,03<br \/>\nLongueur de la lame (mm): 118<br \/>\nLongueur de la lame (en pouces) : 4,64<br \/>\nLongueur totale (mm): 238<br \/>\nLongueur totale (en pouces) : 9,37<br \/>\n\u00c9paisseur de la lame (mm): 4<br \/>\n\u00c9paisseur de la lame (en pouces) : 0,15<br \/>\nMat\u00e9riau de la lame : B\u00f6HLER ACIER N690 (58HRC)<br \/>\nFinition de la lame&nbsp;: PIERRES CONTENUES<br \/>\nGrille principale&nbsp;: PLAT<br \/>\nMat\u00e9riau du manche&nbsp;: FORPR\u00c8NE<\/p>\n<p><iframe title=\"Tactical Knife | Extrema Ratio Aspis sheath removing\" width=\"800\" height=\"600\" src=\"https:\/\/www.youtube.com\/embed\/LpChhhuTeAI?feature=oembed\" frameborder=\"0\" allow=\"accelerometer; autoplay; clipboard-write; encrypted-media; gyroscope; picture-in-picture; web-share\" referrerpolicy=\"strict-origin-when-cross-origin\" allowfullscreen><\/iframe><\/p>\n<p>&nbsp;<\/p>\n","protected":false},"excerpt":{"rendered":"<p>Bas\u00e9e \u00e0 Prato, en Italie <strong>, Extrema Ratio<\/strong> con\u00e7oit et fabrique des couteaux de combat, militaires, de cuisine, de chasse et tactiques de haute performance depuis 1997 et jouit d&rsquo;une r\u00e9putation de qualit\u00e9 sup\u00e9rieure sans \u00e9gal dans l&rsquo;industrie des couteaux militaires et tactiques. <strong>Transports gratuits.<\/strong><\/p>\n","protected":false},"featured_media":342189,"comment_status":"open","ping_status":"closed","template":"","meta":[],"pwb-brand":[3767],"product_brand":[],"product_cat":[3697,3696],"product_tag":[3754],"class_list":{"0":"post-342183","1":"product","2":"type-product","3":"status-publish","4":"has-post-thumbnail","6":"pwb-brand-rapport-extreme","7":"product_cat-couteaux-solides","8":"product_cat-des-couteaux","9":"product_tag-b2b-fr","11":"first","12":"instock","13":"taxable","14":"shipping-taxable","15":"purchasable","16":"product-type-simple"},"brands":[{"id":3767,"name":"Rapport extr\u00eame","slug":"rapport-extreme"}],"_links":{"self":[{"href":"https:\/\/www.moskito.cz\/fr\/wp-json\/wp\/v2\/product\/342183","targetHints":{"allow":["GET"]}}],"collection":[{"href":"https:\/\/www.moskito.cz\/fr\/wp-json\/wp\/v2\/product"}],"about":[{"href":"https:\/\/www.moskito.cz\/fr\/wp-json\/wp\/v2\/types\/product"}],"replies":[{"embeddable":true,"href":"https:\/\/www.moskito.cz\/fr\/wp-json\/wp\/v2\/comments?post=342183"}],"wp:featuredmedia":[{"embeddable":true,"href":"https:\/\/www.moskito.cz\/fr\/wp-json\/wp\/v2\/media\/342189"}],"wp:attachment":[{"href":"https:\/\/www.moskito.cz\/fr\/wp-json\/wp\/v2\/media?parent=342183"}],"wp:term":[{"taxonomy":"pwb-brand","embeddable":true,"href":"https:\/\/www.moskito.cz\/fr\/wp-json\/wp\/v2\/pwb-brand?post=342183"},{"taxonomy":"product_brand","embeddable":true,"href":"https:\/\/www.moskito.cz\/fr\/wp-json\/wp\/v2\/product_brand?post=342183"},{"taxonomy":"product_cat","embeddable":true,"href":"https:\/\/www.moskito.cz\/fr\/wp-json\/wp\/v2\/product_cat?post=342183"},{"taxonomy":"product_tag","embeddable":true,"href":"https:\/\/www.moskito.cz\/fr\/wp-json\/wp\/v2\/product_tag?post=342183"}],"curies":[{"name":"wp","href":"https:\/\/api.w.org\/{rel}","templated":true}]}}