{"id":342551,"date":"2024-05-27T18:33:52","date_gmt":"2024-05-27T17:39:00","guid":{"rendered":"https:\/\/www.moskito.cz\/produkt\/spyderco-spydercoin-2023\/"},"modified":"2025-05-07T11:16:07","modified_gmt":"2025-05-07T10:16:07","slug":"spyderco-spydercoin-2023","status":"publish","type":"product","link":"https:\/\/www.moskito.cz\/fr\/produkt\/spyderco-spydercoin-2023\/","title":{"rendered":"Spyderco SPYDERCOIN 2023"},"content":{"rendered":"<p><strong>Spyderco<\/strong> SPYDERCOIN 2023.<\/p>\n<p><strong>Le SpyderCoin\u2122 2023<\/strong> reconna\u00eet le soutien ind\u00e9fectible de Spyderco aux forces de l&rsquo;ordre et au personnel militaire de notre pays ainsi que leur engagement \u00e0 pr\u00e9server notre mode de vie. C&rsquo;est un reflet vivant des valeurs de notre soci\u00e9t\u00e9, nous rappelant qu&rsquo;\u00ab il est de la responsabilit\u00e9 du bien d&#8217;emp\u00eacher le mal de nuire aux innocents \u00bb et nous encourageant \u00e0 \u00ab ne jamais abandonner \u00bb, \u00ab ne jamais reculer \u00bb et \u00ab ne jamais reculer \u00bb. . \u00ab Cette pi\u00e8ce est frapp\u00e9e sur mesure dans la forme unique du triangle de Reuleaux, de couleur remplie d&rsquo;\u00e9mail bleu et blanc et porte fi\u00e8rement le logo Spyderco et l&rsquo;ann\u00e9e \u00ab 2023 \u00bb.<\/p>\n","protected":false},"excerpt":{"rendered":"<p><strong>Spyderco SPYDERCOIN 2023<\/strong><\/p>\n","protected":false},"featured_media":342542,"comment_status":"open","ping_status":"closed","template":"","meta":[],"pwb-brand":[3778],"product_brand":[],"product_cat":[3700,3696],"product_tag":[3754],"class_list":{"0":"post-342551","1":"product","2":"type-product","3":"status-publish","4":"has-post-thumbnail","6":"pwb-brand-spyderco-fr","7":"product_cat-couteaux-de-fermeture","8":"product_cat-des-couteaux","9":"product_tag-b2b-fr","11":"first","12":"instock","13":"taxable","14":"shipping-taxable","15":"purchasable","16":"product-type-simple"},"brands":[{"id":3778,"name":"Spyderco","slug":"spyderco-fr"}],"_links":{"self":[{"href":"https:\/\/www.moskito.cz\/fr\/wp-json\/wp\/v2\/product\/342551","targetHints":{"allow":["GET"]}}],"collection":[{"href":"https:\/\/www.moskito.cz\/fr\/wp-json\/wp\/v2\/product"}],"about":[{"href":"https:\/\/www.moskito.cz\/fr\/wp-json\/wp\/v2\/types\/product"}],"replies":[{"embeddable":true,"href":"https:\/\/www.moskito.cz\/fr\/wp-json\/wp\/v2\/comments?post=342551"}],"wp:featuredmedia":[{"embeddable":true,"href":"https:\/\/www.moskito.cz\/fr\/wp-json\/wp\/v2\/media\/342542"}],"wp:attachment":[{"href":"https:\/\/www.moskito.cz\/fr\/wp-json\/wp\/v2\/media?parent=342551"}],"wp:term":[{"taxonomy":"pwb-brand","embeddable":true,"href":"https:\/\/www.moskito.cz\/fr\/wp-json\/wp\/v2\/pwb-brand?post=342551"},{"taxonomy":"product_brand","embeddable":true,"href":"https:\/\/www.moskito.cz\/fr\/wp-json\/wp\/v2\/product_brand?post=342551"},{"taxonomy":"product_cat","embeddable":true,"href":"https:\/\/www.moskito.cz\/fr\/wp-json\/wp\/v2\/product_cat?post=342551"},{"taxonomy":"product_tag","embeddable":true,"href":"https:\/\/www.moskito.cz\/fr\/wp-json\/wp\/v2\/product_tag?post=342551"}],"curies":[{"name":"wp","href":"https:\/\/api.w.org\/{rel}","templated":true}]}}