{"id":342822,"date":"2024-05-28T20:10:21","date_gmt":"2024-05-28T19:14:39","guid":{"rendered":"https:\/\/www.moskito.cz\/produkt\/couteau-de-fermeture-sog-twitch-iii\/"},"modified":"2025-05-07T11:16:15","modified_gmt":"2025-05-07T10:16:15","slug":"couteau-de-fermeture-sog-twitch-iii","status":"publish","type":"product","link":"https:\/\/www.moskito.cz\/fr\/produkt\/couteau-de-fermeture-sog-twitch-iii\/","title":{"rendered":"Couteau de fermeture SOG TWITCH III"},"content":{"rendered":"<p>Couteau de fermeture <strong>SOG<\/strong> TWITCH III.<\/p>\n<p>\u00c9l\u00e9gant, solide et am\u00e9lior\u00e9 avec une lame en acier am\u00e9lior\u00e9e de 154 cm, notre couteau pliant Twitch III fait passer la populaire s\u00e9rie Twitch au niveau sup\u00e9rieur. Twitch III pr\u00e9sente un profil mince qui permet une portabilit\u00e9 et une manipulation ais\u00e9es. Notre technologie assist\u00e9e fiable permet un d\u00e9ploiement rapide d\u2019une seule main. La lame \u00e0 d\u00e9ploiement rapide de 3,1 pouces est fix\u00e9e \u00e0 un aluminium textur\u00e9 et de forme r\u00e9fl\u00e9chie. Son m\u00e9canisme de verrouillage fiable maintient la lame bien en place pendant l&rsquo;utilisation, afin que vous restiez en s\u00e9curit\u00e9 et sans souci.<\/p>\n<p>Poign\u00e9e en ALUMINIUM 6061<br \/>\nUne combinaison gagnante. Fin et l\u00e9ger pour une portabilit\u00e9 facile. Subtilement textur\u00e9 pour une prise s\u00fbre, fini avec un clip de poche profond double face.<\/p>\n<p>OUVERTURE SUPER RAPIDE<br \/>\nOuverture extr\u00eamement rapide d&rsquo;une seule main avec doubles plots de pouce ou coup de pied dans le dos. Un simple verrou de colonne vert\u00e9brale verrouille solidement la lame en place pendant l&rsquo;utilisation.<\/p>\n<p>LAME EN ACIER 154CM<br \/>\nLa lame robuste de 154 cm tremp\u00e9e CRYO conservera son tranchant pour toute coupe \u00e0 la maison, au travail ou m\u00eame dans les bois.<\/p>\n<p>COULEUR: satin\u00e9e<br \/>\nPOIDS : 74g<br \/>\nMAT\u00c9RIAU DE LA POIGN\u00c9E&nbsp;: Aluminium 6061<br \/>\nLONGUEUR DE LA LAME : 7,9 cm<br \/>\n\u00c9PAISSEUR DE LA LAME&nbsp;: 0,25 cm<br \/>\nTYPE DE FUSIBLE&nbsp;: LockBack<br \/>\nACIER: 154CM<br \/>\nTAILLE GLOBALE&nbsp;: 17,8&nbsp;cm<br \/>\nLONGUEUR DU POIGN\u00c9E : 10,4 cm<\/p>\n<p>&nbsp;<\/p>\n<p><iframe title=\"Twitch III\" width=\"800\" height=\"450\" src=\"https:\/\/www.youtube.com\/embed\/FghDrJM7ITA?feature=oembed\" frameborder=\"0\" allow=\"accelerometer; autoplay; clipboard-write; encrypted-media; gyroscope; picture-in-picture; web-share\" referrerpolicy=\"strict-origin-when-cross-origin\" allowfullscreen><\/iframe><\/p>\n<p>&nbsp;<\/p>\n","protected":false},"excerpt":{"rendered":"<p><strong>Fin, l\u00e9ger, double face et facile \u00e0 ouvrir d&rsquo;une seule main gr\u00e2ce \u00e0 la technologie d&rsquo;ouverture assist\u00e9e SOG. D&rsquo;un simple coup de pouce ou d&rsquo;\u00e9jecteurs, la lame s&rsquo;ouvre avec un clic satisfaisant.<\/strong><\/p>\n","protected":false},"featured_media":342769,"comment_status":"open","ping_status":"closed","template":"","meta":[],"pwb-brand":[3849],"product_brand":[],"product_cat":[3700,3696],"product_tag":[3754],"class_list":{"0":"post-342822","1":"product","2":"type-product","3":"status-publish","4":"has-post-thumbnail","6":"pwb-brand-sog-fr","7":"product_cat-couteaux-de-fermeture","8":"product_cat-des-couteaux","9":"product_tag-b2b-fr","11":"first","12":"instock","13":"taxable","14":"shipping-taxable","15":"purchasable","16":"product-type-simple"},"brands":[{"id":3849,"name":"SOG","slug":"sog-fr"}],"_links":{"self":[{"href":"https:\/\/www.moskito.cz\/fr\/wp-json\/wp\/v2\/product\/342822","targetHints":{"allow":["GET"]}}],"collection":[{"href":"https:\/\/www.moskito.cz\/fr\/wp-json\/wp\/v2\/product"}],"about":[{"href":"https:\/\/www.moskito.cz\/fr\/wp-json\/wp\/v2\/types\/product"}],"replies":[{"embeddable":true,"href":"https:\/\/www.moskito.cz\/fr\/wp-json\/wp\/v2\/comments?post=342822"}],"wp:featuredmedia":[{"embeddable":true,"href":"https:\/\/www.moskito.cz\/fr\/wp-json\/wp\/v2\/media\/342769"}],"wp:attachment":[{"href":"https:\/\/www.moskito.cz\/fr\/wp-json\/wp\/v2\/media?parent=342822"}],"wp:term":[{"taxonomy":"pwb-brand","embeddable":true,"href":"https:\/\/www.moskito.cz\/fr\/wp-json\/wp\/v2\/pwb-brand?post=342822"},{"taxonomy":"product_brand","embeddable":true,"href":"https:\/\/www.moskito.cz\/fr\/wp-json\/wp\/v2\/product_brand?post=342822"},{"taxonomy":"product_cat","embeddable":true,"href":"https:\/\/www.moskito.cz\/fr\/wp-json\/wp\/v2\/product_cat?post=342822"},{"taxonomy":"product_tag","embeddable":true,"href":"https:\/\/www.moskito.cz\/fr\/wp-json\/wp\/v2\/product_tag?post=342822"}],"curies":[{"name":"wp","href":"https:\/\/api.w.org\/{rel}","templated":true}]}}