{"id":342824,"date":"2024-05-28T19:52:10","date_gmt":"2024-05-28T19:14:40","guid":{"rendered":"https:\/\/www.moskito.cz\/produkt\/couteau-de-fermeture-sog-adventurer-lb\/"},"modified":"2025-05-07T11:16:16","modified_gmt":"2025-05-07T10:16:16","slug":"couteau-de-fermeture-sog-adventurer-lb","status":"publish","type":"product","link":"https:\/\/www.moskito.cz\/fr\/produkt\/couteau-de-fermeture-sog-adventurer-lb\/","title":{"rendered":"Couteau de fermeture SOG ADVENTURER LB"},"content":{"rendered":"<p>Couteau de fermeture <strong>SOG<\/strong> ADVENTURER LB.<\/p>\n<p>Il est probable que votre p\u00e8re ou votre grand-p\u00e8re portait un couteau pliant avec serrure. Ce m\u00e9canisme classique et simple est reconnu pour \u00eatre l\u00e9ger, fiable et durable. Il est \u00e9galement s\u00fbr \u00e0 utiliser gr\u00e2ce \u00e0 un verrou solide qui emp\u00eache toute fermeture accidentelle et toute ouverture inattendue de votre poche. Notre conception mise \u00e0 jour comprend une lame 5CR15MOV durcie \u00e0 finition satin\u00e9e CRYO qui poss\u00e8de les propri\u00e9t\u00e9s de l&rsquo;acier inoxydable pour r\u00e9sister \u00e0 la corrosion et au ternissement ainsi qu&rsquo;une t\u00e9nacit\u00e9 moyenne pour une bonne r\u00e9tention des bords et une facilit\u00e9 d&rsquo;aff\u00fbtage. La poign\u00e9e en nylon renforc\u00e9 de verre est textur\u00e9e pour une prise s\u00fbre tout en \u00e9tant l\u00e9g\u00e8re et solide. Le clip de poche polyvalent pour un transport en profondeur pr\u00e9sente un design double face.<\/p>\n<p>MAT\u00c9RIAUX ACTUALIS\u00c9S ET MODERNES<br \/>\nCe n&rsquo;est pas le couteau pliant de votre grand-p\u00e8re. Il est dot\u00e9 d&rsquo;une lame tranchante en acier tremp\u00e9 5CR15MOV CRYO qui r\u00e9siste \u00e0 la corrosion et aux taches. La poign\u00e9e en nylon renforc\u00e9 de verre durable et fortement textur\u00e9 assure une prise ferme dans des conditions humides et s\u00e8ches. Le clip de poche double face vous permet de le transporter comme bon vous semble.<\/p>\n<p>ACIER CRYO 5CR15MOV<br \/>\nNous pensons que l&rsquo;acier CRYO 5CR15MOV est d&rsquo;un excellent rapport qualit\u00e9-prix. Il poss\u00e8de les qualit\u00e9s que vous attendez de l\u2019acier inoxydable, notamment la r\u00e9sistance \u00e0 la corrosion et aux taches. Le durcissement CRYO garantit qu&rsquo;il conservera un bord tranchant et sa l\u00e9g\u00e8re t\u00e9nacit\u00e9 est id\u00e9ale pour les utilisateurs qui aiment aiguiser leurs propres couteaux.<\/p>\n<p>POIGN\u00c9E VERT<br \/>\nLes poign\u00e9es en nylon renforc\u00e9 de verre sont id\u00e9ales pour une utilisation en ext\u00e9rieur, car leur l\u00e9g\u00e8ret\u00e9 les rend faciles \u00e0 ranger. Les fibres de verre int\u00e9gr\u00e9es \u00e0 la matrice en nylon augmentent consid\u00e9rablement la r\u00e9sistance et la durabilit\u00e9 du manche lors d&rsquo;une utilisation ext\u00e9rieure exigeante. Les poign\u00e9es GRN ont une r\u00e9sistance inh\u00e9rente \u00e0 l\u2019humidit\u00e9, ce qui les rend \u00e9galement id\u00e9ales pour une utilisation en ext\u00e9rieur.<\/p>\n<p>Le m\u00e9canisme de verrouillage est un excellent choix pour une utilisation en ext\u00e9rieur en raison de sa conception l\u00e9g\u00e8re et simple. Avec sa simplicit\u00e9, il n\u2019y a pas grand-chose qui puisse mal se passer. Mais ne vous laissez pas tromper par sa conception simple, car cette conception est connue pour sa serrure solide et s\u00e9curis\u00e9e. Quelque chose sur lequel vous pouvez compter lorsque vous \u00eates dans les bois.<\/p>\n<p>LONGUEUR TOTALE : 19 cm<br \/>\nLONGUEUR DE LA LAME : 7,5 cm<br \/>\nTYPE DE CLIP DE CEINTURE&nbsp;: R\u00e9versible \u00e0 faible transport<br \/>\nFINI&nbsp;:&nbsp;Satin\u00e9<br \/>\nTYPE DE BORD&nbsp;: Droit<br \/>\nTYPE D&rsquo;ACIER DE LAME&nbsp;: CRYO 5CR15MOV<br \/>\nFORME DE LA LAME&nbsp;:&nbsp;pointe de chute<br \/>\nMAT\u00c9RIAU DE LA POIGN\u00c9E&nbsp;: VERT<br \/>\nCOULEUR DE LA POIGN\u00c9E&nbsp;: Bleu nordique<\/p>\n<p><iframe title=\"Adventurer LB\" width=\"800\" height=\"450\" src=\"https:\/\/www.youtube.com\/embed\/plY3yDDxUQI?feature=oembed\" frameborder=\"0\" allow=\"accelerometer; autoplay; clipboard-write; encrypted-media; gyroscope; picture-in-picture; web-share\" referrerpolicy=\"strict-origin-when-cross-origin\" allowfullscreen><\/iframe><\/p>\n<p>&nbsp;<\/p>\n","protected":false},"excerpt":{"rendered":"<p><strong>Les amateurs de couteaux admirent depuis longtemps son design \u00e9l\u00e9gant et simple avec un verrou qui pr\u00e9sente tous les avantages n\u00e9cessaires pour une utilisation en ext\u00e9rieur&#8230; l\u00e9ger, s\u00fbr et durable.<\/strong><\/p>\n","protected":false},"featured_media":342711,"comment_status":"open","ping_status":"closed","template":"","meta":[],"pwb-brand":[3849],"product_brand":[],"product_cat":[3700,3696],"product_tag":[3754],"class_list":{"0":"post-342824","1":"product","2":"type-product","3":"status-publish","4":"has-post-thumbnail","6":"pwb-brand-sog-fr","7":"product_cat-couteaux-de-fermeture","8":"product_cat-des-couteaux","9":"product_tag-b2b-fr","11":"first","12":"instock","13":"taxable","14":"shipping-taxable","15":"purchasable","16":"product-type-simple"},"brands":[{"id":3849,"name":"SOG","slug":"sog-fr"}],"_links":{"self":[{"href":"https:\/\/www.moskito.cz\/fr\/wp-json\/wp\/v2\/product\/342824","targetHints":{"allow":["GET"]}}],"collection":[{"href":"https:\/\/www.moskito.cz\/fr\/wp-json\/wp\/v2\/product"}],"about":[{"href":"https:\/\/www.moskito.cz\/fr\/wp-json\/wp\/v2\/types\/product"}],"replies":[{"embeddable":true,"href":"https:\/\/www.moskito.cz\/fr\/wp-json\/wp\/v2\/comments?post=342824"}],"wp:featuredmedia":[{"embeddable":true,"href":"https:\/\/www.moskito.cz\/fr\/wp-json\/wp\/v2\/media\/342711"}],"wp:attachment":[{"href":"https:\/\/www.moskito.cz\/fr\/wp-json\/wp\/v2\/media?parent=342824"}],"wp:term":[{"taxonomy":"pwb-brand","embeddable":true,"href":"https:\/\/www.moskito.cz\/fr\/wp-json\/wp\/v2\/pwb-brand?post=342824"},{"taxonomy":"product_brand","embeddable":true,"href":"https:\/\/www.moskito.cz\/fr\/wp-json\/wp\/v2\/product_brand?post=342824"},{"taxonomy":"product_cat","embeddable":true,"href":"https:\/\/www.moskito.cz\/fr\/wp-json\/wp\/v2\/product_cat?post=342824"},{"taxonomy":"product_tag","embeddable":true,"href":"https:\/\/www.moskito.cz\/fr\/wp-json\/wp\/v2\/product_tag?post=342824"}],"curies":[{"name":"wp","href":"https:\/\/api.w.org\/{rel}","templated":true}]}}