{"id":343289,"date":"2021-03-22T21:33:01","date_gmt":"2024-05-31T11:28:43","guid":{"rendered":"https:\/\/www.moskito.cz\/produkt\/couteau-de-tir-microtech-utx-70-ca148-10\/"},"modified":"2025-07-11T07:53:47","modified_gmt":"2025-07-11T06:53:47","slug":"couteau-de-tir-microtech-utx-70-ca148-10","status":"publish","type":"product","link":"https:\/\/www.moskito.cz\/fr\/produkt\/couteau-de-tir-microtech-utx-70-ca148-10\/","title":{"rendered":"Couteau de tir Microtech UTX-70 CA148-10"},"content":{"rendered":"<p>Couteau de tir <strong>Microtech<\/strong> UTX-70 CA148-10.<\/p>\n<p><strong>L&rsquo;UTX-70<\/strong> est la combinaison parfaite entre taille compacte et performances exceptionnelles. <strong>L&rsquo;UTX-70<\/strong> est fabriqu\u00e9 \u00e0 partir des m\u00eames mat\u00e9riaux, sur les m\u00eames machines et avec la m\u00eame ing\u00e9niosit\u00e9 que son pr\u00e9d\u00e9cesseur. <strong>L&rsquo;UTX-70<\/strong> est le couteau parfait pour toutes les situations, quelle que soit votre t\u00e2che de coupe et s&rsquo;int\u00e9grera parfaitement \u00e0 votre style de vie. Avec une ouverture et une fermeture rapides d&rsquo;une seule main, il accomplit le travail en quelques secondes. L&rsquo;UTX-70 propose de nombreuses options telles que les styles simple bord, double bord ou tanto. Le couteau est \u00e9quip\u00e9 d&rsquo;un clip de poche double face de taille compacte, ce qui en fait un choix id\u00e9al pour une utilisation et un transport quotidiens.<\/p>\n<p>Longueur totale : 13 cm<br \/>\nLongueur de la lame : 4,9 cm<br \/>\n\u00c9paisseur de la lame : 0,2 cm<br \/>\nMat\u00e9riau de la lame : Bohler M390<br \/>\nDuret\u00e9 : 59-60 \u00b0C<br \/>\nStyle de lame&nbsp;:&nbsp;pointe de chute<br \/>\nInsertions&nbsp;: plates<br \/>\nType de bordure&nbsp;:&nbsp;Unie<br \/>\nLongueur du manche : 8,05 cm<br \/>\n\u00c9paisseur du manche : 0,8 cm<br \/>\nMat\u00e9riau du manche : aluminium<br \/>\nPoids : 1,24 onces.<br \/>\nUtilisateur&nbsp;:&nbsp;Main droite<br \/>\nClip de poche&nbsp;: rabattable<br \/>\nType de couteau&nbsp;: OTF automatique \u00e0 double action<br \/>\nOuvreur&nbsp;:&nbsp;glissi\u00e8re du pouce<br \/>\nMarque : Microtech<br \/>\nMod\u00e8le&nbsp;: UTX-70<br \/>\nNum\u00e9ro de mod\u00e8le&nbsp;: CAS148-10<br \/>\nPays d&rsquo;origine : \u00c9tats-Unis<br \/>\nMeilleure utilisation&nbsp;: transport quotidien, tactique<\/p>\n<div class=\"description\">\n<p>L&rsquo;UTX-70 est la combinaison parfaite entre taille compacte et grandes performances. D&rsquo;une taille bien inf\u00e9rieure \u00e0 celle de l&rsquo; <a href=\"https:\/\/www.knifecenter.com\/kc_new\/store_store.html?ttl=Microtech%20Ultratech%20OTF%20Knives&amp;srch=eqCATE%20CODEdatarq%3Dmt%26waDESCRIPTIONdatarq%3Dultratech\" target=\"_blank\" rel=\"noopener\">Ultratech<\/a> , l&rsquo;UTX-70 est fabriqu\u00e9 avec le m\u00eame mat\u00e9riau, sur les m\u00eames machines et avec la m\u00eame ing\u00e9niosit\u00e9 que son pr\u00e9d\u00e9cesseur. L&rsquo;UTX-70 est le couteau parfait pour toutes les situations, quelle que soit votre t\u00e2che de coupe, il s&rsquo;adaptera parfaitement \u00e0 votre style de vie. Gr\u00e2ce \u00e0 son action d&rsquo;ouverture et de fermeture rapide d&rsquo;une seule main, il accomplit le travail en quelques secondes. \u00c9quip\u00e9 d&rsquo;un clip de poche ambidextre et d&rsquo;une taille compacte, c&rsquo;est le choix parfait pour un usage et un transport quotidiens<\/p>\n<\/div>\n<div class=\"specifications\">\n<div class=\"specs\">\n<h3 class=\"specificationsPDP\">Caract\u00e9ristiques<\/h3>\n<ul>\n<li>Action&nbsp;: Double action&nbsp;\u2013&nbsp;Tir automatique\/r\u00e9traction automatique<\/li>\n<li>Longueur de la lame : 1,9&Prime;<\/li>\n<li>Style de lame&nbsp;:&nbsp;pointe de chute<\/li>\n<li>Ch\u00e2ssis&nbsp;: alliage 6061-T6 AL Mil-Spec \u00e0 rev\u00eatement dur anodis\u00e9<\/li>\n<li>\u00c9paisseur du manche : 0,31&Prime;<\/li>\n<li>Longueur ferm\u00e9e : 3,35&Prime;<\/li>\n<li>Longueur totale : 5,25&Prime;<\/li>\n<li>Clip de poche&nbsp;: acier inoxydable 301 enti\u00e8rement dur<\/li>\n<li>Dessus standard&nbsp;: alliage AL 6061-T6<\/li>\n<li>G\u00e2chette&nbsp;: acier inoxydable 303<\/li>\n<li>Poids : 1,1 once.<\/li>\n<li><strong>Attention, l&rsquo;acier de la lame ne peut pas \u00eatre pr\u00e9cis\u00e9 car il peut changer selon la disponibilit\u00e9 (informations Microtech)<\/strong><\/li>\n<li>Fabriqu\u00e9 aux Etats-Unis<\/li>\n<\/ul>\n<\/div>\n<\/div>\n","protected":false},"excerpt":{"rendered":"<p>Au fil des ann\u00e9es , Microtech\u00ae Knives a rempli les couteaux avec passion et comp\u00e9tence pour cr\u00e9er presque des \u0153uvres d&rsquo;art qui sont le summum de la fonctionnalit\u00e9. Toutes les pi\u00e8ces sont fabriqu\u00e9es aux \u00c9tats-Unis.<br \/>\n<strong>Tous les couteaux Microtech sont garantis \u00e0 vie.<\/strong><\/p>\n","protected":false},"featured_media":343290,"comment_status":"open","ping_status":"closed","template":"","meta":[],"pwb-brand":[3751],"product_brand":[],"product_cat":[3699,3696],"product_tag":[3754],"class_list":{"0":"post-343289","1":"product","2":"type-product","3":"status-publish","4":"has-post-thumbnail","6":"pwb-brand-microtechnologie","7":"product_cat-couteaux-de-tir","8":"product_cat-des-couteaux","9":"product_tag-b2b-fr","11":"first","12":"outofstock","13":"taxable","14":"shipping-taxable","15":"purchasable","16":"product-type-simple"},"brands":[{"id":3751,"name":"Microtechnologie","slug":"microtechnologie"}],"_links":{"self":[{"href":"https:\/\/www.moskito.cz\/fr\/wp-json\/wp\/v2\/product\/343289","targetHints":{"allow":["GET"]}}],"collection":[{"href":"https:\/\/www.moskito.cz\/fr\/wp-json\/wp\/v2\/product"}],"about":[{"href":"https:\/\/www.moskito.cz\/fr\/wp-json\/wp\/v2\/types\/product"}],"replies":[{"embeddable":true,"href":"https:\/\/www.moskito.cz\/fr\/wp-json\/wp\/v2\/comments?post=343289"}],"wp:featuredmedia":[{"embeddable":true,"href":"https:\/\/www.moskito.cz\/fr\/wp-json\/wp\/v2\/media\/343290"}],"wp:attachment":[{"href":"https:\/\/www.moskito.cz\/fr\/wp-json\/wp\/v2\/media?parent=343289"}],"wp:term":[{"taxonomy":"pwb-brand","embeddable":true,"href":"https:\/\/www.moskito.cz\/fr\/wp-json\/wp\/v2\/pwb-brand?post=343289"},{"taxonomy":"product_brand","embeddable":true,"href":"https:\/\/www.moskito.cz\/fr\/wp-json\/wp\/v2\/product_brand?post=343289"},{"taxonomy":"product_cat","embeddable":true,"href":"https:\/\/www.moskito.cz\/fr\/wp-json\/wp\/v2\/product_cat?post=343289"},{"taxonomy":"product_tag","embeddable":true,"href":"https:\/\/www.moskito.cz\/fr\/wp-json\/wp\/v2\/product_tag?post=343289"}],"curies":[{"name":"wp","href":"https:\/\/api.w.org\/{rel}","templated":true}]}}