{"id":343319,"date":"2022-10-09T20:50:21","date_gmt":"2024-05-31T11:32:03","guid":{"rendered":"https:\/\/www.moskito.cz\/produkt\/couteau-de-tir-microtech-utx-70-stonewashed-drop-point-plain-blade-148-10-vi\/"},"modified":"2025-05-07T11:16:31","modified_gmt":"2025-05-07T10:16:31","slug":"couteau-de-tir-microtech-utx-70-stonewashed-drop-point-plain-blade-148-10-vi","status":"publish","type":"product","link":"https:\/\/www.moskito.cz\/fr\/produkt\/couteau-de-tir-microtech-utx-70-stonewashed-drop-point-plain-blade-148-10-vi\/","title":{"rendered":"Couteau de tir Microtech UTX-70 Stonewashed Drop Point Plain Blade 148-10 VI"},"content":{"rendered":"<p>Couteau de tir <strong>Microtech<\/strong> UTX-70 Stonewashed Drop Point Plain Blade 148-10 VI<\/p>\n<p>L&rsquo;UTX-70 est la combinaison parfaite entre taille compacte et performances exceptionnelles. D&rsquo;une taille bien inf\u00e9rieure \u00e0 celle de l&rsquo;Ultratech, l&rsquo;UTX-70 est fabriqu\u00e9 \u00e0 partir des m\u00eames mat\u00e9riaux, sur les m\u00eames machines et avec la m\u00eame ing\u00e9niosit\u00e9 que son pr\u00e9d\u00e9cesseur. L&rsquo;UTX-70 est le couteau parfait pour toutes les situations, quelle que soit votre t\u00e2che de coupe, il s&rsquo;int\u00e9grera parfaitement \u00e0 votre style de vie. Gr\u00e2ce \u00e0 l&rsquo;ouverture et \u00e0 la fermeture rapides d&rsquo;une seule main, il accomplit le travail en quelques secondes. \u00c9quip\u00e9 d&rsquo;un clip de poche double face et d&rsquo;une taille compacte, c&rsquo;est un choix parfait pour un usage et un transport quotidiens.<\/p>\n<p>Longueur totale : 13,12 cm<br \/>\nLongueur de la lame : 4,75 cm<br \/>\n\u00c9paisseur de la lame : 0,2 cm<br \/>\nMat\u00e9riau de la lame : Bohler M390<br \/>\nDuret\u00e9 : 59-60\u00b0RC<br \/>\nStyle de lame&nbsp;:&nbsp;pointe de chute<br \/>\nInsertions&nbsp;: plates<br \/>\nType de bordure&nbsp;:&nbsp;Unie<br \/>\nLongueur du manche : 8,05 cm<br \/>\n\u00c9paisseur du manche : 0,8 cm<br \/>\nMat\u00e9riau du manche : aluminium<br \/>\nPoids : 1,24 onces.<br \/>\nUtilisateur&nbsp;:&nbsp;Main droite<br \/>\nClip de poche&nbsp;: rabattable<br \/>\nType de couteau&nbsp;: OTF automatique \u00e0 double action<br \/>\nOuvreur&nbsp;:&nbsp;glissi\u00e8re du pouce<br \/>\nMarque : Microtech<br \/>\nMod\u00e8le&nbsp;: UTX-70<br \/>\nPays d&rsquo;origine : \u00c9tats-Unis<br \/>\nMeilleure utilisation&nbsp;: transport quotidien, tactique<\/p>\n<p><iframe title=\"Microtech Combat Troodon Torture Test\" width=\"800\" height=\"450\" src=\"https:\/\/www.youtube.com\/embed\/xE9TeOFYEjg?feature=oembed\" frameborder=\"0\" allow=\"accelerometer; autoplay; clipboard-write; encrypted-media; gyroscope; picture-in-picture; web-share\" referrerpolicy=\"strict-origin-when-cross-origin\" allowfullscreen><\/iframe><\/p>\n<p>&nbsp;<\/p>\n","protected":false},"excerpt":{"rendered":"<p>Au fil des ann\u00e9es, Microtech\u00ae Knives a rempli les couteaux avec passion et comp\u00e9tence pour cr\u00e9er presque des \u0153uvres d&rsquo;art qui sont le summum de la fonctionnalit\u00e9. Toutes les pi\u00e8ces sont fabriqu\u00e9es aux \u00c9tats-Unis.<br \/>\n<strong>Tous les couteaux Microtech sont garantis \u00e0 vie.<\/strong><\/p>\n<p><strong>Transports gratuits.<\/strong><\/p>\n","protected":false},"featured_media":343320,"comment_status":"open","ping_status":"closed","template":"","meta":[],"pwb-brand":[3751],"product_brand":[],"product_cat":[3699],"product_tag":[3754],"class_list":{"0":"post-343319","1":"product","2":"type-product","3":"status-publish","4":"has-post-thumbnail","6":"pwb-brand-microtechnologie","7":"product_cat-couteaux-de-tir","8":"product_tag-b2b-fr","10":"first","11":"instock","12":"taxable","13":"shipping-taxable","14":"purchasable","15":"product-type-simple"},"brands":[{"id":3751,"name":"Microtechnologie","slug":"microtechnologie"}],"_links":{"self":[{"href":"https:\/\/www.moskito.cz\/fr\/wp-json\/wp\/v2\/product\/343319","targetHints":{"allow":["GET"]}}],"collection":[{"href":"https:\/\/www.moskito.cz\/fr\/wp-json\/wp\/v2\/product"}],"about":[{"href":"https:\/\/www.moskito.cz\/fr\/wp-json\/wp\/v2\/types\/product"}],"replies":[{"embeddable":true,"href":"https:\/\/www.moskito.cz\/fr\/wp-json\/wp\/v2\/comments?post=343319"}],"wp:featuredmedia":[{"embeddable":true,"href":"https:\/\/www.moskito.cz\/fr\/wp-json\/wp\/v2\/media\/343320"}],"wp:attachment":[{"href":"https:\/\/www.moskito.cz\/fr\/wp-json\/wp\/v2\/media?parent=343319"}],"wp:term":[{"taxonomy":"pwb-brand","embeddable":true,"href":"https:\/\/www.moskito.cz\/fr\/wp-json\/wp\/v2\/pwb-brand?post=343319"},{"taxonomy":"product_brand","embeddable":true,"href":"https:\/\/www.moskito.cz\/fr\/wp-json\/wp\/v2\/product_brand?post=343319"},{"taxonomy":"product_cat","embeddable":true,"href":"https:\/\/www.moskito.cz\/fr\/wp-json\/wp\/v2\/product_cat?post=343319"},{"taxonomy":"product_tag","embeddable":true,"href":"https:\/\/www.moskito.cz\/fr\/wp-json\/wp\/v2\/product_tag?post=343319"}],"curies":[{"name":"wp","href":"https:\/\/api.w.org\/{rel}","templated":true}]}}