{"id":343377,"date":"2022-04-10T19:48:18","date_gmt":"2024-06-03T07:47:42","guid":{"rendered":"https:\/\/www.moskito.cz\/produkt\/couteau-solide-boker-magnum-lil-friend-micro-02sc743\/"},"modified":"2025-05-07T11:16:32","modified_gmt":"2025-05-07T10:16:32","slug":"couteau-solide-boker-magnum-lil-friend-micro-02sc743","status":"publish","type":"product","link":"https:\/\/www.moskito.cz\/fr\/produkt\/couteau-solide-boker-magnum-lil-friend-micro-02sc743\/","title":{"rendered":"Couteau solide B\u00f6ker Magnum Li&rsquo;l Friend Micro 02SC743"},"content":{"rendered":"<p>Couteau solide B\u00f6ker Magnum Li&rsquo;l Friend Micro 02SC743.<\/p>\n<p>Magnum Li&rsquo;l Friend est un couteau de cou l\u00e9ger, tranchant et extr\u00eamement polyvalent. La lame tranchante de 440 A ouvre facilement les colis, coupe le ruban d&#8217;emballage et coupe le ruban de tissu. Cependant, la polyvalence du couteau ne se r\u00e9f\u00e8re pas seulement \u00e0 la fonction, mais aussi aux options de transport. Li&rsquo;l Friend peut \u00eatre port\u00e9 dans votre poche, autour de votre cou avec une cha\u00eene \u00e0 billes, attach\u00e9 \u00e0 votre \u00e9quipement ou m\u00eame \u00e0 votre ceinture. Un petit couteau presque minuscule qu&rsquo;il ne faut pas sous-estimer. La lame drop-point se combine harmonieusement avec le manche G10 de couleur sable. Avec gaine Kydex, cha\u00eene \u00e0 billes et trou pour lani\u00e8re.<\/p>\n<p>Type d&rsquo;article : couteau fixe<br \/>\nLongueur totale : 8,50 cm<br \/>\nLongueur de la lame : 3,50 cm<br \/>\n\u00c9paisseur de la lame : 2,70 mm<br \/>\nPoids : 38,00 g<br \/>\nMat\u00e9riau de la lame : 440A<br \/>\nMat\u00e9riau du manche : G10<br \/>\nBoucle&nbsp;: fixe<br \/>\nCouleur marron<br \/>\nCouleur de la lame : Gris<br \/>\nMat\u00e9riau de la gaine : Kydex<br \/>\nNum\u00e9ro d&rsquo;article : 02SC743<\/p>\n<p>Le Magnum Li&rsquo;l Friend est un couteau de cou l\u00e9ger, tranchant et extr\u00eamement polyvalent. La lame tranchante de 440 A ouvre les emballages, coupe le ruban d&#8217;emballage et coupe facilement le ruban en tissu. . La polyvalence du couteau ne se r\u00e9f\u00e8re pas seulement \u00e0 sa fonction, mais aussi aux multiples options de transport. Le Li&rsquo;l Friend peut \u00eatre port\u00e9 dans votre poche, autour du cou gr\u00e2ce \u00e0 la cha\u00eene boule, attach\u00e9 \u00e0 l&rsquo;\u00e9quipement ou encore \u00e0 votre ceinture. Un petit couteau, presque minuscule, qu&rsquo;il ne faut pas sous-estimer. Il combine harmonieusement une lame drop point avec un manche G10 couleur sable.<\/p>\n<p>Taper:<br \/>\nLame fixe<br \/>\nLongueur totale:<br \/>\n8,50cm<br \/>\nLongueur de la lame&nbsp;:<br \/>\n3,50cm<br \/>\n\u00c9paisseur de la lame&nbsp;:<br \/>\n2,70 mm<br \/>\nPoids:<br \/>\n38,00g<br \/>\nMat\u00e9riau de la lame&nbsp;:<br \/>\n440A<br \/>\nMat\u00e9riau du manche&nbsp;:<br \/>\nG10<br \/>\nType de verrouillage:<br \/>\nFix\u00e9<br \/>\nFabriqu\u00e9 en:<br \/>\nAsie<br \/>\nCouleur:<br \/>\nBrun<br \/>\nCouleur de la lame&nbsp;:<br \/>\nGris<br \/>\nMat\u00e9riau de la gaine&nbsp;:<br \/>\nKydex<br \/>\nNum\u00e9ro d&rsquo;article:<br \/>\n02SC743<\/p>\n<p>&nbsp;<\/p>\n","protected":false},"excerpt":{"rendered":"<p>Au fil du temps, la fabrique de couteaux <strong>B\u00f6ker<\/strong> est devenue un leader mondial de l&rsquo;innovation et le plus grand fabricant de couteaux de sport, de couteaux tactiques et de couteaux de collection en Europe.<\/p>\n","protected":false},"featured_media":343379,"comment_status":"open","ping_status":"closed","template":"","meta":[],"pwb-brand":[3799],"product_brand":[],"product_cat":[3697,3696],"product_tag":[3754],"class_list":{"0":"post-343377","1":"product","2":"type-product","3":"status-publish","4":"has-post-thumbnail","6":"pwb-brand-boker-fr","7":"product_cat-couteaux-solides","8":"product_cat-des-couteaux","9":"product_tag-b2b-fr","11":"first","12":"outofstock","13":"taxable","14":"shipping-taxable","15":"purchasable","16":"product-type-simple"},"brands":[{"id":3799,"name":"Boker","slug":"boker-fr"}],"_links":{"self":[{"href":"https:\/\/www.moskito.cz\/fr\/wp-json\/wp\/v2\/product\/343377","targetHints":{"allow":["GET"]}}],"collection":[{"href":"https:\/\/www.moskito.cz\/fr\/wp-json\/wp\/v2\/product"}],"about":[{"href":"https:\/\/www.moskito.cz\/fr\/wp-json\/wp\/v2\/types\/product"}],"replies":[{"embeddable":true,"href":"https:\/\/www.moskito.cz\/fr\/wp-json\/wp\/v2\/comments?post=343377"}],"wp:featuredmedia":[{"embeddable":true,"href":"https:\/\/www.moskito.cz\/fr\/wp-json\/wp\/v2\/media\/343379"}],"wp:attachment":[{"href":"https:\/\/www.moskito.cz\/fr\/wp-json\/wp\/v2\/media?parent=343377"}],"wp:term":[{"taxonomy":"pwb-brand","embeddable":true,"href":"https:\/\/www.moskito.cz\/fr\/wp-json\/wp\/v2\/pwb-brand?post=343377"},{"taxonomy":"product_brand","embeddable":true,"href":"https:\/\/www.moskito.cz\/fr\/wp-json\/wp\/v2\/product_brand?post=343377"},{"taxonomy":"product_cat","embeddable":true,"href":"https:\/\/www.moskito.cz\/fr\/wp-json\/wp\/v2\/product_cat?post=343377"},{"taxonomy":"product_tag","embeddable":true,"href":"https:\/\/www.moskito.cz\/fr\/wp-json\/wp\/v2\/product_tag?post=343377"}],"curies":[{"name":"wp","href":"https:\/\/api.w.org\/{rel}","templated":true}]}}